{"id":343,"date":"2026-04-08T12:24:46","date_gmt":"2026-04-08T12:24:46","guid":{"rendered":"https:\/\/campingmall.azdigi.shop\/?post_type=product&#038;p=343"},"modified":"2026-04-18T03:16:26","modified_gmt":"2026-04-18T03:16:26","slug":"kyt-tt-course-dalla-porta-rep","status":"publish","type":"product","link":"https:\/\/campingmall.azdigi.shop\/?product=kyt-tt-course-dalla-porta-rep","title":{"rendered":"N\u00f3n b\u1ea3o hi\u1ec3m fullface KYT TT-COURSE DALLA PORTA REP"},"content":{"rendered":"<h2 data-section-id=\"ovyhub\" data-start=\"110\" data-end=\"199\"><span style=\"font-size: 115%;\">N\u00f3n b\u1ea3o hi\u1ec3m fullface KYT TT-Course Dalla Porta Rep \u2013 Phong c\u00e1ch racing, b\u1ea3o v\u1ec7 t\u1ed1i \u0111a<\/span><\/h2>\n<p data-start=\"201\" data-end=\"453\"><span style=\"font-size: 115%;\">N\u1ebfu b\u1ea1n \u0111ang t\u00ecm m\u1ed9t chi\u1ebfc n\u00f3n b\u1ea3o hi\u1ec3m v\u1eeba an to\u00e0n v\u1eeba n\u1ed5i b\u1eadt khi \u0111i ph\u01b0\u1ee3t hay k\u1ebft h\u1ee3p camping, <strong data-start=\"299\" data-end=\"332\">KYT TT-Course Dalla Porta Rep<\/strong> l\u00e0 l\u1ef1a ch\u1ecdn \u0111\u00e1ng c\u00e2n nh\u1eafc. S\u1ea3n ph\u1ea9m mang phong c\u00e1ch racing m\u1ea1nh m\u1ebd, ph\u00f9 h\u1ee3p cho nh\u1eefng ai y\u00eau th\u00edch t\u1ed1c \u0111\u1ed9 v\u00e0 s\u1ef1 c\u00e1 t\u00ednh.<\/span><\/p>\n<h2 data-section-id=\"1mz2e98\" data-start=\"460\" data-end=\"498\"><span style=\"font-size: 115%;\">Thi\u1ebft k\u1ebf n\u1ed5i b\u1eadt, \u0111\u1eadm ch\u1ea5t th\u1ec3 thao<\/span><\/h2>\n<p data-start=\"500\" data-end=\"571\"><span style=\"font-size: 115%;\">KYT TT-Course Dalla Porta Rep g\u00e2y \u1ea5n t\u01b0\u1ee3ng v\u1edbi thi\u1ebft k\u1ebf \u0111\u1ed3 h\u1ecda n\u1ed5i b\u1eadt:<\/span><\/p>\n<ul data-start=\"573\" data-end=\"663\">\n<li data-section-id=\"xz1s7m\" data-start=\"573\" data-end=\"602\"><span style=\"font-size: 115%;\">Phong c\u00e1ch racing c\u00e1 t\u00ednh<\/span><\/li>\n<li data-section-id=\"13lid8i\" data-start=\"603\" data-end=\"634\"><span style=\"font-size: 115%;\">M\u00e0u s\u1eafc v\u00e0 h\u1ecda ti\u1ebft n\u1ed5i b\u1eadt<\/span><\/li>\n<li data-section-id=\"lxli34\" data-start=\"635\" data-end=\"663\"><span style=\"font-size: 115%;\">Form fullface \u00f4m s\u00e1t \u0111\u1ea7u<\/span><\/li>\n<\/ul>\n<p data-start=\"665\" data-end=\"719\"><span style=\"font-size: 115%;\">\ud83d\udc49 Ph\u00f9 h\u1ee3p cho ng\u01b0\u1eddi th\u00edch s\u1ef1 kh\u00e1c bi\u1ec7t khi di chuy\u1ec3n.<\/span><\/p>\n<h2 data-section-id=\"lcv73e\" data-start=\"726\" data-end=\"765\"><span style=\"font-size: 115%;\">B\u1ea3o v\u1ec7 to\u00e0n di\u1ec7n tr\u00ean m\u1ecdi cung \u0111\u01b0\u1eddng<\/span><\/h2>\n<p data-start=\"767\" data-end=\"833\"><span style=\"font-size: 115%;\">N\u00f3n fullface gi\u00fap b\u1ea3o v\u1ec7 t\u1ed1t h\u01a1n so v\u1edbi c\u00e1c lo\u1ea1i n\u00f3n th\u00f4ng th\u01b0\u1eddng:<\/span><\/p>\n<ul data-start=\"835\" data-end=\"931\">\n<li data-section-id=\"9o6mqw\" data-start=\"835\" data-end=\"866\"><span style=\"font-size: 115%;\">Che ch\u1eafn to\u00e0n b\u1ed9 \u0111\u1ea7u v\u00e0 c\u1eb1m<\/span><\/li>\n<li data-section-id=\"3b6cqj\" data-start=\"867\" data-end=\"900\"><span style=\"font-size: 115%;\">Gi\u1ea3m l\u1ef1c t\u00e1c \u0111\u1ed9ng khi va ch\u1ea1m<\/span><\/li>\n<li data-section-id=\"czxqxb\" data-start=\"901\" data-end=\"931\"><span style=\"font-size: 115%;\">H\u1ea1n ch\u1ebf b\u1ee5i, gi\u00f3 khi \u0111i xa<\/span><\/li>\n<\/ul>\n<p data-start=\"933\" data-end=\"989\"><span style=\"font-size: 115%;\">\ud83d\udc49 R\u1ea5t c\u1ea7n thi\u1ebft khi \u0111i ph\u01b0\u1ee3t \u0111\u01b0\u1eddng d\u00e0i ho\u1eb7c t\u1ed1c \u0111\u1ed9 cao.<\/span><\/p>\n<h2 data-section-id=\"19up7ft\" data-start=\"996\" data-end=\"1020\"><span style=\"font-size: 115%;\">Tho\u1ea3i m\u00e1i khi \u0111\u1ed9i l\u00e2u<\/span><\/h2>\n<ul data-start=\"1022\" data-end=\"1121\">\n<li data-section-id=\"p4yyz\" data-start=\"1022\" data-end=\"1053\"><span style=\"font-size: 115%;\">H\u1ec7 th\u1ed1ng th\u00f4ng gi\u00f3 hi\u1ec7u qu\u1ea3<\/span><\/li>\n<li data-section-id=\"t7b59w\" data-start=\"1054\" data-end=\"1085\"><span style=\"font-size: 115%;\">L\u1edbp l\u00f3t \u00eam, c\u00f3 th\u1ec3 th\u00e1o r\u1eddi<\/span><\/li>\n<li data-section-id=\"yelb5u\" data-start=\"1086\" data-end=\"1121\"><span style=\"font-size: 115%;\">Gi\u1ea3m b\u00ed v\u00e0 n\u00f3ng khi s\u1eed d\u1ee5ng l\u00e2u<\/span><\/li>\n<\/ul>\n<p data-start=\"1123\" data-end=\"1169\"><span style=\"font-size: 115%;\">\ud83d\udc49 Gi\u00fap b\u1ea1n d\u1ec5 ch\u1ecbu h\u01a1n trong su\u1ed1t h\u00e0nh tr\u00ecnh.<\/span><\/p>\n<h2 data-section-id=\"18uovhg\" data-start=\"1176\" data-end=\"1207\"><span style=\"font-size: 115%;\">L\u00fd t\u01b0\u1edfng cho ph\u01b0\u1ee3t &amp; camping<\/span><\/h2>\n<p data-start=\"1209\" data-end=\"1277\"><span style=\"font-size: 115%;\">Khi \u0111i camping b\u1eb1ng xe m\u00e1y, b\u1ea1n s\u1ebd c\u1ea7n di chuy\u1ec3n qua nhi\u1ec1u \u0111\u1ecba h\u00ecnh:<\/span><\/p>\n<ul data-start=\"1279\" data-end=\"1326\">\n<li data-section-id=\"1cyupjl\" data-start=\"1279\" data-end=\"1292\"><span style=\"font-size: 115%;\">\u0110\u01b0\u1eddng d\u00e0i<\/span><\/li>\n<li data-section-id=\"nqo7qa\" data-start=\"1293\" data-end=\"1304\"><span style=\"font-size: 115%;\">\u0110\u00e8o n\u00fai<\/span><\/li>\n<li data-section-id=\"1t2obz\" data-start=\"1305\" data-end=\"1326\"><span style=\"font-size: 115%;\">Khu v\u1ef1c nhi\u1ec1u b\u1ee5i<\/span><\/li>\n<\/ul>\n<p data-start=\"1328\" data-end=\"1415\"><span style=\"font-size: 115%;\">\ud83d\udc49 M\u1ed9t chi\u1ebfc n\u00f3n fullface nh\u01b0 KYT TT-Course s\u1ebd gi\u00fap b\u1ea1n an t\u00e2m h\u01a1n tr\u00ean m\u1ecdi h\u00e0nh tr\u00ecnh.<\/span><\/p>\n<h2 data-section-id=\"1etp289\" data-start=\"1422\" data-end=\"1455\"><span style=\"font-size: 115%;\">V\u00ec sao n\u00ean ch\u1ecdn KYT TT-Course?<\/span><\/h2>\n<ul data-start=\"1457\" data-end=\"1560\">\n<li data-section-id=\"dhb9nj\" data-start=\"1457\" data-end=\"1482\"><span style=\"font-size: 115%;\">Thi\u1ebft k\u1ebf \u0111\u1eb9p, n\u1ed5i b\u1eadt<\/span><\/li>\n<li data-section-id=\"157k5sm\" data-start=\"1483\" data-end=\"1501\"><span style=\"font-size: 115%;\">\u0110\u1ed9 an to\u00e0n cao<\/span><\/li>\n<li data-section-id=\"usaj9e\" data-start=\"1502\" data-end=\"1534\"><span style=\"font-size: 115%;\">Ph\u00f9 h\u1ee3p cho ph\u01b0\u1ee3t v\u00e0 du l\u1ecbch<\/span><\/li>\n<li data-section-id=\"1ea31g0\" data-start=\"1535\" data-end=\"1560\"><span style=\"font-size: 115%;\">D\u1ec5 ph\u1ed1i v\u1edbi \u0111\u1ed3 b\u1ea3o h\u1ed9<\/span><\/li>\n<\/ul>\n<h2 data-section-id=\"11x5u5b\" data-start=\"1567\" data-end=\"1578\"><span style=\"font-size: 115%;\">K\u1ebft lu\u1eadn<\/span><\/h2>\n<p data-start=\"1580\" data-end=\"1791\"><span style=\"font-size: 115%;\"><strong data-start=\"1580\" data-end=\"1613\">KYT TT-Course Dalla Porta Rep<\/strong> kh\u00f4ng ch\u1ec9 l\u00e0 m\u1ed9t chi\u1ebfc n\u00f3n b\u1ea3o hi\u1ec3m m\u00e0 c\u00f2n l\u00e0 \u0111i\u1ec3m nh\u1ea5n phong c\u00e1ch cho nh\u1eefng chuy\u1ebfn \u0111i. N\u1ebfu b\u1ea1n \u0111ang chu\u1ea9n b\u1ecb cho h\u00e0nh tr\u00ecnh ph\u01b0\u1ee3t ho\u1eb7c camping, \u0111\u00e2y l\u00e0 s\u1ea3n ph\u1ea9m r\u1ea5t \u0111\u00e1ng \u0111\u1ea7u t\u01b0.<\/span><\/p>\n<p data-start=\"1793\" data-end=\"1889\"><span style=\"font-size: 115%;\">\ud83d\udc49 Kh\u00e1m ph\u00e1 th\u00eam c\u00e1c s\u1ea3n ph\u1ea9m camping t\u1ea1i Camping Mall \u0111\u1ec3 chu\u1ea9n b\u1ecb \u0111\u1ea7y \u0111\u1ee7 cho chuy\u1ebfn \u0111i c\u1ee7a b\u1ea1n.<\/span><\/p>\n","protected":false},"excerpt":{"rendered":"<p>N\u00f3n b\u1ea3o hi\u1ec3m fullface KYT TT-Course Dalla Porta Rep \u2013 Phong c\u00e1ch racing, b\u1ea3o v\u1ec7 t\u1ed1i \u0111a N\u1ebfu b\u1ea1n \u0111ang t\u00ecm m\u1ed9t chi\u1ebfc n\u00f3n b\u1ea3o hi\u1ec3m v\u1eeba an to\u00e0n v\u1eeba n\u1ed5i b\u1eadt khi \u0111i ph\u01b0\u1ee3t hay k\u1ebft h\u1ee3p camping, KYT TT-Course Dalla Porta Rep l\u00e0 l\u1ef1a ch\u1ecdn \u0111\u00e1ng c\u00e2n nh\u1eafc. S\u1ea3n ph\u1ea9m mang phong c\u00e1ch [&#8230;]\n","protected":false},"featured_media":344,"comment_status":"open","ping_status":"closed","template":"","meta":[],"product_brand":[35],"product_cat":[23],"product_tag":[],"class_list":{"0":"post-343","1":"product","2":"type-product","3":"status-publish","4":"has-post-thumbnail","6":"product_brand-kyt","7":"product_cat-non-bao-hiem-2","9":"first","10":"instock","11":"shipping-taxable","12":"purchasable","13":"product-type-variable"},"yoast_head":"<!-- This site is optimized with the Yoast SEO plugin v27.2 - https:\/\/yoast.com\/product\/yoast-seo-wordpress\/ -->\n<title>N\u00f3n b\u1ea3o hi\u1ec3m fullface KYT TT-COURSE DALLA PORTA REP - CAMPING MALL<\/title>\n<meta name=\"description\" content=\"N\u00f3n b\u1ea3o hi\u1ec3m KYT TT-Course Dalla Porta Rep fullface thi\u1ebft k\u1ebf racing, an to\u00e0n, ph\u00f9 h\u1ee3p \u0111i ph\u01b0\u1ee3t, du l\u1ecbch v\u00e0 camping.\" \/>\n<meta name=\"robots\" content=\"noindex, follow, max-snippet:-1, max-image-preview:large, max-video-preview:-1\" \/>\n<meta property=\"og:locale\" content=\"vi_VN\" \/>\n<meta property=\"og:type\" content=\"article\" \/>\n<meta property=\"og:title\" content=\"N\u00f3n b\u1ea3o hi\u1ec3m fullface KYT TT-COURSE DALLA PORTA REP - CAMPING MALL\" \/>\n<meta property=\"og:description\" content=\"N\u00f3n b\u1ea3o hi\u1ec3m KYT TT-Course Dalla Porta Rep fullface thi\u1ebft k\u1ebf racing, an to\u00e0n, ph\u00f9 h\u1ee3p \u0111i ph\u01b0\u1ee3t, du l\u1ecbch v\u00e0 camping.\" \/>\n<meta property=\"og:url\" content=\"https:\/\/campingmall.azdigi.shop\/?product=kyt-tt-course-dalla-porta-rep\" \/>\n<meta property=\"og:site_name\" content=\"CAMPING MALL\" \/>\n<meta property=\"article:modified_time\" content=\"2026-04-18T03:16:26+00:00\" \/>\n<meta property=\"og:image\" content=\"https:\/\/campingmall.azdigi.shop\/wp-content\/uploads\/2026\/04\/images.jpg\" \/>\n\t<meta property=\"og:image:width\" content=\"225\" \/>\n\t<meta property=\"og:image:height\" content=\"225\" \/>\n\t<meta property=\"og:image:type\" content=\"image\/jpeg\" \/>\n<meta name=\"twitter:card\" content=\"summary_large_image\" \/>\n<meta name=\"twitter:label1\" content=\"\u01af\u1edbc t\u00ednh th\u1eddi gian \u0111\u1ecdc\" \/>\n\t<meta name=\"twitter:data1\" content=\"3 ph\u00fat\" \/>\n<script type=\"application\/ld+json\" class=\"yoast-schema-graph\">{\"@context\":\"https:\/\/schema.org\",\"@graph\":[{\"@type\":\"WebPage\",\"@id\":\"https:\/\/campingmall.azdigi.shop\/?product=kyt-tt-course-dalla-porta-rep\",\"url\":\"https:\/\/campingmall.azdigi.shop\/?product=kyt-tt-course-dalla-porta-rep\",\"name\":\"N\u00f3n b\u1ea3o hi\u1ec3m fullface KYT TT-COURSE DALLA PORTA REP - CAMPING MALL\",\"isPartOf\":{\"@id\":\"https:\/\/campingmall.azdigi.shop\/#website\"},\"primaryImageOfPage\":{\"@id\":\"https:\/\/campingmall.azdigi.shop\/?product=kyt-tt-course-dalla-porta-rep#primaryimage\"},\"image\":{\"@id\":\"https:\/\/campingmall.azdigi.shop\/?product=kyt-tt-course-dalla-porta-rep#primaryimage\"},\"thumbnailUrl\":\"https:\/\/campingmall.azdigi.shop\/wp-content\/uploads\/2026\/04\/images.jpg\",\"datePublished\":\"2026-04-08T12:24:46+00:00\",\"dateModified\":\"2026-04-18T03:16:26+00:00\",\"description\":\"N\u00f3n b\u1ea3o hi\u1ec3m KYT TT-Course Dalla Porta Rep fullface thi\u1ebft k\u1ebf racing, an to\u00e0n, ph\u00f9 h\u1ee3p \u0111i ph\u01b0\u1ee3t, du l\u1ecbch v\u00e0 camping.\",\"breadcrumb\":{\"@id\":\"https:\/\/campingmall.azdigi.shop\/?product=kyt-tt-course-dalla-porta-rep#breadcrumb\"},\"inLanguage\":\"vi\",\"potentialAction\":[{\"@type\":\"ReadAction\",\"target\":[\"https:\/\/campingmall.azdigi.shop\/?product=kyt-tt-course-dalla-porta-rep\"]}]},{\"@type\":\"ImageObject\",\"inLanguage\":\"vi\",\"@id\":\"https:\/\/campingmall.azdigi.shop\/?product=kyt-tt-course-dalla-porta-rep#primaryimage\",\"url\":\"https:\/\/campingmall.azdigi.shop\/wp-content\/uploads\/2026\/04\/images.jpg\",\"contentUrl\":\"https:\/\/campingmall.azdigi.shop\/wp-content\/uploads\/2026\/04\/images.jpg\",\"width\":225,\"height\":225},{\"@type\":\"BreadcrumbList\",\"@id\":\"https:\/\/campingmall.azdigi.shop\/?product=kyt-tt-course-dalla-porta-rep#breadcrumb\",\"itemListElement\":[{\"@type\":\"ListItem\",\"position\":1,\"name\":\"Trang ch\u1ee7\",\"item\":\"https:\/\/campingmall.azdigi.shop\/\"},{\"@type\":\"ListItem\",\"position\":2,\"name\":\"C\u1eeda h\u00e0ng\",\"item\":\"https:\/\/campingmall.azdigi.shop\/?page_id=123\"},{\"@type\":\"ListItem\",\"position\":3,\"name\":\"N\u00f3n b\u1ea3o hi\u1ec3m fullface KYT TT-COURSE DALLA PORTA REP\"}]},{\"@type\":\"WebSite\",\"@id\":\"https:\/\/campingmall.azdigi.shop\/#website\",\"url\":\"https:\/\/campingmall.azdigi.shop\/\",\"name\":\"CAMPING MALL\",\"description\":\"\",\"potentialAction\":[{\"@type\":\"SearchAction\",\"target\":{\"@type\":\"EntryPoint\",\"urlTemplate\":\"https:\/\/campingmall.azdigi.shop\/?s={search_term_string}\"},\"query-input\":{\"@type\":\"PropertyValueSpecification\",\"valueRequired\":true,\"valueName\":\"search_term_string\"}}],\"inLanguage\":\"vi\"}]}<\/script>\n<!-- \/ Yoast SEO plugin. -->","yoast_head_json":{"title":"N\u00f3n b\u1ea3o hi\u1ec3m fullface KYT TT-COURSE DALLA PORTA REP - CAMPING MALL","description":"N\u00f3n b\u1ea3o hi\u1ec3m KYT TT-Course Dalla Porta Rep fullface thi\u1ebft k\u1ebf racing, an to\u00e0n, ph\u00f9 h\u1ee3p \u0111i ph\u01b0\u1ee3t, du l\u1ecbch v\u00e0 camping.","robots":{"index":"noindex","follow":"follow","max-snippet":"max-snippet:-1","max-image-preview":"max-image-preview:large","max-video-preview":"max-video-preview:-1"},"og_locale":"vi_VN","og_type":"article","og_title":"N\u00f3n b\u1ea3o hi\u1ec3m fullface KYT TT-COURSE DALLA PORTA REP - CAMPING MALL","og_description":"N\u00f3n b\u1ea3o hi\u1ec3m KYT TT-Course Dalla Porta Rep fullface thi\u1ebft k\u1ebf racing, an to\u00e0n, ph\u00f9 h\u1ee3p \u0111i ph\u01b0\u1ee3t, du l\u1ecbch v\u00e0 camping.","og_url":"https:\/\/campingmall.azdigi.shop\/?product=kyt-tt-course-dalla-porta-rep","og_site_name":"CAMPING MALL","article_modified_time":"2026-04-18T03:16:26+00:00","og_image":[{"width":225,"height":225,"url":"https:\/\/campingmall.azdigi.shop\/wp-content\/uploads\/2026\/04\/images.jpg","type":"image\/jpeg"}],"twitter_card":"summary_large_image","twitter_misc":{"\u01af\u1edbc t\u00ednh th\u1eddi gian \u0111\u1ecdc":"3 ph\u00fat"},"schema":{"@context":"https:\/\/schema.org","@graph":[{"@type":"WebPage","@id":"https:\/\/campingmall.azdigi.shop\/?product=kyt-tt-course-dalla-porta-rep","url":"https:\/\/campingmall.azdigi.shop\/?product=kyt-tt-course-dalla-porta-rep","name":"N\u00f3n b\u1ea3o hi\u1ec3m fullface KYT TT-COURSE DALLA PORTA REP - CAMPING MALL","isPartOf":{"@id":"https:\/\/campingmall.azdigi.shop\/#website"},"primaryImageOfPage":{"@id":"https:\/\/campingmall.azdigi.shop\/?product=kyt-tt-course-dalla-porta-rep#primaryimage"},"image":{"@id":"https:\/\/campingmall.azdigi.shop\/?product=kyt-tt-course-dalla-porta-rep#primaryimage"},"thumbnailUrl":"https:\/\/campingmall.azdigi.shop\/wp-content\/uploads\/2026\/04\/images.jpg","datePublished":"2026-04-08T12:24:46+00:00","dateModified":"2026-04-18T03:16:26+00:00","description":"N\u00f3n b\u1ea3o hi\u1ec3m KYT TT-Course Dalla Porta Rep fullface thi\u1ebft k\u1ebf racing, an to\u00e0n, ph\u00f9 h\u1ee3p \u0111i ph\u01b0\u1ee3t, du l\u1ecbch v\u00e0 camping.","breadcrumb":{"@id":"https:\/\/campingmall.azdigi.shop\/?product=kyt-tt-course-dalla-porta-rep#breadcrumb"},"inLanguage":"vi","potentialAction":[{"@type":"ReadAction","target":["https:\/\/campingmall.azdigi.shop\/?product=kyt-tt-course-dalla-porta-rep"]}]},{"@type":"ImageObject","inLanguage":"vi","@id":"https:\/\/campingmall.azdigi.shop\/?product=kyt-tt-course-dalla-porta-rep#primaryimage","url":"https:\/\/campingmall.azdigi.shop\/wp-content\/uploads\/2026\/04\/images.jpg","contentUrl":"https:\/\/campingmall.azdigi.shop\/wp-content\/uploads\/2026\/04\/images.jpg","width":225,"height":225},{"@type":"BreadcrumbList","@id":"https:\/\/campingmall.azdigi.shop\/?product=kyt-tt-course-dalla-porta-rep#breadcrumb","itemListElement":[{"@type":"ListItem","position":1,"name":"Trang ch\u1ee7","item":"https:\/\/campingmall.azdigi.shop\/"},{"@type":"ListItem","position":2,"name":"C\u1eeda h\u00e0ng","item":"https:\/\/campingmall.azdigi.shop\/?page_id=123"},{"@type":"ListItem","position":3,"name":"N\u00f3n b\u1ea3o hi\u1ec3m fullface KYT TT-COURSE DALLA PORTA REP"}]},{"@type":"WebSite","@id":"https:\/\/campingmall.azdigi.shop\/#website","url":"https:\/\/campingmall.azdigi.shop\/","name":"CAMPING MALL","description":"","potentialAction":[{"@type":"SearchAction","target":{"@type":"EntryPoint","urlTemplate":"https:\/\/campingmall.azdigi.shop\/?s={search_term_string}"},"query-input":{"@type":"PropertyValueSpecification","valueRequired":true,"valueName":"search_term_string"}}],"inLanguage":"vi"}]}},"_links":{"self":[{"href":"https:\/\/campingmall.azdigi.shop\/index.php?rest_route=\/wp\/v2\/product\/343","targetHints":{"allow":["GET"]}}],"collection":[{"href":"https:\/\/campingmall.azdigi.shop\/index.php?rest_route=\/wp\/v2\/product"}],"about":[{"href":"https:\/\/campingmall.azdigi.shop\/index.php?rest_route=\/wp\/v2\/types\/product"}],"replies":[{"embeddable":true,"href":"https:\/\/campingmall.azdigi.shop\/index.php?rest_route=%2Fwp%2Fv2%2Fcomments&post=343"}],"wp:featuredmedia":[{"embeddable":true,"href":"https:\/\/campingmall.azdigi.shop\/index.php?rest_route=\/wp\/v2\/media\/344"}],"wp:attachment":[{"href":"https:\/\/campingmall.azdigi.shop\/index.php?rest_route=%2Fwp%2Fv2%2Fmedia&parent=343"}],"wp:term":[{"taxonomy":"product_brand","embeddable":true,"href":"https:\/\/campingmall.azdigi.shop\/index.php?rest_route=%2Fwp%2Fv2%2Fproduct_brand&post=343"},{"taxonomy":"product_cat","embeddable":true,"href":"https:\/\/campingmall.azdigi.shop\/index.php?rest_route=%2Fwp%2Fv2%2Fproduct_cat&post=343"},{"taxonomy":"product_tag","embeddable":true,"href":"https:\/\/campingmall.azdigi.shop\/index.php?rest_route=%2Fwp%2Fv2%2Fproduct_tag&post=343"}],"curies":[{"name":"wp","href":"https:\/\/api.w.org\/{rel}","templated":true}]}}