{"id":326,"date":"2026-04-08T12:02:34","date_gmt":"2026-04-08T12:02:34","guid":{"rendered":"https:\/\/campingmall.azdigi.shop\/?post_type=product&#038;p=326"},"modified":"2026-04-18T03:19:41","modified_gmt":"2026-04-18T03:19:41","slug":"royal-m136","status":"publish","type":"product","link":"https:\/\/campingmall.azdigi.shop\/?product=royal-m136","title":{"rendered":"N\u00f3n b\u1ea3o hi\u1ec3m Royal M136"},"content":{"rendered":"<h2 data-section-id=\"1mexetl\" data-start=\"129\" data-end=\"197\"><span style=\"font-size: 115%;\">N\u00f3n b\u1ea3o hi\u1ec3m Royal M136 \u2013 Fullface gi\u00e1 t\u1ed1t cho ng\u01b0\u1eddi m\u1edbi \u0111i ph\u01b0\u1ee3t<\/span><\/h2>\n<p data-start=\"199\" data-end=\"446\"><span style=\"font-size: 115%;\">N\u1ebfu b\u1ea1n \u0111ang t\u00ecm m\u1ed9t chi\u1ebfc n\u00f3n b\u1ea3o hi\u1ec3m fullface gi\u00e1 r\u1ebb nh\u01b0ng v\u1eabn \u0111\u1ea3m b\u1ea3o an to\u00e0n cho nh\u1eefng chuy\u1ebfn \u0111i ph\u01b0\u1ee3t ho\u1eb7c camping ng\u1eafn ng\u00e0y, <strong data-start=\"331\" data-end=\"345\">Royal M136<\/strong> l\u00e0 l\u1ef1a ch\u1ecdn r\u1ea5t \u0111\u00e1ng c\u00e2n nh\u1eafc. \u0110\u00e2y l\u00e0 m\u1eabu m\u0169 ph\u1ed5 th\u00f4ng, d\u1ec5 s\u1eed d\u1ee5ng v\u00e0 ph\u00f9 h\u1ee3p v\u1edbi ng\u01b0\u1eddi m\u1edbi b\u1eaft \u0111\u1ea7u.<\/span><\/p>\n<h2 data-section-id=\"1j4hioj\" data-start=\"453\" data-end=\"490\"><span style=\"font-size: 115%;\">Thi\u1ebft k\u1ebf fullface b\u1ea3o v\u1ec7 to\u00e0n di\u1ec7n<\/span><\/h2>\n<p data-start=\"492\" data-end=\"567\"><span style=\"font-size: 115%;\">Royal M136 thu\u1ed9c d\u00f2ng fullface v\u1edbi kh\u1ea3 n\u0103ng b\u1ea3o v\u1ec7 to\u00e0n b\u1ed9 ph\u1ea7n \u0111\u1ea7u v\u00e0 c\u1eb1m:<\/span><\/p>\n<ul data-start=\"569\" data-end=\"667\">\n<li data-section-id=\"kzszgw\" data-start=\"569\" data-end=\"605\"><span style=\"font-size: 115%;\">Che ch\u1eafn to\u00e0n di\u1ec7n khi di chuy\u1ec3n<\/span><\/li>\n<li data-section-id=\"16qanar\" data-start=\"606\" data-end=\"633\"><span style=\"font-size: 115%;\">Gi\u1ea3m r\u1ee7i ro khi va ch\u1ea1m<\/span><\/li>\n<li data-section-id=\"hi2vy5\" data-start=\"634\" data-end=\"667\"><span style=\"font-size: 115%;\">H\u1ea1n ch\u1ebf b\u1ee5i, gi\u00f3 v\u00e0 c\u00f4n tr\u00f9ng<\/span><\/li>\n<\/ul>\n<p data-start=\"669\" data-end=\"719\"><span style=\"font-size: 115%;\">\ud83d\udc49 Ph\u00f9 h\u1ee3p khi ch\u1ea1y \u0111\u01b0\u1eddng d\u00e0i ho\u1eb7c \u0111i tour c\u01a1 b\u1ea3n.<\/span><\/p>\n<h2 data-section-id=\"1g7wny7\" data-start=\"726\" data-end=\"759\"><span style=\"font-size: 115%;\">Ch\u1ea5t li\u1ec7u b\u1ec1n b\u1ec9 trong t\u1ea7m gi\u00e1<\/span><\/h2>\n<p data-start=\"761\" data-end=\"821\"><span style=\"font-size: 115%;\">M\u0169 \u0111\u01b0\u1ee3c l\u00e0m t\u1eeb nh\u1ef1a ABS nguy\u00ean sinh k\u1ebft h\u1ee3p v\u1edbi l\u1edbp x\u1ed1p EPS:<\/span><\/p>\n<ul data-start=\"823\" data-end=\"885\">\n<li data-section-id=\"4x9kcy\" data-start=\"823\" data-end=\"839\"><span style=\"font-size: 115%;\">Ch\u1ecbu l\u1ef1c t\u1ed1t<\/span><\/li>\n<li data-section-id=\"p2qiaz\" data-start=\"840\" data-end=\"858\"><span style=\"font-size: 115%;\">\u0110\u1ed9 b\u1ec1n \u1ed5n \u0111\u1ecbnh<\/span><\/li>\n<li data-section-id=\"1gcgvm7\" data-start=\"859\" data-end=\"885\"><span style=\"font-size: 115%;\">\u0110\u1ea3m b\u1ea3o an to\u00e0n c\u01a1 b\u1ea3n<\/span><\/li>\n<\/ul>\n<p data-start=\"887\" data-end=\"944\"><span style=\"font-size: 115%;\">\ud83d\udc49 \u0110\u00e1p \u1ee9ng t\u1ed1t nhu c\u1ea7u s\u1eed d\u1ee5ng h\u1eb1ng ng\u00e0y v\u00e0 \u0111i ph\u01b0\u1ee3t nh\u1eb9.<\/span><\/p>\n<h2 data-section-id=\"1l65s19\" data-start=\"951\" data-end=\"982\"><span style=\"font-size: 115%;\">Tr\u1ecdng l\u01b0\u1ee3ng nh\u1eb9, d\u1ec5 l\u00e0m quen<\/span><\/h2>\n<ul data-start=\"984\" data-end=\"1095\">\n<li data-section-id=\"1olhrn1\" data-start=\"984\" data-end=\"1022\"><span style=\"font-size: 115%;\">Tr\u1ecdng l\u01b0\u1ee3ng nh\u1eb9 so v\u1edbi m\u0169 fullface<\/span><\/li>\n<li data-section-id=\"w3wamf\" data-start=\"1023\" data-end=\"1055\"><span style=\"font-size: 115%;\">Kh\u00f4ng g\u00e2y m\u1ecfi c\u1ed5 khi \u0111\u1ed9i l\u00e2u<\/span><\/li>\n<li data-section-id=\"stipri\" data-start=\"1056\" data-end=\"1095\"><span style=\"font-size: 115%;\">Ph\u00f9 h\u1ee3p ng\u01b0\u1eddi m\u1edbi chuy\u1ec3n t\u1eeb n\u00f3n 3\/4<\/span><\/li>\n<\/ul>\n<p data-start=\"1097\" data-end=\"1145\"><span style=\"font-size: 115%;\">\ud83d\udc49 R\u1ea5t th\u00edch h\u1ee3p cho ng\u01b0\u1eddi m\u1edbi b\u1eaft \u0111\u1ea7u \u0111i ph\u01b0\u1ee3t.<\/span><\/p>\n<h2 data-section-id=\"dxn5lx\" data-start=\"1152\" data-end=\"1176\"><span style=\"font-size: 115%;\">Tho\u1ea3i m\u00e1i khi s\u1eed d\u1ee5ng<\/span><\/h2>\n<ul data-start=\"1178\" data-end=\"1256\">\n<li data-section-id=\"cow4bc\" data-start=\"1178\" data-end=\"1210\"><span style=\"font-size: 115%;\">C\u00f3 khe th\u00f4ng gi\u00f3 tr\u01b0\u1edbc \u2013 sau<\/span><\/li>\n<li data-section-id=\"upqsb0\" data-start=\"1211\" data-end=\"1230\"><span style=\"font-size: 115%;\">L\u00f3t trong \u00eam \u00e1i<\/span><\/li>\n<li data-section-id=\"1ynuudo\" data-start=\"1231\" data-end=\"1256\"><span style=\"font-size: 115%;\">Gi\u1ea3m n\u00f3ng khi \u0111\u1ed9i l\u00e2u<\/span><\/li>\n<\/ul>\n<p data-start=\"1258\" data-end=\"1311\"><span style=\"font-size: 115%;\">\ud83d\udc49 \u0110\u1ea3m b\u1ea3o tr\u1ea3i nghi\u1ec7m d\u1ec5 ch\u1ecbu trong su\u1ed1t h\u00e0nh tr\u00ecnh.<\/span><\/p>\n<h2 data-section-id=\"4eyvd5\" data-start=\"1318\" data-end=\"1356\"><span style=\"font-size: 115%;\">L\u00fd t\u01b0\u1edfng cho ph\u01b0\u1ee3t &amp; camping c\u01a1 b\u1ea3n<\/span><\/h2>\n<p data-start=\"1358\" data-end=\"1389\"><span style=\"font-size: 115%;\">Khi b\u1ea1n \u0111i camping b\u1eb1ng xe m\u00e1y:<\/span><\/p>\n<ul data-start=\"1391\" data-end=\"1493\">\n<li data-section-id=\"blamsa\" data-start=\"1391\" data-end=\"1425\"><span style=\"font-size: 115%;\">Di chuy\u1ec3n qu\u00e3ng \u0111\u01b0\u1eddng v\u1eeba ph\u1ea3i<\/span><\/li>\n<li data-section-id=\"hadfl0\" data-start=\"1426\" data-end=\"1454\"><span style=\"font-size: 115%;\">Th\u1eddi gian \u0111\u1ed9i m\u0169 k\u00e9o d\u00e0i<\/span><\/li>\n<li data-section-id=\"1ykuq71\" data-start=\"1455\" data-end=\"1493\"><span style=\"font-size: 115%;\">C\u1ea7n s\u1ef1 tho\u1ea3i m\u00e1i v\u00e0 an to\u00e0n c\u01a1 b\u1ea3n<\/span><\/li>\n<\/ul>\n<p data-start=\"1495\" data-end=\"1551\"><span style=\"font-size: 115%;\">\ud83d\udc49 Royal M136 l\u00e0 l\u1ef1a ch\u1ecdn h\u1ee3p l\u00fd trong ph\u00e2n kh\u00fac gi\u00e1 r\u1ebb.<\/span><\/p>\n<h2 data-section-id=\"1gy53m7\" data-start=\"1558\" data-end=\"1588\"><span style=\"font-size: 115%;\">V\u00ec sao n\u00ean ch\u1ecdn Royal M136?<\/span><\/h2>\n<ul data-start=\"1590\" data-end=\"1698\">\n<li data-section-id=\"1f4qmg9\" data-start=\"1590\" data-end=\"1614\"><span style=\"font-size: 115%;\">Gi\u00e1 t\u1ed1t, d\u1ec5 ti\u1ebfp c\u1eadn<\/span><\/li>\n<li data-section-id=\"au7pss\" data-start=\"1615\" data-end=\"1647\"><span style=\"font-size: 115%;\">Fullface an to\u00e0n h\u01a1n n\u00f3n 3\/4<\/span><\/li>\n<li data-section-id=\"1kdfzho\" data-start=\"1648\" data-end=\"1667\"><span style=\"font-size: 115%;\">Nh\u1eb9, d\u1ec5 s\u1eed d\u1ee5ng<\/span><\/li>\n<li data-section-id=\"1iivtk7\" data-start=\"1668\" data-end=\"1698\"><span style=\"font-size: 115%;\">Ph\u00f9 h\u1ee3p ng\u01b0\u1eddi m\u1edbi \u0111i ph\u01b0\u1ee3t<\/span><\/li>\n<\/ul>\n<h2 data-section-id=\"11x5u5b\" data-start=\"1705\" data-end=\"1716\"><span style=\"font-size: 115%;\">K\u1ebft lu\u1eadn<\/span><\/h2>\n<p data-start=\"1718\" data-end=\"1915\"><span style=\"font-size: 115%;\"><strong data-start=\"1718\" data-end=\"1732\">Royal M136<\/strong> l\u00e0 d\u00f2ng n\u00f3n fullface ph\u1ed5 th\u00f4ng d\u00e0nh cho ng\u01b0\u1eddi m\u1edbi. N\u1ebfu b\u1ea1n c\u1ea7n m\u1ed9t chi\u1ebfc m\u0169 <strong data-start=\"1809\" data-end=\"1844\">\u0111\u01a1n gi\u1ea3n \u2013 an to\u00e0n \u2013 gi\u00e1 h\u1ee3p l\u00fd<\/strong> \u0111\u1ec3 b\u1eaft \u0111\u1ea7u h\u00e0nh tr\u00ecnh ph\u01b0\u1ee3t ho\u1eb7c camping, \u0111\u00e2y l\u00e0 l\u1ef1a ch\u1ecdn r\u1ea5t ph\u00f9 h\u1ee3p.<\/span><\/p>\n<p data-start=\"1917\" data-end=\"2005\"><span style=\"font-size: 115%;\">\ud83d\udc49 Kh\u00e1m ph\u00e1 th\u00eam c\u00e1c s\u1ea3n ph\u1ea9m t\u1ea1i Camping Mall \u0111\u1ec3 chu\u1ea9n b\u1ecb \u0111\u1ea7y \u0111\u1ee7 cho chuy\u1ebfn \u0111i c\u1ee7a b\u1ea1n.<\/span><\/p>\n","protected":false},"excerpt":{"rendered":"<p>N\u00f3n b\u1ea3o hi\u1ec3m Royal M136 \u2013 Fullface gi\u00e1 t\u1ed1t cho ng\u01b0\u1eddi m\u1edbi \u0111i ph\u01b0\u1ee3t N\u1ebfu b\u1ea1n \u0111ang t\u00ecm m\u1ed9t chi\u1ebfc n\u00f3n b\u1ea3o hi\u1ec3m fullface gi\u00e1 r\u1ebb nh\u01b0ng v\u1eabn \u0111\u1ea3m b\u1ea3o an to\u00e0n cho nh\u1eefng chuy\u1ebfn \u0111i ph\u01b0\u1ee3t ho\u1eb7c camping ng\u1eafn ng\u00e0y, Royal M136 l\u00e0 l\u1ef1a ch\u1ecdn r\u1ea5t \u0111\u00e1ng c\u00e2n nh\u1eafc. \u0110\u00e2y l\u00e0 m\u1eabu m\u0169 ph\u1ed5 [&#8230;]\n","protected":false},"featured_media":329,"comment_status":"open","ping_status":"closed","template":"","meta":[],"product_brand":[32],"product_cat":[23],"product_tag":[],"class_list":{"0":"post-326","1":"product","2":"type-product","3":"status-publish","4":"has-post-thumbnail","6":"product_brand-royal","7":"product_cat-non-bao-hiem-2","9":"first","10":"instock","11":"sale","12":"shipping-taxable","13":"purchasable","14":"product-type-variable"},"yoast_head":"<!-- This site is optimized with the Yoast SEO plugin v27.2 - https:\/\/yoast.com\/product\/yoast-seo-wordpress\/ -->\n<title>N\u00f3n b\u1ea3o hi\u1ec3m Royal M136 - CAMPING MALL<\/title>\n<meta name=\"description\" content=\"Royal M136 n\u00f3n b\u1ea3o hi\u1ec3m fullface gi\u00e1 t\u1ed1t, an to\u00e0n, ph\u00f9 h\u1ee3p \u0111i ph\u01b0\u1ee3t, \u0111i ph\u1ed1 v\u00e0 camping c\u01a1 b\u1ea3n cho ng\u01b0\u1eddi m\u1edbi.\" \/>\n<meta name=\"robots\" content=\"noindex, follow, max-snippet:-1, max-image-preview:large, max-video-preview:-1\" \/>\n<meta property=\"og:locale\" content=\"vi_VN\" \/>\n<meta property=\"og:type\" content=\"article\" \/>\n<meta property=\"og:title\" content=\"N\u00f3n b\u1ea3o hi\u1ec3m Royal M136 - CAMPING MALL\" \/>\n<meta property=\"og:description\" content=\"Royal M136 n\u00f3n b\u1ea3o hi\u1ec3m fullface gi\u00e1 t\u1ed1t, an to\u00e0n, ph\u00f9 h\u1ee3p \u0111i ph\u01b0\u1ee3t, \u0111i ph\u1ed1 v\u00e0 camping c\u01a1 b\u1ea3n cho ng\u01b0\u1eddi m\u1edbi.\" \/>\n<meta property=\"og:url\" content=\"https:\/\/campingmall.azdigi.shop\/?product=royal-m136\" \/>\n<meta property=\"og:site_name\" content=\"CAMPING MALL\" \/>\n<meta property=\"article:modified_time\" content=\"2026-04-18T03:19:41+00:00\" \/>\n<meta property=\"og:image\" content=\"https:\/\/campingmall.azdigi.shop\/wp-content\/uploads\/2026\/04\/Den-mo-4.webp\" \/>\n\t<meta property=\"og:image:width\" content=\"2500\" \/>\n\t<meta property=\"og:image:height\" content=\"2500\" \/>\n\t<meta property=\"og:image:type\" content=\"image\/webp\" \/>\n<meta name=\"twitter:card\" content=\"summary_large_image\" \/>\n<meta name=\"twitter:label1\" content=\"\u01af\u1edbc t\u00ednh th\u1eddi gian \u0111\u1ecdc\" \/>\n\t<meta name=\"twitter:data1\" content=\"3 ph\u00fat\" \/>\n<script type=\"application\/ld+json\" class=\"yoast-schema-graph\">{\"@context\":\"https:\/\/schema.org\",\"@graph\":[{\"@type\":\"WebPage\",\"@id\":\"https:\/\/campingmall.azdigi.shop\/?product=royal-m136\",\"url\":\"https:\/\/campingmall.azdigi.shop\/?product=royal-m136\",\"name\":\"N\u00f3n b\u1ea3o hi\u1ec3m Royal M136 - CAMPING MALL\",\"isPartOf\":{\"@id\":\"https:\/\/campingmall.azdigi.shop\/#website\"},\"primaryImageOfPage\":{\"@id\":\"https:\/\/campingmall.azdigi.shop\/?product=royal-m136#primaryimage\"},\"image\":{\"@id\":\"https:\/\/campingmall.azdigi.shop\/?product=royal-m136#primaryimage\"},\"thumbnailUrl\":\"https:\/\/campingmall.azdigi.shop\/wp-content\/uploads\/2026\/04\/Den-mo-4.webp\",\"datePublished\":\"2026-04-08T12:02:34+00:00\",\"dateModified\":\"2026-04-18T03:19:41+00:00\",\"description\":\"Royal M136 n\u00f3n b\u1ea3o hi\u1ec3m fullface gi\u00e1 t\u1ed1t, an to\u00e0n, ph\u00f9 h\u1ee3p \u0111i ph\u01b0\u1ee3t, \u0111i ph\u1ed1 v\u00e0 camping c\u01a1 b\u1ea3n cho ng\u01b0\u1eddi m\u1edbi.\",\"breadcrumb\":{\"@id\":\"https:\/\/campingmall.azdigi.shop\/?product=royal-m136#breadcrumb\"},\"inLanguage\":\"vi\",\"potentialAction\":[{\"@type\":\"ReadAction\",\"target\":[\"https:\/\/campingmall.azdigi.shop\/?product=royal-m136\"]}]},{\"@type\":\"ImageObject\",\"inLanguage\":\"vi\",\"@id\":\"https:\/\/campingmall.azdigi.shop\/?product=royal-m136#primaryimage\",\"url\":\"https:\/\/campingmall.azdigi.shop\/wp-content\/uploads\/2026\/04\/Den-mo-4.webp\",\"contentUrl\":\"https:\/\/campingmall.azdigi.shop\/wp-content\/uploads\/2026\/04\/Den-mo-4.webp\",\"width\":2500,\"height\":2500},{\"@type\":\"BreadcrumbList\",\"@id\":\"https:\/\/campingmall.azdigi.shop\/?product=royal-m136#breadcrumb\",\"itemListElement\":[{\"@type\":\"ListItem\",\"position\":1,\"name\":\"Trang ch\u1ee7\",\"item\":\"https:\/\/campingmall.azdigi.shop\/\"},{\"@type\":\"ListItem\",\"position\":2,\"name\":\"C\u1eeda h\u00e0ng\",\"item\":\"https:\/\/campingmall.azdigi.shop\/?page_id=123\"},{\"@type\":\"ListItem\",\"position\":3,\"name\":\"N\u00f3n b\u1ea3o hi\u1ec3m Royal M136\"}]},{\"@type\":\"WebSite\",\"@id\":\"https:\/\/campingmall.azdigi.shop\/#website\",\"url\":\"https:\/\/campingmall.azdigi.shop\/\",\"name\":\"CAMPING MALL\",\"description\":\"\",\"potentialAction\":[{\"@type\":\"SearchAction\",\"target\":{\"@type\":\"EntryPoint\",\"urlTemplate\":\"https:\/\/campingmall.azdigi.shop\/?s={search_term_string}\"},\"query-input\":{\"@type\":\"PropertyValueSpecification\",\"valueRequired\":true,\"valueName\":\"search_term_string\"}}],\"inLanguage\":\"vi\"}]}<\/script>\n<!-- \/ Yoast SEO plugin. -->","yoast_head_json":{"title":"N\u00f3n b\u1ea3o hi\u1ec3m Royal M136 - CAMPING MALL","description":"Royal M136 n\u00f3n b\u1ea3o hi\u1ec3m fullface gi\u00e1 t\u1ed1t, an to\u00e0n, ph\u00f9 h\u1ee3p \u0111i ph\u01b0\u1ee3t, \u0111i ph\u1ed1 v\u00e0 camping c\u01a1 b\u1ea3n cho ng\u01b0\u1eddi m\u1edbi.","robots":{"index":"noindex","follow":"follow","max-snippet":"max-snippet:-1","max-image-preview":"max-image-preview:large","max-video-preview":"max-video-preview:-1"},"og_locale":"vi_VN","og_type":"article","og_title":"N\u00f3n b\u1ea3o hi\u1ec3m Royal M136 - CAMPING MALL","og_description":"Royal M136 n\u00f3n b\u1ea3o hi\u1ec3m fullface gi\u00e1 t\u1ed1t, an to\u00e0n, ph\u00f9 h\u1ee3p \u0111i ph\u01b0\u1ee3t, \u0111i ph\u1ed1 v\u00e0 camping c\u01a1 b\u1ea3n cho ng\u01b0\u1eddi m\u1edbi.","og_url":"https:\/\/campingmall.azdigi.shop\/?product=royal-m136","og_site_name":"CAMPING MALL","article_modified_time":"2026-04-18T03:19:41+00:00","og_image":[{"width":2500,"height":2500,"url":"https:\/\/campingmall.azdigi.shop\/wp-content\/uploads\/2026\/04\/Den-mo-4.webp","type":"image\/webp"}],"twitter_card":"summary_large_image","twitter_misc":{"\u01af\u1edbc t\u00ednh th\u1eddi gian \u0111\u1ecdc":"3 ph\u00fat"},"schema":{"@context":"https:\/\/schema.org","@graph":[{"@type":"WebPage","@id":"https:\/\/campingmall.azdigi.shop\/?product=royal-m136","url":"https:\/\/campingmall.azdigi.shop\/?product=royal-m136","name":"N\u00f3n b\u1ea3o hi\u1ec3m Royal M136 - CAMPING MALL","isPartOf":{"@id":"https:\/\/campingmall.azdigi.shop\/#website"},"primaryImageOfPage":{"@id":"https:\/\/campingmall.azdigi.shop\/?product=royal-m136#primaryimage"},"image":{"@id":"https:\/\/campingmall.azdigi.shop\/?product=royal-m136#primaryimage"},"thumbnailUrl":"https:\/\/campingmall.azdigi.shop\/wp-content\/uploads\/2026\/04\/Den-mo-4.webp","datePublished":"2026-04-08T12:02:34+00:00","dateModified":"2026-04-18T03:19:41+00:00","description":"Royal M136 n\u00f3n b\u1ea3o hi\u1ec3m fullface gi\u00e1 t\u1ed1t, an to\u00e0n, ph\u00f9 h\u1ee3p \u0111i ph\u01b0\u1ee3t, \u0111i ph\u1ed1 v\u00e0 camping c\u01a1 b\u1ea3n cho ng\u01b0\u1eddi m\u1edbi.","breadcrumb":{"@id":"https:\/\/campingmall.azdigi.shop\/?product=royal-m136#breadcrumb"},"inLanguage":"vi","potentialAction":[{"@type":"ReadAction","target":["https:\/\/campingmall.azdigi.shop\/?product=royal-m136"]}]},{"@type":"ImageObject","inLanguage":"vi","@id":"https:\/\/campingmall.azdigi.shop\/?product=royal-m136#primaryimage","url":"https:\/\/campingmall.azdigi.shop\/wp-content\/uploads\/2026\/04\/Den-mo-4.webp","contentUrl":"https:\/\/campingmall.azdigi.shop\/wp-content\/uploads\/2026\/04\/Den-mo-4.webp","width":2500,"height":2500},{"@type":"BreadcrumbList","@id":"https:\/\/campingmall.azdigi.shop\/?product=royal-m136#breadcrumb","itemListElement":[{"@type":"ListItem","position":1,"name":"Trang ch\u1ee7","item":"https:\/\/campingmall.azdigi.shop\/"},{"@type":"ListItem","position":2,"name":"C\u1eeda h\u00e0ng","item":"https:\/\/campingmall.azdigi.shop\/?page_id=123"},{"@type":"ListItem","position":3,"name":"N\u00f3n b\u1ea3o hi\u1ec3m Royal M136"}]},{"@type":"WebSite","@id":"https:\/\/campingmall.azdigi.shop\/#website","url":"https:\/\/campingmall.azdigi.shop\/","name":"CAMPING MALL","description":"","potentialAction":[{"@type":"SearchAction","target":{"@type":"EntryPoint","urlTemplate":"https:\/\/campingmall.azdigi.shop\/?s={search_term_string}"},"query-input":{"@type":"PropertyValueSpecification","valueRequired":true,"valueName":"search_term_string"}}],"inLanguage":"vi"}]}},"_links":{"self":[{"href":"https:\/\/campingmall.azdigi.shop\/index.php?rest_route=\/wp\/v2\/product\/326","targetHints":{"allow":["GET"]}}],"collection":[{"href":"https:\/\/campingmall.azdigi.shop\/index.php?rest_route=\/wp\/v2\/product"}],"about":[{"href":"https:\/\/campingmall.azdigi.shop\/index.php?rest_route=\/wp\/v2\/types\/product"}],"replies":[{"embeddable":true,"href":"https:\/\/campingmall.azdigi.shop\/index.php?rest_route=%2Fwp%2Fv2%2Fcomments&post=326"}],"wp:featuredmedia":[{"embeddable":true,"href":"https:\/\/campingmall.azdigi.shop\/index.php?rest_route=\/wp\/v2\/media\/329"}],"wp:attachment":[{"href":"https:\/\/campingmall.azdigi.shop\/index.php?rest_route=%2Fwp%2Fv2%2Fmedia&parent=326"}],"wp:term":[{"taxonomy":"product_brand","embeddable":true,"href":"https:\/\/campingmall.azdigi.shop\/index.php?rest_route=%2Fwp%2Fv2%2Fproduct_brand&post=326"},{"taxonomy":"product_cat","embeddable":true,"href":"https:\/\/campingmall.azdigi.shop\/index.php?rest_route=%2Fwp%2Fv2%2Fproduct_cat&post=326"},{"taxonomy":"product_tag","embeddable":true,"href":"https:\/\/campingmall.azdigi.shop\/index.php?rest_route=%2Fwp%2Fv2%2Fproduct_tag&post=326"}],"curies":[{"name":"wp","href":"https:\/\/api.w.org\/{rel}","templated":true}]}}