{"id":302,"date":"2026-04-07T13:55:52","date_gmt":"2026-04-07T13:55:52","guid":{"rendered":"https:\/\/campingmall.azdigi.shop\/?post_type=product&#038;p=302"},"modified":"2026-04-18T03:19:46","modified_gmt":"2026-04-18T03:19:46","slug":"royal-m266-design","status":"publish","type":"product","link":"https:\/\/campingmall.azdigi.shop\/?product=royal-m266-design","title":{"rendered":"N\u00f3n b\u1ea3o hi\u1ec3m Royal M266 Design"},"content":{"rendered":"<p data-start=\"271\" data-end=\"546\"><span style=\"font-size: 115%;\">N\u1ebfu b\u1ea1n \u0111ang t\u00ecm m\u1ed9t chi\u1ebfc n\u00f3n b\u1ea3o hi\u1ec3m fullface v\u1eeba an to\u00e0n v\u1eeba ti\u1ec7n l\u1ee3i khi \u0111i ph\u01b0\u1ee3t ho\u1eb7c camping, <strong data-start=\"372\" data-end=\"393\">Royal M266 Design<\/strong> l\u00e0 l\u1ef1a ch\u1ecdn r\u1ea5t \u0111\u00e1ng c\u00e2n nh\u1eafc. \u0110i\u1ec3m n\u1ed5i b\u1eadt c\u1ee7a d\u00f2ng m\u0169 n\u00e0y l\u00e0 thi\u1ebft k\u1ebf <strong data-start=\"466\" data-end=\"476\">2 k\u00ednh<\/strong>, gi\u00fap b\u1ea1n linh ho\u1ea1t s\u1eed d\u1ee5ng trong nhi\u1ec1u \u0111i\u1ec1u ki\u1ec7n \u00e1nh s\u00e1ng kh\u00e1c nhau.<\/span><\/p>\n<h2 data-section-id=\"1j4hioj\" data-start=\"553\" data-end=\"590\"><span style=\"font-size: 115%;\">Thi\u1ebft k\u1ebf fullface b\u1ea3o v\u1ec7 to\u00e0n di\u1ec7n<\/span><\/h2>\n<p data-start=\"592\" data-end=\"643\"><span style=\"font-size: 115%;\">Royal M266 c\u00f3 thi\u1ebft k\u1ebf fullface gi\u00fap b\u1ea3o v\u1ec7 t\u1ed1i \u0111a:<\/span><\/p>\n<ul data-start=\"645\" data-end=\"740\">\n<li data-section-id=\"9o6mqw\" data-start=\"645\" data-end=\"676\"><span style=\"font-size: 115%;\">Che ch\u1eafn to\u00e0n b\u1ed9 \u0111\u1ea7u v\u00e0 c\u1eb1m<\/span><\/li>\n<li data-section-id=\"xodo79\" data-start=\"677\" data-end=\"706\"><span style=\"font-size: 115%;\">Gi\u1ea3m t\u00e1c \u0111\u1ed9ng khi va ch\u1ea1m<\/span><\/li>\n<li data-section-id=\"9agysd\" data-start=\"707\" data-end=\"740\"><span style=\"font-size: 115%;\">H\u1ea1n ch\u1ebf gi\u00f3, b\u1ee5i v\u00e0 c\u00f4n tr\u00f9ng<\/span><\/li>\n<\/ul>\n<p data-start=\"742\" data-end=\"782\"><span style=\"font-size: 115%;\">\ud83d\udc49 Ph\u00f9 h\u1ee3p cho c\u1ea3 \u0111i ph\u1ed1 v\u00e0 \u0111i tour d\u00e0i.<\/span><\/p>\n<h2 data-section-id=\"l55sxz\" data-start=\"789\" data-end=\"832\"><span style=\"font-size: 115%;\">2 k\u00ednh ti\u1ec7n l\u1ee3i \u2013 \u0110i ng\u00e0y hay \u0111\u00eam \u0111\u1ec1u \u1ed5n<\/span><\/h2>\n<p data-start=\"834\" data-end=\"867\"><span style=\"font-size: 115%;\">\u0110i\u1ec3m n\u1ed5i b\u1eadt nh\u1ea5t c\u1ee7a Royal M266:<\/span><\/p>\n<ul data-start=\"869\" data-end=\"980\">\n<li data-section-id=\"1stw29k\" data-start=\"869\" data-end=\"904\"><span style=\"font-size: 115%;\">K\u00ednh ngo\u00e0i ch\u1ed1ng b\u1ee5i, ch\u1ed1ng gi\u00f3<\/span><\/li>\n<li data-section-id=\"bnwdp5\" data-start=\"905\" data-end=\"940\"><span style=\"font-size: 115%;\">K\u00ednh \u00e2m b\u00ean trong ch\u1ed1ng n\u1eafng UV<\/span><\/li>\n<li data-section-id=\"1q2hfwp\" data-start=\"941\" data-end=\"980\"><span style=\"font-size: 115%;\">D\u1ec5 d\u00e0ng g\u1ea1t l\u00ean\/xu\u1ed1ng khi di chuy\u1ec3n<\/span><\/li>\n<\/ul>\n<p data-start=\"982\" data-end=\"1069\"><span style=\"font-size: 115%;\">\ud83d\udc49 Kh\u00f4ng c\u1ea7n thay k\u00ednh khi \u0111i t\u1eeb ng\u00e0y sang \u0111\u00eam.<\/span><\/p>\n<h2 data-section-id=\"fn119h\" data-start=\"1076\" data-end=\"1114\"><span style=\"font-size: 115%;\">Ch\u1ea5t li\u1ec7u b\u1ec1n b\u1ec9, \u0111\u1ea1t chu\u1ea9n an to\u00e0n<\/span><\/h2>\n<ul data-start=\"1116\" data-end=\"1255\">\n<li data-section-id=\"1lov3e8\" data-start=\"1116\" data-end=\"1156\"><span style=\"font-size: 115%;\">V\u1ecf nh\u1ef1a ABS nguy\u00ean sinh ch\u1ecbu l\u1ef1c t\u1ed1t<\/span><\/li>\n<li data-section-id=\"y25q6p\" data-start=\"1157\" data-end=\"1190\"><span style=\"font-size: 115%;\">L\u1edbp x\u1ed1p EPS h\u1ea5p th\u1ee5 xung \u0111\u1ed9ng<\/span><\/li>\n<li data-section-id=\"1n50i61\" data-start=\"1191\" data-end=\"1255\"><span style=\"font-size: 115%;\">\u0110\u1ea1t chu\u1ea9n an to\u00e0n QCVN<\/span><\/li>\n<\/ul>\n<p data-start=\"1257\" data-end=\"1313\"><span style=\"font-size: 115%;\">\ud83d\udc49 \u0110\u1ea3m b\u1ea3o kh\u1ea3 n\u0103ng b\u1ea3o v\u1ec7 trong c\u00e1c t\u00ecnh hu\u1ed1ng va ch\u1ea1m.<\/span><\/p>\n<h2 data-section-id=\"1lxj6ta\" data-start=\"1320\" data-end=\"1348\"><span style=\"font-size: 115%;\">Tho\u1ea3i m\u00e1i khi s\u1eed d\u1ee5ng l\u00e2u<\/span><\/h2>\n<ul data-start=\"1350\" data-end=\"1449\">\n<li data-section-id=\"1fg4bma\" data-start=\"1350\" data-end=\"1383\"><span style=\"font-size: 115%;\">L\u00f3t v\u1ea3i 3 l\u1edbp th\u1ea5m h\u00fat m\u1ed3 h\u00f4i<\/span><\/li>\n<li data-section-id=\"143lqks\" data-start=\"1384\" data-end=\"1414\"><span style=\"font-size: 115%;\">\u1ed0p tai th\u00e1o r\u1eddi d\u1ec5 v\u1ec7 sinh<\/span><\/li>\n<li data-section-id=\"180ys11\" data-start=\"1415\" data-end=\"1449\"><span style=\"font-size: 115%;\">H\u1ec7 th\u1ed1ng th\u00f4ng gi\u00f3 tr\u01b0\u1edbc \u2013 sau<\/span><\/li>\n<\/ul>\n<p data-start=\"1451\" data-end=\"1529\"><span style=\"font-size: 115%;\">\ud83d\udc49 Gi\u00fap \u0111\u1ed9i l\u00e2u kh\u00f4ng b\u1ecb b\u00ed ho\u1eb7c n\u00f3ng.<\/span><\/p>\n<h2 data-section-id=\"16ngcet\" data-start=\"1536\" data-end=\"1577\"><span style=\"font-size: 115%;\">Tr\u1ecdng l\u01b0\u1ee3ng c\u00e2n b\u1eb1ng, ph\u00f9 h\u1ee3p \u0111i ph\u01b0\u1ee3t<\/span><\/h2>\n<ul data-start=\"1579\" data-end=\"1644\">\n<li data-section-id=\"1t1uytf\" data-start=\"1579\" data-end=\"1608\"><span style=\"font-size: 115%;\">Tr\u1ecdng l\u01b0\u1ee3ng kho\u1ea3ng ~1230g<\/span><\/li>\n<li data-section-id=\"9qhzb3\" data-start=\"1609\" data-end=\"1644\"><span style=\"font-size: 115%;\">Thi\u1ebft k\u1ebf \u00f4m \u0111\u1ea7u, kh\u00f4ng qu\u00e1 n\u1eb7ng<\/span><\/li>\n<\/ul>\n<p data-start=\"1646\" data-end=\"1742\"><span style=\"font-size: 115%;\">\ud83d\udc49 Ph\u00f9 h\u1ee3p cho c\u00e1c chuy\u1ebfn \u0111i d\u00e0i v\u00e0 camping b\u1eb1ng xe m\u00e1y.<\/span><\/p>\n<h2 data-section-id=\"18uovhg\" data-start=\"1749\" data-end=\"1780\"><span style=\"font-size: 115%;\">L\u00fd t\u01b0\u1edfng cho ph\u01b0\u1ee3t &amp; camping<\/span><\/h2>\n<p data-start=\"1782\" data-end=\"1801\"><span style=\"font-size: 115%;\">Khi b\u1ea1n \u0111i camping:<\/span><\/p>\n<ul data-start=\"1803\" data-end=\"1902\">\n<li data-section-id=\"1leig8k\" data-start=\"1803\" data-end=\"1835\"><span style=\"font-size: 115%;\">Di chuy\u1ec3n nhi\u1ec1u gi\u1edd li\u00ean t\u1ee5c<\/span><\/li>\n<li data-section-id=\"1ouk184\" data-start=\"1836\" data-end=\"1871\"><span style=\"font-size: 115%;\">\u0110i qua nhi\u1ec1u \u0111i\u1ec1u ki\u1ec7n \u00e1nh s\u00e1ng<\/span><\/li>\n<li data-section-id=\"1ja943i\" data-start=\"1872\" data-end=\"1902\"><span style=\"font-size: 115%;\">C\u1ea7n s\u1ef1 ti\u1ec7n l\u1ee3i v\u00e0 an to\u00e0n<\/span><\/li>\n<\/ul>\n<p data-start=\"1904\" data-end=\"1961\"><span style=\"font-size: 115%;\">\ud83d\udc49 Royal M266 gi\u00fap b\u1ea1n x\u1eed l\u00fd t\u1ed1t c\u1ea3 ban ng\u00e0y l\u1eabn ban \u0111\u00eam.<\/span><\/p>\n<h2 data-section-id=\"1gy75yh\" data-start=\"1968\" data-end=\"1998\"><span style=\"font-size: 115%;\">V\u00ec sao n\u00ean ch\u1ecdn Royal M266?<\/span><\/h2>\n<ul data-start=\"2000\" data-end=\"2120\">\n<li data-section-id=\"1vn3axt\" data-start=\"2000\" data-end=\"2026\"><span style=\"font-size: 115%;\">2 k\u00ednh c\u1ef1c k\u1ef3 ti\u1ec7n l\u1ee3i<\/span><\/li>\n<li data-section-id=\"1ltr96g\" data-start=\"2027\" data-end=\"2054\"><span style=\"font-size: 115%;\">Gi\u00e1 t\u1ed1t trong ph\u00e2n kh\u00fac<\/span><\/li>\n<li data-section-id=\"9dflwv\" data-start=\"2055\" data-end=\"2080\"><span style=\"font-size: 115%;\">Tho\u1ea3i m\u00e1i, d\u1ec5 s\u1eed d\u1ee5ng<\/span><\/li>\n<li data-section-id=\"1p7v76k\" data-start=\"2081\" data-end=\"2120\"><span style=\"font-size: 115%;\">Ph\u00f9 h\u1ee3p ng\u01b0\u1eddi m\u1edbi v\u00e0 ng\u01b0\u1eddi \u0111i ph\u01b0\u1ee3t<\/span><\/li>\n<\/ul>\n<h2 data-section-id=\"11x5u5b\" data-start=\"2127\" data-end=\"2138\"><span style=\"font-size: 115%;\">K\u1ebft lu\u1eadn<\/span><\/h2>\n<p data-start=\"2140\" data-end=\"2335\"><span style=\"font-size: 115%;\"><strong data-start=\"2140\" data-end=\"2161\">Royal M266 Design<\/strong> l\u00e0 l\u1ef1a ch\u1ecdn r\u1ea5t \u0111\u00e1ng ti\u1ec1n trong ph\u00e2n kh\u00fac m\u0169 fullface ph\u1ed5 th\u00f4ng. N\u1ebfu b\u1ea1n mu\u1ed1n m\u1ed9t chi\u1ebfc m\u0169 <strong data-start=\"2253\" data-end=\"2285\">\u0111a d\u1ee5ng \u2013 ti\u1ec7n l\u1ee3i \u2013 an to\u00e0n<\/strong> \u0111\u1ec3 \u0111i ph\u01b0\u1ee3t ho\u1eb7c camping, \u0111\u00e2y l\u00e0 s\u1ea3n ph\u1ea9m n\u00ean c\u00f3.<\/span><\/p>\n<p data-start=\"2337\" data-end=\"2425\"><span style=\"font-size: 115%;\">\ud83d\udc49 Kh\u00e1m ph\u00e1 th\u00eam c\u00e1c s\u1ea3n ph\u1ea9m t\u1ea1i Camping Mall \u0111\u1ec3 chu\u1ea9n b\u1ecb \u0111\u1ea7y \u0111\u1ee7 cho chuy\u1ebfn \u0111i c\u1ee7a b\u1ea1n.<\/span><\/p>\n","protected":false},"excerpt":{"rendered":"<p>N\u1ebfu b\u1ea1n \u0111ang t\u00ecm m\u1ed9t chi\u1ebfc n\u00f3n b\u1ea3o hi\u1ec3m fullface v\u1eeba an to\u00e0n v\u1eeba ti\u1ec7n l\u1ee3i khi \u0111i ph\u01b0\u1ee3t ho\u1eb7c camping, Royal M266 Design l\u00e0 l\u1ef1a ch\u1ecdn r\u1ea5t \u0111\u00e1ng c\u00e2n nh\u1eafc. \u0110i\u1ec3m n\u1ed5i b\u1eadt c\u1ee7a d\u00f2ng m\u0169 n\u00e0y l\u00e0 thi\u1ebft k\u1ebf 2 k\u00ednh, gi\u00fap b\u1ea1n linh ho\u1ea1t s\u1eed d\u1ee5ng trong nhi\u1ec1u \u0111i\u1ec1u ki\u1ec7n \u00e1nh s\u00e1ng [&#8230;]\n","protected":false},"featured_media":304,"comment_status":"open","ping_status":"closed","template":"","meta":[],"product_brand":[32],"product_cat":[23],"product_tag":[],"class_list":{"0":"post-302","1":"product","2":"type-product","3":"status-publish","4":"has-post-thumbnail","6":"product_brand-royal","7":"product_cat-non-bao-hiem-2","9":"first","10":"instock","11":"sale","12":"shipping-taxable","13":"purchasable","14":"product-type-variable"},"yoast_head":"<!-- This site is optimized with the Yoast SEO plugin v27.2 - https:\/\/yoast.com\/product\/yoast-seo-wordpress\/ -->\n<title>N\u00f3n b\u1ea3o hi\u1ec3m Royal M266 Design - Cao C\u1ea5p - Ch\u00ednh h\u00e3ng<\/title>\n<meta name=\"description\" content=\"N\u00f3n b\u1ea3o hi\u1ec3m Fullface Royal M266 ch\u00ednh h\u00e3ng, thi\u1ebft k\u1ebf th\u1ec3 thao, 2 k\u00ednh ch\u1ed1ng UV, an to\u00e0n cao, ph\u00f9 h\u1ee3p \u0111i ph\u01b0\u1ee3t v\u00e0 \u0111i ph\u1ed1. Gi\u00e1 t\u1ed1t, giao nhanh.\" \/>\n<meta name=\"robots\" content=\"noindex, follow, max-snippet:-1, max-image-preview:large, max-video-preview:-1\" \/>\n<meta property=\"og:locale\" content=\"vi_VN\" \/>\n<meta property=\"og:type\" content=\"article\" \/>\n<meta property=\"og:title\" content=\"N\u00f3n b\u1ea3o hi\u1ec3m Royal M266 Design - Cao C\u1ea5p - Ch\u00ednh h\u00e3ng\" \/>\n<meta property=\"og:description\" content=\"N\u00f3n b\u1ea3o hi\u1ec3m Fullface Royal M266 ch\u00ednh h\u00e3ng, thi\u1ebft k\u1ebf th\u1ec3 thao, 2 k\u00ednh ch\u1ed1ng UV, an to\u00e0n cao, ph\u00f9 h\u1ee3p \u0111i ph\u01b0\u1ee3t v\u00e0 \u0111i ph\u1ed1. Gi\u00e1 t\u1ed1t, giao nhanh.\" \/>\n<meta property=\"og:url\" content=\"https:\/\/campingmall.azdigi.shop\/?product=royal-m266-design\" \/>\n<meta property=\"og:site_name\" content=\"CAMPING MALL\" \/>\n<meta property=\"article:modified_time\" content=\"2026-04-18T03:19:46+00:00\" \/>\n<meta property=\"og:image\" content=\"https:\/\/campingmall.azdigi.shop\/wp-content\/uploads\/2026\/04\/M266-V1-Bien-bong-2-1.webp\" \/>\n\t<meta property=\"og:image:width\" content=\"2500\" \/>\n\t<meta property=\"og:image:height\" content=\"2500\" \/>\n\t<meta property=\"og:image:type\" content=\"image\/webp\" \/>\n<meta name=\"twitter:card\" content=\"summary_large_image\" \/>\n<meta name=\"twitter:label1\" content=\"\u01af\u1edbc t\u00ednh th\u1eddi gian \u0111\u1ecdc\" \/>\n\t<meta name=\"twitter:data1\" content=\"3 ph\u00fat\" \/>\n<script type=\"application\/ld+json\" class=\"yoast-schema-graph\">{\"@context\":\"https:\/\/schema.org\",\"@graph\":[{\"@type\":\"WebPage\",\"@id\":\"https:\/\/campingmall.azdigi.shop\/?product=royal-m266-design\",\"url\":\"https:\/\/campingmall.azdigi.shop\/?product=royal-m266-design\",\"name\":\"N\u00f3n b\u1ea3o hi\u1ec3m Royal M266 Design - Cao C\u1ea5p - Ch\u00ednh h\u00e3ng\",\"isPartOf\":{\"@id\":\"https:\/\/campingmall.azdigi.shop\/#website\"},\"primaryImageOfPage\":{\"@id\":\"https:\/\/campingmall.azdigi.shop\/?product=royal-m266-design#primaryimage\"},\"image\":{\"@id\":\"https:\/\/campingmall.azdigi.shop\/?product=royal-m266-design#primaryimage\"},\"thumbnailUrl\":\"https:\/\/campingmall.azdigi.shop\/wp-content\/uploads\/2026\/04\/M266-V1-Bien-bong-2-1.webp\",\"datePublished\":\"2026-04-07T13:55:52+00:00\",\"dateModified\":\"2026-04-18T03:19:46+00:00\",\"description\":\"N\u00f3n b\u1ea3o hi\u1ec3m Fullface Royal M266 ch\u00ednh h\u00e3ng, thi\u1ebft k\u1ebf th\u1ec3 thao, 2 k\u00ednh ch\u1ed1ng UV, an to\u00e0n cao, ph\u00f9 h\u1ee3p \u0111i ph\u01b0\u1ee3t v\u00e0 \u0111i ph\u1ed1. Gi\u00e1 t\u1ed1t, giao nhanh.\",\"breadcrumb\":{\"@id\":\"https:\/\/campingmall.azdigi.shop\/?product=royal-m266-design#breadcrumb\"},\"inLanguage\":\"vi\",\"potentialAction\":[{\"@type\":\"ReadAction\",\"target\":[\"https:\/\/campingmall.azdigi.shop\/?product=royal-m266-design\"]}]},{\"@type\":\"ImageObject\",\"inLanguage\":\"vi\",\"@id\":\"https:\/\/campingmall.azdigi.shop\/?product=royal-m266-design#primaryimage\",\"url\":\"https:\/\/campingmall.azdigi.shop\/wp-content\/uploads\/2026\/04\/M266-V1-Bien-bong-2-1.webp\",\"contentUrl\":\"https:\/\/campingmall.azdigi.shop\/wp-content\/uploads\/2026\/04\/M266-V1-Bien-bong-2-1.webp\",\"width\":2500,\"height\":2500},{\"@type\":\"BreadcrumbList\",\"@id\":\"https:\/\/campingmall.azdigi.shop\/?product=royal-m266-design#breadcrumb\",\"itemListElement\":[{\"@type\":\"ListItem\",\"position\":1,\"name\":\"Trang ch\u1ee7\",\"item\":\"https:\/\/campingmall.azdigi.shop\/\"},{\"@type\":\"ListItem\",\"position\":2,\"name\":\"C\u1eeda h\u00e0ng\",\"item\":\"https:\/\/campingmall.azdigi.shop\/?page_id=123\"},{\"@type\":\"ListItem\",\"position\":3,\"name\":\"N\u00f3n b\u1ea3o hi\u1ec3m Royal M266 Design\"}]},{\"@type\":\"WebSite\",\"@id\":\"https:\/\/campingmall.azdigi.shop\/#website\",\"url\":\"https:\/\/campingmall.azdigi.shop\/\",\"name\":\"CAMPING MALL\",\"description\":\"\",\"potentialAction\":[{\"@type\":\"SearchAction\",\"target\":{\"@type\":\"EntryPoint\",\"urlTemplate\":\"https:\/\/campingmall.azdigi.shop\/?s={search_term_string}\"},\"query-input\":{\"@type\":\"PropertyValueSpecification\",\"valueRequired\":true,\"valueName\":\"search_term_string\"}}],\"inLanguage\":\"vi\"}]}<\/script>\n<!-- \/ Yoast SEO plugin. -->","yoast_head_json":{"title":"N\u00f3n b\u1ea3o hi\u1ec3m Royal M266 Design - Cao C\u1ea5p - Ch\u00ednh h\u00e3ng","description":"N\u00f3n b\u1ea3o hi\u1ec3m Fullface Royal M266 ch\u00ednh h\u00e3ng, thi\u1ebft k\u1ebf th\u1ec3 thao, 2 k\u00ednh ch\u1ed1ng UV, an to\u00e0n cao, ph\u00f9 h\u1ee3p \u0111i ph\u01b0\u1ee3t v\u00e0 \u0111i ph\u1ed1. Gi\u00e1 t\u1ed1t, giao nhanh.","robots":{"index":"noindex","follow":"follow","max-snippet":"max-snippet:-1","max-image-preview":"max-image-preview:large","max-video-preview":"max-video-preview:-1"},"og_locale":"vi_VN","og_type":"article","og_title":"N\u00f3n b\u1ea3o hi\u1ec3m Royal M266 Design - Cao C\u1ea5p - Ch\u00ednh h\u00e3ng","og_description":"N\u00f3n b\u1ea3o hi\u1ec3m Fullface Royal M266 ch\u00ednh h\u00e3ng, thi\u1ebft k\u1ebf th\u1ec3 thao, 2 k\u00ednh ch\u1ed1ng UV, an to\u00e0n cao, ph\u00f9 h\u1ee3p \u0111i ph\u01b0\u1ee3t v\u00e0 \u0111i ph\u1ed1. Gi\u00e1 t\u1ed1t, giao nhanh.","og_url":"https:\/\/campingmall.azdigi.shop\/?product=royal-m266-design","og_site_name":"CAMPING MALL","article_modified_time":"2026-04-18T03:19:46+00:00","og_image":[{"width":2500,"height":2500,"url":"https:\/\/campingmall.azdigi.shop\/wp-content\/uploads\/2026\/04\/M266-V1-Bien-bong-2-1.webp","type":"image\/webp"}],"twitter_card":"summary_large_image","twitter_misc":{"\u01af\u1edbc t\u00ednh th\u1eddi gian \u0111\u1ecdc":"3 ph\u00fat"},"schema":{"@context":"https:\/\/schema.org","@graph":[{"@type":"WebPage","@id":"https:\/\/campingmall.azdigi.shop\/?product=royal-m266-design","url":"https:\/\/campingmall.azdigi.shop\/?product=royal-m266-design","name":"N\u00f3n b\u1ea3o hi\u1ec3m Royal M266 Design - Cao C\u1ea5p - Ch\u00ednh h\u00e3ng","isPartOf":{"@id":"https:\/\/campingmall.azdigi.shop\/#website"},"primaryImageOfPage":{"@id":"https:\/\/campingmall.azdigi.shop\/?product=royal-m266-design#primaryimage"},"image":{"@id":"https:\/\/campingmall.azdigi.shop\/?product=royal-m266-design#primaryimage"},"thumbnailUrl":"https:\/\/campingmall.azdigi.shop\/wp-content\/uploads\/2026\/04\/M266-V1-Bien-bong-2-1.webp","datePublished":"2026-04-07T13:55:52+00:00","dateModified":"2026-04-18T03:19:46+00:00","description":"N\u00f3n b\u1ea3o hi\u1ec3m Fullface Royal M266 ch\u00ednh h\u00e3ng, thi\u1ebft k\u1ebf th\u1ec3 thao, 2 k\u00ednh ch\u1ed1ng UV, an to\u00e0n cao, ph\u00f9 h\u1ee3p \u0111i ph\u01b0\u1ee3t v\u00e0 \u0111i ph\u1ed1. Gi\u00e1 t\u1ed1t, giao nhanh.","breadcrumb":{"@id":"https:\/\/campingmall.azdigi.shop\/?product=royal-m266-design#breadcrumb"},"inLanguage":"vi","potentialAction":[{"@type":"ReadAction","target":["https:\/\/campingmall.azdigi.shop\/?product=royal-m266-design"]}]},{"@type":"ImageObject","inLanguage":"vi","@id":"https:\/\/campingmall.azdigi.shop\/?product=royal-m266-design#primaryimage","url":"https:\/\/campingmall.azdigi.shop\/wp-content\/uploads\/2026\/04\/M266-V1-Bien-bong-2-1.webp","contentUrl":"https:\/\/campingmall.azdigi.shop\/wp-content\/uploads\/2026\/04\/M266-V1-Bien-bong-2-1.webp","width":2500,"height":2500},{"@type":"BreadcrumbList","@id":"https:\/\/campingmall.azdigi.shop\/?product=royal-m266-design#breadcrumb","itemListElement":[{"@type":"ListItem","position":1,"name":"Trang ch\u1ee7","item":"https:\/\/campingmall.azdigi.shop\/"},{"@type":"ListItem","position":2,"name":"C\u1eeda h\u00e0ng","item":"https:\/\/campingmall.azdigi.shop\/?page_id=123"},{"@type":"ListItem","position":3,"name":"N\u00f3n b\u1ea3o hi\u1ec3m Royal M266 Design"}]},{"@type":"WebSite","@id":"https:\/\/campingmall.azdigi.shop\/#website","url":"https:\/\/campingmall.azdigi.shop\/","name":"CAMPING MALL","description":"","potentialAction":[{"@type":"SearchAction","target":{"@type":"EntryPoint","urlTemplate":"https:\/\/campingmall.azdigi.shop\/?s={search_term_string}"},"query-input":{"@type":"PropertyValueSpecification","valueRequired":true,"valueName":"search_term_string"}}],"inLanguage":"vi"}]}},"_links":{"self":[{"href":"https:\/\/campingmall.azdigi.shop\/index.php?rest_route=\/wp\/v2\/product\/302","targetHints":{"allow":["GET"]}}],"collection":[{"href":"https:\/\/campingmall.azdigi.shop\/index.php?rest_route=\/wp\/v2\/product"}],"about":[{"href":"https:\/\/campingmall.azdigi.shop\/index.php?rest_route=\/wp\/v2\/types\/product"}],"replies":[{"embeddable":true,"href":"https:\/\/campingmall.azdigi.shop\/index.php?rest_route=%2Fwp%2Fv2%2Fcomments&post=302"}],"wp:featuredmedia":[{"embeddable":true,"href":"https:\/\/campingmall.azdigi.shop\/index.php?rest_route=\/wp\/v2\/media\/304"}],"wp:attachment":[{"href":"https:\/\/campingmall.azdigi.shop\/index.php?rest_route=%2Fwp%2Fv2%2Fmedia&parent=302"}],"wp:term":[{"taxonomy":"product_brand","embeddable":true,"href":"https:\/\/campingmall.azdigi.shop\/index.php?rest_route=%2Fwp%2Fv2%2Fproduct_brand&post=302"},{"taxonomy":"product_cat","embeddable":true,"href":"https:\/\/campingmall.azdigi.shop\/index.php?rest_route=%2Fwp%2Fv2%2Fproduct_cat&post=302"},{"taxonomy":"product_tag","embeddable":true,"href":"https:\/\/campingmall.azdigi.shop\/index.php?rest_route=%2Fwp%2Fv2%2Fproduct_tag&post=302"}],"curies":[{"name":"wp","href":"https:\/\/api.w.org\/{rel}","templated":true}]}}