{"id":265,"date":"2026-04-04T03:21:12","date_gmt":"2026-04-04T03:21:12","guid":{"rendered":"https:\/\/campingmall.azdigi.shop\/?post_type=product&#038;p=265"},"modified":"2026-04-10T12:06:18","modified_gmt":"2026-04-10T12:06:18","slug":"dao-deo-co-morakniv-eldris","status":"publish","type":"product","link":"https:\/\/campingmall.azdigi.shop\/?product=dao-deo-co-morakniv-eldris","title":{"rendered":"Dao \u0111eo c\u1ed5 Morakniv\u00ae Eldris (Neck Knife)"},"content":{"rendered":"<h1 data-section-id=\"677qah\" data-start=\"87\" data-end=\"163\"><span style=\"font-size: 115%;\">Dao \u0111eo c\u1ed5 Morakniv\u00ae Eldris (Neck Knife) \u2013 Nh\u1ecf g\u1ecdn, s\u1eafc b\u00e9n, lu\u00f4n s\u1eb5n s\u00e0ng<\/span><\/h1>\n<p data-start=\"245\" data-end=\"461\"><span style=\"font-size: 115%;\">N\u1ebfu b\u1ea1n c\u1ea7n m\u1ed9t con dao nh\u1ecf g\u1ecdn nh\u01b0ng \u0111\u1ee7 m\u1ea1nh m\u1ebd cho c\u00e1c chuy\u1ebfn \u0111i outdoor, <strong data-start=\"321\" data-end=\"365\">Dao \u0111eo c\u1ed5 Morakniv\u00ae Eldris (Neck Knife)<\/strong> l\u00e0 l\u1ef1a ch\u1ecdn c\u1ef1c k\u1ef3 \u0111\u00e1ng c\u00e2n nh\u1eafc. Thi\u1ebft k\u1ebf mini nh\u01b0ng hi\u1ec7u n\u0103ng cao, lu\u00f4n s\u1eb5n s\u00e0ng khi b\u1ea1n c\u1ea7n.<\/span><\/p>\n<h2 data-section-id=\"11bwnlb\" data-start=\"468\" data-end=\"505\"><span style=\"font-size: 115%;\">Thi\u1ebft k\u1ebf nh\u1ecf g\u1ecdn \u2013 \u0110eo c\u1ed5 ti\u1ec7n l\u1ee3i<\/span><\/h2>\n<p data-start=\"507\" data-end=\"542\"><span style=\"font-size: 115%;\">\u0110i\u1ec3m \u0111\u1eb7c tr\u01b0ng c\u1ee7a Morakniv Eldris:<\/span><\/p>\n<ul data-start=\"544\" data-end=\"639\">\n<li data-section-id=\"uf27om\" data-start=\"544\" data-end=\"576\"><span style=\"font-size: 115%;\">K\u00edch th\u01b0\u1edbc nh\u1ecf, d\u1ec5 mang theo<\/span><\/li>\n<li data-section-id=\"4e34yv\" data-start=\"577\" data-end=\"607\"><span style=\"font-size: 115%;\">C\u00f3 th\u1ec3 \u0111eo c\u1ed5 (neck knife)<\/span><\/li>\n<li data-section-id=\"10plpv2\" data-start=\"608\" data-end=\"639\"><span style=\"font-size: 115%;\">Lu\u00f4n s\u1eb5n s\u00e0ng s\u1eed d\u1ee5ng nhanh<\/span><\/li>\n<\/ul>\n<p data-start=\"641\" data-end=\"687\"><span style=\"font-size: 115%;\">\ud83d\udc49 Kh\u00f4ng c\u1ea7n m\u1edf balo, dao lu\u00f4n \u1edf ngay b\u00ean b\u1ea1n.<\/span><\/p>\n<h2 data-section-id=\"18sqz1z\" data-start=\"694\" data-end=\"728\"><span style=\"font-size: 115%;\">L\u01b0\u1ee1i dao s\u1eafc b\u00e9n, hi\u1ec7u n\u0103ng cao<\/span><\/h2>\n<ul data-start=\"730\" data-end=\"818\">\n<li data-section-id=\"1swysnb\" data-start=\"730\" data-end=\"766\"><span style=\"font-size: 115%;\">Th\u00e9p ch\u1ea5t l\u01b0\u1ee3ng cao t\u1eeb Th\u1ee5y \u0110i\u1ec3n<\/span><\/li>\n<li data-section-id=\"ip0rgl\" data-start=\"767\" data-end=\"785\"><span style=\"font-size: 115%;\">Gi\u1eef \u0111\u1ed9 s\u1eafc l\u00e2u<\/span><\/li>\n<li data-section-id=\"1122u5w\" data-start=\"786\" data-end=\"818\"><span style=\"font-size: 115%;\">Ph\u00f9 h\u1ee3p nhi\u1ec1u t\u00e1c v\u1ee5 outdoor<\/span><\/li>\n<\/ul>\n<p data-start=\"820\" data-end=\"866\"><span style=\"font-size: 115%;\">\ud83d\udc49 \u0110\u00e1p \u1ee9ng t\u1ed1t nhu c\u1ea7u t\u1eeb c\u01a1 b\u1ea3n \u0111\u1ebfn sinh t\u1ed3n.<\/span><\/p>\n<h2 data-section-id=\"mlmzxv\" data-start=\"873\" data-end=\"906\"><span style=\"font-size: 115%;\">Tay c\u1ea7m ch\u1eafc ch\u1eafn, ch\u1ed1ng tr\u01b0\u1ee3t<\/span><\/h2>\n<ul data-start=\"908\" data-end=\"975\">\n<li data-section-id=\"1vagc1n\" data-start=\"908\" data-end=\"930\"><span style=\"font-size: 115%;\">Thi\u1ebft k\u1ebf ergonomic<\/span><\/li>\n<li data-section-id=\"128zp52\" data-start=\"931\" data-end=\"951\"><span style=\"font-size: 115%;\">C\u1ea7m n\u1eafm ch\u1eafc tay<\/span><\/li>\n<li data-section-id=\"4tixzi\" data-start=\"952\" data-end=\"975\"><span style=\"font-size: 115%;\">An to\u00e0n khi s\u1eed d\u1ee5ng<\/span><\/li>\n<\/ul>\n<p data-start=\"977\" data-end=\"1026\"><span style=\"font-size: 115%;\">\ud83d\udc49 Gi\u1ea3m tr\u01a1n tr\u01b0\u1ee3t khi tay \u01b0\u1edbt ho\u1eb7c l\u00e0m vi\u1ec7c l\u00e2u.<\/span><\/p>\n<h2 data-section-id=\"1y3lk76\" data-start=\"1033\" data-end=\"1064\"><span style=\"font-size: 115%;\">\u0110a n\u0103ng trong m\u1ecdi t\u00ecnh hu\u1ed1ng<\/span><\/h2>\n<p data-start=\"1066\" data-end=\"1094\"><span style=\"font-size: 115%;\">Morakniv Eldris ph\u00f9 h\u1ee3p cho:<\/span><\/p>\n<ul data-start=\"1096\" data-end=\"1201\">\n<li data-section-id=\"1e0kc0i\" data-start=\"1096\" data-end=\"1117\"><span style=\"font-size: 115%;\">Camping, d\u00e3 ngo\u1ea1i<\/span><\/li>\n<li data-section-id=\"fkragv\" data-start=\"1118\" data-end=\"1149\"><span style=\"font-size: 115%;\">C\u1eaft d\u00e2y, ch\u1ebf bi\u1ebfn th\u1ef1c ph\u1ea9m<\/span><\/li>\n<li data-section-id=\"w25nn5\" data-start=\"1150\" data-end=\"1181\"><span style=\"font-size: 115%;\">L\u00e0m m\u1ed3i l\u1eeda, x\u1eed l\u00fd v\u1eadt d\u1ee5ng<\/span><\/li>\n<li data-section-id=\"lbld9s\" data-start=\"1182\" data-end=\"1201\"><span style=\"font-size: 115%;\">Sinh t\u1ed3n c\u01a1 b\u1ea3n<\/span><\/li>\n<\/ul>\n<p data-start=\"1203\" data-end=\"1243\"><span style=\"font-size: 115%;\">\ud83d\udc49 M\u1ed9t c\u00f4ng c\u1ee5 nh\u1ecf nh\u01b0ng c\u1ef1c k\u1ef3 h\u1eefu \u00edch.<\/span><\/p>\n<h2 data-section-id=\"1vvgr49\" data-start=\"1250\" data-end=\"1279\"><span style=\"font-size: 115%;\">Bao dao an to\u00e0n, ti\u1ec7n d\u1ee5ng<\/span><\/h2>\n<ul data-start=\"1281\" data-end=\"1350\">\n<li data-section-id=\"1yj498f\" data-start=\"1281\" data-end=\"1303\"><span style=\"font-size: 115%;\">Bao nh\u1ef1a ch\u1eafc ch\u1eafn<\/span><\/li>\n<li data-section-id=\"z7er4d\" data-start=\"1304\" data-end=\"1323\"><span style=\"font-size: 115%;\">Gi\u1eef dao c\u1ed1 \u0111\u1ecbnh<\/span><\/li>\n<li data-section-id=\"120lkc0\" data-start=\"1324\" data-end=\"1350\"><span style=\"font-size: 115%;\">D\u1ec5 d\u00e0ng g\u1eafn d\u00e2y \u0111eo c\u1ed5<\/span><\/li>\n<\/ul>\n<p data-start=\"1352\" data-end=\"1387\"><span style=\"font-size: 115%;\">\ud83d\udc49 T\u0103ng t\u00ednh an to\u00e0n khi di chuy\u1ec3n.<\/span><\/p>\n<h2 data-section-id=\"nl7dyp\" data-start=\"1394\" data-end=\"1427\"><span style=\"font-size: 115%;\">G\u1ecdn nh\u1eb9 nh\u01b0ng c\u1ef1c k\u1ef3 \u201c\u0111a d\u1ee5ng\u201d<\/span><\/h2>\n<ul data-start=\"1429\" data-end=\"1522\">\n<li data-section-id=\"1vzmd2o\" data-start=\"1429\" data-end=\"1454\"><span style=\"font-size: 115%;\">Kh\u00f4ng chi\u1ebfm di\u1ec7n t\u00edch<\/span><\/li>\n<li data-section-id=\"1atzb6b\" data-start=\"1455\" data-end=\"1483\"><span style=\"font-size: 115%;\">Lu\u00f4n mang theo b\u00ean ng\u01b0\u1eddi<\/span><\/li>\n<li data-section-id=\"g4lk19\" data-start=\"1484\" data-end=\"1522\"><span style=\"font-size: 115%;\">S\u1eed d\u1ee5ng nhanh trong m\u1ecdi t\u00ecnh hu\u1ed1ng<\/span><\/li>\n<\/ul>\n<p data-start=\"1524\" data-end=\"1572\"><span style=\"font-size: 115%;\">\ud83d\udc49 Ph\u00f9 h\u1ee3p c\u1ea3 ng\u01b0\u1eddi m\u1edbi l\u1eabn d\u00e2n outdoor l\u00e2u n\u0103m.<\/span><\/p>\n<h2 data-section-id=\"18d5dox\" data-start=\"1579\" data-end=\"1614\"><span style=\"font-size: 115%;\">V\u00ec sao n\u00ean ch\u1ecdn Morakniv Eldris?<\/span><\/h2>\n<ul data-start=\"1616\" data-end=\"1741\">\n<li data-section-id=\"1hu828s\" data-start=\"1616\" data-end=\"1648\"><span style=\"font-size: 115%;\">Thi\u1ebft k\u1ebf neck knife ti\u1ec7n l\u1ee3i<\/span><\/li>\n<li data-section-id=\"1dl3yw3\" data-start=\"1649\" data-end=\"1679\"><span style=\"font-size: 115%;\">Nh\u1ecf g\u1ecdn nh\u01b0ng hi\u1ec7u qu\u1ea3 cao<\/span><\/li>\n<li data-section-id=\"3llrih\" data-start=\"1680\" data-end=\"1710\"><span style=\"font-size: 115%;\">Ch\u1ea5t l\u01b0\u1ee3ng chu\u1ea9n Th\u1ee5y \u0110i\u1ec3n<\/span><\/li>\n<li data-section-id=\"o0ir1a\" data-start=\"1711\" data-end=\"1741\"><span style=\"font-size: 115%;\">Ph\u00f9 h\u1ee3p camping &amp; sinh t\u1ed3n<\/span><\/li>\n<\/ul>\n<h2 data-section-id=\"11x5u5b\" data-start=\"1748\" data-end=\"1759\"><span style=\"font-size: 115%;\">K\u1ebft lu\u1eadn<\/span><\/h2>\n<p data-start=\"1761\" data-end=\"1930\"><span style=\"font-size: 115%;\"><strong data-start=\"1761\" data-end=\"1805\">Dao \u0111eo c\u1ed5 Morakniv\u00ae Eldris (Neck Knife)<\/strong> l\u00e0 l\u1ef1a ch\u1ecdn ho\u00e0n h\u1ea3o cho nh\u1eefng ai c\u1ea7n m\u1ed9t con dao nh\u1ecf g\u1ecdn, ti\u1ec7n l\u1ee3i nh\u01b0ng v\u1eabn \u0111\u1ee7 m\u1ea1nh m\u1ebd \u0111\u1ec3 x\u1eed l\u00fd c\u00e1c t\u00ecnh hu\u1ed1ng ngo\u00e0i tr\u1eddi.<\/span><\/p>\n<p data-start=\"1932\" data-end=\"1993\"><span style=\"font-size: 115%;\">\ud83d\udc49 M\u1ed9t m\u00f3n gear nh\u1ecf nh\u01b0ng c\u1ef1c k\u1ef3 \u0111\u00e1ng c\u00f3 trong m\u1ecdi chuy\u1ebfn \u0111i.<\/span><\/p>\n","protected":false},"excerpt":{"rendered":"<p>Dao \u0111eo c\u1ed5 Morakniv\u00ae Eldris (Neck Knife) \u2013 Nh\u1ecf g\u1ecdn, s\u1eafc b\u00e9n, lu\u00f4n s\u1eb5n s\u00e0ng N\u1ebfu b\u1ea1n c\u1ea7n m\u1ed9t con dao nh\u1ecf g\u1ecdn nh\u01b0ng \u0111\u1ee7 m\u1ea1nh m\u1ebd cho c\u00e1c chuy\u1ebfn \u0111i outdoor, Dao \u0111eo c\u1ed5 Morakniv\u00ae Eldris (Neck Knife) l\u00e0 l\u1ef1a ch\u1ecdn c\u1ef1c k\u1ef3 \u0111\u00e1ng c\u00e2n nh\u1eafc. Thi\u1ebft k\u1ebf mini nh\u01b0ng hi\u1ec7u n\u0103ng cao, lu\u00f4n [&#8230;]\n","protected":false},"featured_media":206,"comment_status":"open","ping_status":"closed","template":"","meta":[],"product_brand":[],"product_cat":[21],"product_tag":[],"class_list":{"0":"post-265","1":"product","2":"type-product","3":"status-publish","4":"has-post-thumbnail","6":"product_cat-dao-di-phuot-dao-di-rung","8":"first","9":"instock","10":"shipping-taxable","11":"purchasable","12":"product-type-variable"},"yoast_head":"<!-- This site is optimized with the Yoast SEO plugin v27.2 - https:\/\/yoast.com\/product\/yoast-seo-wordpress\/ -->\n<title>Dao \u0111eo c\u1ed5 Morakniv\u00ae Eldris (Neck Knife) - CAMPING MALL<\/title>\n<meta name=\"description\" content=\"Dao \u0111eo c\u1ed5 Morakniv Eldris nh\u1ecf g\u1ecdn, s\u1eafc b\u00e9n, ti\u1ec7n l\u1ee3i cho camping, d\u00e3 ngo\u1ea1i v\u00e0 sinh t\u1ed3n, d\u1ec5 mang theo m\u1ecdi l\u00fac m\u1ecdi n\u01a1i.\" \/>\n<meta name=\"robots\" content=\"noindex, follow, max-snippet:-1, max-image-preview:large, max-video-preview:-1\" \/>\n<meta property=\"og:locale\" content=\"vi_VN\" \/>\n<meta property=\"og:type\" content=\"article\" \/>\n<meta property=\"og:title\" content=\"Dao \u0111eo c\u1ed5 Morakniv\u00ae Eldris (Neck Knife) - CAMPING MALL\" \/>\n<meta property=\"og:description\" content=\"Dao \u0111eo c\u1ed5 Morakniv Eldris nh\u1ecf g\u1ecdn, s\u1eafc b\u00e9n, ti\u1ec7n l\u1ee3i cho camping, d\u00e3 ngo\u1ea1i v\u00e0 sinh t\u1ed3n, d\u1ec5 mang theo m\u1ecdi l\u00fac m\u1ecdi n\u01a1i.\" \/>\n<meta property=\"og:url\" content=\"https:\/\/campingmall.azdigi.shop\/?product=dao-deo-co-morakniv-eldris\" \/>\n<meta property=\"og:site_name\" content=\"CAMPING MALL\" \/>\n<meta property=\"article:modified_time\" content=\"2026-04-10T12:06:18+00:00\" \/>\n<meta property=\"og:image\" content=\"https:\/\/campingmall.azdigi.shop\/wp-content\/uploads\/2026\/03\/fanfan-dao-da-ngoai-mora-eldris-neck-knife-thumb_0067690_bfd904becf3541eba1b384a8233ec8be_1024x1024.png\" \/>\n\t<meta property=\"og:image:width\" content=\"800\" \/>\n\t<meta property=\"og:image:height\" content=\"800\" \/>\n\t<meta property=\"og:image:type\" content=\"image\/png\" \/>\n<meta name=\"twitter:card\" content=\"summary_large_image\" \/>\n<meta name=\"twitter:label1\" content=\"\u01af\u1edbc t\u00ednh th\u1eddi gian \u0111\u1ecdc\" \/>\n\t<meta name=\"twitter:data1\" content=\"3 ph\u00fat\" \/>\n<script type=\"application\/ld+json\" class=\"yoast-schema-graph\">{\"@context\":\"https:\/\/schema.org\",\"@graph\":[{\"@type\":\"WebPage\",\"@id\":\"https:\/\/campingmall.azdigi.shop\/?product=dao-deo-co-morakniv-eldris\",\"url\":\"https:\/\/campingmall.azdigi.shop\/?product=dao-deo-co-morakniv-eldris\",\"name\":\"Dao \u0111eo c\u1ed5 Morakniv\u00ae Eldris (Neck Knife) - CAMPING MALL\",\"isPartOf\":{\"@id\":\"https:\/\/campingmall.azdigi.shop\/#website\"},\"primaryImageOfPage\":{\"@id\":\"https:\/\/campingmall.azdigi.shop\/?product=dao-deo-co-morakniv-eldris#primaryimage\"},\"image\":{\"@id\":\"https:\/\/campingmall.azdigi.shop\/?product=dao-deo-co-morakniv-eldris#primaryimage\"},\"thumbnailUrl\":\"https:\/\/campingmall.azdigi.shop\/wp-content\/uploads\/2026\/03\/fanfan-dao-da-ngoai-mora-eldris-neck-knife-thumb_0067690_bfd904becf3541eba1b384a8233ec8be_1024x1024.png\",\"datePublished\":\"2026-04-04T03:21:12+00:00\",\"dateModified\":\"2026-04-10T12:06:18+00:00\",\"description\":\"Dao \u0111eo c\u1ed5 Morakniv Eldris nh\u1ecf g\u1ecdn, s\u1eafc b\u00e9n, ti\u1ec7n l\u1ee3i cho camping, d\u00e3 ngo\u1ea1i v\u00e0 sinh t\u1ed3n, d\u1ec5 mang theo m\u1ecdi l\u00fac m\u1ecdi n\u01a1i.\",\"breadcrumb\":{\"@id\":\"https:\/\/campingmall.azdigi.shop\/?product=dao-deo-co-morakniv-eldris#breadcrumb\"},\"inLanguage\":\"vi\",\"potentialAction\":[{\"@type\":\"ReadAction\",\"target\":[\"https:\/\/campingmall.azdigi.shop\/?product=dao-deo-co-morakniv-eldris\"]}]},{\"@type\":\"ImageObject\",\"inLanguage\":\"vi\",\"@id\":\"https:\/\/campingmall.azdigi.shop\/?product=dao-deo-co-morakniv-eldris#primaryimage\",\"url\":\"https:\/\/campingmall.azdigi.shop\/wp-content\/uploads\/2026\/03\/fanfan-dao-da-ngoai-mora-eldris-neck-knife-thumb_0067690_bfd904becf3541eba1b384a8233ec8be_1024x1024.png\",\"contentUrl\":\"https:\/\/campingmall.azdigi.shop\/wp-content\/uploads\/2026\/03\/fanfan-dao-da-ngoai-mora-eldris-neck-knife-thumb_0067690_bfd904becf3541eba1b384a8233ec8be_1024x1024.png\",\"width\":800,\"height\":800},{\"@type\":\"BreadcrumbList\",\"@id\":\"https:\/\/campingmall.azdigi.shop\/?product=dao-deo-co-morakniv-eldris#breadcrumb\",\"itemListElement\":[{\"@type\":\"ListItem\",\"position\":1,\"name\":\"Trang ch\u1ee7\",\"item\":\"https:\/\/campingmall.azdigi.shop\/\"},{\"@type\":\"ListItem\",\"position\":2,\"name\":\"C\u1eeda h\u00e0ng\",\"item\":\"https:\/\/campingmall.azdigi.shop\/?page_id=123\"},{\"@type\":\"ListItem\",\"position\":3,\"name\":\"Dao \u0111eo c\u1ed5 Morakniv\u00ae Eldris (Neck Knife)\"}]},{\"@type\":\"WebSite\",\"@id\":\"https:\/\/campingmall.azdigi.shop\/#website\",\"url\":\"https:\/\/campingmall.azdigi.shop\/\",\"name\":\"CAMPING MALL\",\"description\":\"\",\"potentialAction\":[{\"@type\":\"SearchAction\",\"target\":{\"@type\":\"EntryPoint\",\"urlTemplate\":\"https:\/\/campingmall.azdigi.shop\/?s={search_term_string}\"},\"query-input\":{\"@type\":\"PropertyValueSpecification\",\"valueRequired\":true,\"valueName\":\"search_term_string\"}}],\"inLanguage\":\"vi\"}]}<\/script>\n<!-- \/ Yoast SEO plugin. -->","yoast_head_json":{"title":"Dao \u0111eo c\u1ed5 Morakniv\u00ae Eldris (Neck Knife) - CAMPING MALL","description":"Dao \u0111eo c\u1ed5 Morakniv Eldris nh\u1ecf g\u1ecdn, s\u1eafc b\u00e9n, ti\u1ec7n l\u1ee3i cho camping, d\u00e3 ngo\u1ea1i v\u00e0 sinh t\u1ed3n, d\u1ec5 mang theo m\u1ecdi l\u00fac m\u1ecdi n\u01a1i.","robots":{"index":"noindex","follow":"follow","max-snippet":"max-snippet:-1","max-image-preview":"max-image-preview:large","max-video-preview":"max-video-preview:-1"},"og_locale":"vi_VN","og_type":"article","og_title":"Dao \u0111eo c\u1ed5 Morakniv\u00ae Eldris (Neck Knife) - CAMPING MALL","og_description":"Dao \u0111eo c\u1ed5 Morakniv Eldris nh\u1ecf g\u1ecdn, s\u1eafc b\u00e9n, ti\u1ec7n l\u1ee3i cho camping, d\u00e3 ngo\u1ea1i v\u00e0 sinh t\u1ed3n, d\u1ec5 mang theo m\u1ecdi l\u00fac m\u1ecdi n\u01a1i.","og_url":"https:\/\/campingmall.azdigi.shop\/?product=dao-deo-co-morakniv-eldris","og_site_name":"CAMPING MALL","article_modified_time":"2026-04-10T12:06:18+00:00","og_image":[{"width":800,"height":800,"url":"https:\/\/campingmall.azdigi.shop\/wp-content\/uploads\/2026\/03\/fanfan-dao-da-ngoai-mora-eldris-neck-knife-thumb_0067690_bfd904becf3541eba1b384a8233ec8be_1024x1024.png","type":"image\/png"}],"twitter_card":"summary_large_image","twitter_misc":{"\u01af\u1edbc t\u00ednh th\u1eddi gian \u0111\u1ecdc":"3 ph\u00fat"},"schema":{"@context":"https:\/\/schema.org","@graph":[{"@type":"WebPage","@id":"https:\/\/campingmall.azdigi.shop\/?product=dao-deo-co-morakniv-eldris","url":"https:\/\/campingmall.azdigi.shop\/?product=dao-deo-co-morakniv-eldris","name":"Dao \u0111eo c\u1ed5 Morakniv\u00ae Eldris (Neck Knife) - CAMPING MALL","isPartOf":{"@id":"https:\/\/campingmall.azdigi.shop\/#website"},"primaryImageOfPage":{"@id":"https:\/\/campingmall.azdigi.shop\/?product=dao-deo-co-morakniv-eldris#primaryimage"},"image":{"@id":"https:\/\/campingmall.azdigi.shop\/?product=dao-deo-co-morakniv-eldris#primaryimage"},"thumbnailUrl":"https:\/\/campingmall.azdigi.shop\/wp-content\/uploads\/2026\/03\/fanfan-dao-da-ngoai-mora-eldris-neck-knife-thumb_0067690_bfd904becf3541eba1b384a8233ec8be_1024x1024.png","datePublished":"2026-04-04T03:21:12+00:00","dateModified":"2026-04-10T12:06:18+00:00","description":"Dao \u0111eo c\u1ed5 Morakniv Eldris nh\u1ecf g\u1ecdn, s\u1eafc b\u00e9n, ti\u1ec7n l\u1ee3i cho camping, d\u00e3 ngo\u1ea1i v\u00e0 sinh t\u1ed3n, d\u1ec5 mang theo m\u1ecdi l\u00fac m\u1ecdi n\u01a1i.","breadcrumb":{"@id":"https:\/\/campingmall.azdigi.shop\/?product=dao-deo-co-morakniv-eldris#breadcrumb"},"inLanguage":"vi","potentialAction":[{"@type":"ReadAction","target":["https:\/\/campingmall.azdigi.shop\/?product=dao-deo-co-morakniv-eldris"]}]},{"@type":"ImageObject","inLanguage":"vi","@id":"https:\/\/campingmall.azdigi.shop\/?product=dao-deo-co-morakniv-eldris#primaryimage","url":"https:\/\/campingmall.azdigi.shop\/wp-content\/uploads\/2026\/03\/fanfan-dao-da-ngoai-mora-eldris-neck-knife-thumb_0067690_bfd904becf3541eba1b384a8233ec8be_1024x1024.png","contentUrl":"https:\/\/campingmall.azdigi.shop\/wp-content\/uploads\/2026\/03\/fanfan-dao-da-ngoai-mora-eldris-neck-knife-thumb_0067690_bfd904becf3541eba1b384a8233ec8be_1024x1024.png","width":800,"height":800},{"@type":"BreadcrumbList","@id":"https:\/\/campingmall.azdigi.shop\/?product=dao-deo-co-morakniv-eldris#breadcrumb","itemListElement":[{"@type":"ListItem","position":1,"name":"Trang ch\u1ee7","item":"https:\/\/campingmall.azdigi.shop\/"},{"@type":"ListItem","position":2,"name":"C\u1eeda h\u00e0ng","item":"https:\/\/campingmall.azdigi.shop\/?page_id=123"},{"@type":"ListItem","position":3,"name":"Dao \u0111eo c\u1ed5 Morakniv\u00ae Eldris (Neck Knife)"}]},{"@type":"WebSite","@id":"https:\/\/campingmall.azdigi.shop\/#website","url":"https:\/\/campingmall.azdigi.shop\/","name":"CAMPING MALL","description":"","potentialAction":[{"@type":"SearchAction","target":{"@type":"EntryPoint","urlTemplate":"https:\/\/campingmall.azdigi.shop\/?s={search_term_string}"},"query-input":{"@type":"PropertyValueSpecification","valueRequired":true,"valueName":"search_term_string"}}],"inLanguage":"vi"}]}},"_links":{"self":[{"href":"https:\/\/campingmall.azdigi.shop\/index.php?rest_route=\/wp\/v2\/product\/265","targetHints":{"allow":["GET"]}}],"collection":[{"href":"https:\/\/campingmall.azdigi.shop\/index.php?rest_route=\/wp\/v2\/product"}],"about":[{"href":"https:\/\/campingmall.azdigi.shop\/index.php?rest_route=\/wp\/v2\/types\/product"}],"replies":[{"embeddable":true,"href":"https:\/\/campingmall.azdigi.shop\/index.php?rest_route=%2Fwp%2Fv2%2Fcomments&post=265"}],"wp:featuredmedia":[{"embeddable":true,"href":"https:\/\/campingmall.azdigi.shop\/index.php?rest_route=\/wp\/v2\/media\/206"}],"wp:attachment":[{"href":"https:\/\/campingmall.azdigi.shop\/index.php?rest_route=%2Fwp%2Fv2%2Fmedia&parent=265"}],"wp:term":[{"taxonomy":"product_brand","embeddable":true,"href":"https:\/\/campingmall.azdigi.shop\/index.php?rest_route=%2Fwp%2Fv2%2Fproduct_brand&post=265"},{"taxonomy":"product_cat","embeddable":true,"href":"https:\/\/campingmall.azdigi.shop\/index.php?rest_route=%2Fwp%2Fv2%2Fproduct_cat&post=265"},{"taxonomy":"product_tag","embeddable":true,"href":"https:\/\/campingmall.azdigi.shop\/index.php?rest_route=%2Fwp%2Fv2%2Fproduct_tag&post=265"}],"curies":[{"name":"wp","href":"https:\/\/api.w.org\/{rel}","templated":true}]}}