{"id":257,"date":"2026-04-04T03:16:10","date_gmt":"2026-04-04T03:16:10","guid":{"rendered":"https:\/\/campingmall.azdigi.shop\/?post_type=product&#038;p=257"},"modified":"2026-04-10T12:01:47","modified_gmt":"2026-04-10T12:01:47","slug":"dao-danh-lua-mora-fireknife","status":"publish","type":"product","link":"https:\/\/campingmall.azdigi.shop\/?product=dao-danh-lua-mora-fireknife","title":{"rendered":"Dao \u0110\u00e1nh L\u1eeda D\u00e3 Ngo\u1ea1i Mora FireKnife"},"content":{"rendered":"<h1 data-section-id=\"1t5af4o\" data-start=\"94\" data-end=\"173\"><span style=\"font-size: 115%;\">Dao \u0110\u00e1nh L\u1eeda D\u00e3 Ngo\u1ea1i Mora FireKnife \u2013 Dao outdoor t\u00edch h\u1ee3p \u0111\u00e1nh l\u1eeda ti\u1ec7n l\u1ee3i<\/span><\/h1>\n<p data-start=\"254\" data-end=\"497\"><span style=\"font-size: 115%;\">N\u1ebfu b\u1ea1n \u0111ang t\u00ecm m\u1ed9t c\u00f4ng c\u1ee5 \u0111a n\u0103ng cho nh\u1eefng chuy\u1ebfn \u0111i ngo\u00e0i tr\u1eddi, <strong data-start=\"323\" data-end=\"363\">Dao \u0110\u00e1nh L\u1eeda D\u00e3 Ngo\u1ea1i Mora FireKnife<\/strong> l\u00e0 l\u1ef1a ch\u1ecdn c\u1ef1c k\u1ef3 \u0111\u00e1ng gi\u00e1. \u0110\u00e2y l\u00e0 d\u00f2ng dao n\u1ed5i b\u1eadt c\u1ee7a Morakniv khi t\u00edch h\u1ee3p <strong data-start=\"443\" data-end=\"476\">thanh \u0111\u00e1nh l\u1eeda (fire starter)<\/strong> ngay trong thi\u1ebft k\u1ebf.<\/span><\/p>\n<h2 data-section-id=\"1ypa7tc\" data-start=\"504\" data-end=\"542\"><span style=\"font-size: 115%;\">Dao + \u0111\u00e1nh l\u1eeda \u2013 2 trong 1 ti\u1ec7n l\u1ee3i<\/span><\/h2>\n<p data-start=\"544\" data-end=\"577\"><span style=\"font-size: 115%;\">\u0110i\u1ec3m \u0111\u1eb7c bi\u1ec7t c\u1ee7a Mora FireKnife:<\/span><\/p>\n<ul data-start=\"579\" data-end=\"709\">\n<li data-section-id=\"1md0fgp\" data-start=\"579\" data-end=\"624\"><span style=\"font-size: 115%;\">T\u00edch h\u1ee3p <strong data-start=\"590\" data-end=\"608\">thanh \u0111\u00e1nh l\u1eeda<\/strong> trong tay c\u1ea7m<\/span><\/li>\n<li data-section-id=\"gks1n8\" data-start=\"625\" data-end=\"662\"><span style=\"font-size: 115%;\">Kh\u00f4ng c\u1ea7n mang th\u00eam d\u1ee5ng c\u1ee5 ri\u00eang<\/span><\/li>\n<li data-section-id=\"1nwj1gx\" data-start=\"663\" data-end=\"709\"><span style=\"font-size: 115%;\">Lu\u00f4n s\u1eb5n s\u00e0ng t\u1ea1o l\u1eeda trong m\u1ecdi t\u00ecnh hu\u1ed1ng<\/span><\/li>\n<\/ul>\n<p data-start=\"711\" data-end=\"760\"><span style=\"font-size: 115%;\">\ud83d\udc49 R\u1ea5t ph\u00f9 h\u1ee3p cho camping, trekking v\u00e0 sinh t\u1ed3n.<\/span><\/p>\n<h2 data-section-id=\"fwvcgb\" data-start=\"767\" data-end=\"794\"><span style=\"font-size: 115%;\">L\u01b0\u1ee1i dao s\u1eafc b\u00e9n, b\u1ec1n b\u1ec9<\/span><\/h2>\n<ul data-start=\"796\" data-end=\"900\">\n<li data-section-id=\"1swysnb\" data-start=\"796\" data-end=\"832\"><span style=\"font-size: 115%;\">Th\u00e9p ch\u1ea5t l\u01b0\u1ee3ng cao t\u1eeb Th\u1ee5y \u0110i\u1ec3n<\/span><\/li>\n<li data-section-id=\"1l1bw5i\" data-start=\"833\" data-end=\"865\"><span style=\"font-size: 115%;\">\u0110\u1ed9 s\u1eafc \u1ed5n \u0111\u1ecbnh, d\u1ec5 b\u1ea3o d\u01b0\u1ee1ng<\/span><\/li>\n<li data-section-id=\"grj93\" data-start=\"866\" data-end=\"900\"><span style=\"font-size: 115%;\">Ph\u00f9 h\u1ee3p c\u1eaft g\u1ed7, d\u00e2y, th\u1ef1c ph\u1ea9m<\/span><\/li>\n<\/ul>\n<p data-start=\"902\" data-end=\"953\"><span style=\"font-size: 115%;\">\ud83d\udc49 \u0110\u00e1p \u1ee9ng t\u1ed1t nhu c\u1ea7u outdoor c\u01a1 b\u1ea3n \u0111\u1ebfn n\u00e2ng cao.<\/span><\/p>\n<h2 data-section-id=\"x6xj2c\" data-start=\"960\" data-end=\"1010\"><span style=\"font-size: 115%;\">\u0110\u00e1nh l\u1eeda m\u1ea1nh \u2013 Ho\u1ea1t \u0111\u1ed9ng trong nhi\u1ec1u \u0111i\u1ec1u ki\u1ec7n<\/span><\/h2>\n<ul data-start=\"1012\" data-end=\"1116\">\n<li data-section-id=\"r3f8za\" data-start=\"1012\" data-end=\"1050\"><span style=\"font-size: 115%;\">Thanh ferrocerium t\u1ea1o tia l\u1eeda m\u1ea1nh<\/span><\/li>\n<li data-section-id=\"1n1xtm1\" data-start=\"1051\" data-end=\"1084\"><span style=\"font-size: 115%;\">S\u1eed d\u1ee5ng \u0111\u01b0\u1ee3c khi \u1ea9m ho\u1eb7c l\u1ea1nh<\/span><\/li>\n<li data-section-id=\"19msjrr\" data-start=\"1085\" data-end=\"1116\"><span style=\"font-size: 115%;\">\u0110\u00e1nh l\u1eeda nhanh, d\u1ec5 thao t\u00e1c<\/span><\/li>\n<\/ul>\n<p data-start=\"1118\" data-end=\"1166\"><span style=\"font-size: 115%;\">\ud83d\udc49 Gi\u00fap b\u1ea1n t\u1ea1o l\u1eeda ngay c\u1ea3 trong \u0111i\u1ec1u ki\u1ec7n kh\u00f3.<\/span><\/p>\n<h2 data-section-id=\"1h2ycxn\" data-start=\"1173\" data-end=\"1202\"><span style=\"font-size: 115%;\">Tay c\u1ea7m ch\u1eafc ch\u1eafn, an to\u00e0n<\/span><\/h2>\n<ul data-start=\"1204\" data-end=\"1289\">\n<li data-section-id=\"1x25e6o\" data-start=\"1204\" data-end=\"1228\"><span style=\"font-size: 115%;\">Thi\u1ebft k\u1ebf ch\u1ed1ng tr\u01b0\u1ee3t<\/span><\/li>\n<li data-section-id=\"128zp52\" data-start=\"1229\" data-end=\"1249\"><span style=\"font-size: 115%;\">C\u1ea7m n\u1eafm ch\u1eafc tay<\/span><\/li>\n<li data-section-id=\"18r9i4g\" data-start=\"1250\" data-end=\"1289\"><span style=\"font-size: 115%;\">S\u1eed d\u1ee5ng an to\u00e0n trong th\u1eddi gian d\u00e0i<\/span><\/li>\n<\/ul>\n<p data-start=\"1291\" data-end=\"1330\"><span style=\"font-size: 115%;\">\ud83d\udc49 Gi\u1ea3m r\u1ee7i ro khi thao t\u00e1c ngo\u00e0i tr\u1eddi.<\/span><\/p>\n<h2 data-section-id=\"1azz2wp\" data-start=\"1337\" data-end=\"1378\"><span style=\"font-size: 115%;\">Bao dao ti\u1ec7n d\u1ee5ng, t\u00edch h\u1ee3p th\u00f4ng minh<\/span><\/h2>\n<ul data-start=\"1380\" data-end=\"1460\">\n<li data-section-id=\"ksvn4o\" data-start=\"1380\" data-end=\"1401\"><span style=\"font-size: 115%;\">Bao nh\u1ef1a b\u1ec1n ch\u1eafc<\/span><\/li>\n<li data-section-id=\"1m08jo1\" data-start=\"1402\" data-end=\"1433\"><span style=\"font-size: 115%;\">G\u1eafn thanh \u0111\u00e1nh l\u1eeda ti\u1ec7n l\u1ee3i<\/span><\/li>\n<li data-section-id=\"1gv26r5\" data-start=\"1434\" data-end=\"1460\"><span style=\"font-size: 115%;\">D\u1ec5 mang theo b\u00ean ng\u01b0\u1eddi<\/span><\/li>\n<\/ul>\n<p data-start=\"1462\" data-end=\"1508\"><span style=\"font-size: 115%;\">\ud83d\udc49 T\u1ed1i \u01b0u cho vi\u1ec7c di chuy\u1ec3n v\u00e0 s\u1eed d\u1ee5ng nhanh.<\/span><\/p>\n<h2 data-section-id=\"het2wn\" data-start=\"1515\" data-end=\"1545\"><span style=\"font-size: 115%;\">\u0110a n\u0103ng trong m\u1ecdi chuy\u1ebfn \u0111i<\/span><\/h2>\n<p data-start=\"1547\" data-end=\"1574\"><span style=\"font-size: 115%;\">Mora FireKnife ph\u00f9 h\u1ee3p cho:<\/span><\/p>\n<ul data-start=\"1576\" data-end=\"1670\">\n<li data-section-id=\"1e0kc0i\" data-start=\"1576\" data-end=\"1597\"><span style=\"font-size: 115%;\">Camping, d\u00e3 ngo\u1ea1i<\/span><\/li>\n<li data-section-id=\"1nmone1\" data-start=\"1598\" data-end=\"1621\"><span style=\"font-size: 115%;\">Trekking, bushcraft<\/span><\/li>\n<li data-section-id=\"19jctpc\" data-start=\"1622\" data-end=\"1645\"><span style=\"font-size: 115%;\">Sinh t\u1ed3n ngo\u00e0i tr\u1eddi<\/span><\/li>\n<li data-section-id=\"6a77qg\" data-start=\"1646\" data-end=\"1670\"><span style=\"font-size: 115%;\">Nh\u00f3m ph\u01b0\u1ee3t, explorer<\/span><\/li>\n<\/ul>\n<p data-start=\"1672\" data-end=\"1715\"><span style=\"font-size: 115%;\">\ud83d\udc49 M\u1ed9t c\u00f4ng c\u1ee5 \u201cmust-have\u201d cho d\u00e2n outdoor.<\/span><\/p>\n<h2 data-section-id=\"n5d2gp\" data-start=\"1722\" data-end=\"1756\"><span style=\"font-size: 115%;\">V\u00ec sao n\u00ean ch\u1ecdn Mora FireKnife?<\/span><\/h2>\n<ul data-start=\"1758\" data-end=\"1893\">\n<li data-section-id=\"198xzik\" data-start=\"1758\" data-end=\"1793\"><span style=\"font-size: 115%;\">Dao + \u0111\u00e1nh l\u1eeda trong 1 s\u1ea3n ph\u1ea9m<\/span><\/li>\n<li data-section-id=\"6a5dk3\" data-start=\"1794\" data-end=\"1816\"><span style=\"font-size: 115%;\">G\u1ecdn nh\u1eb9, ti\u1ec7n d\u1ee5ng<\/span><\/li>\n<li data-section-id=\"xujulw\" data-start=\"1817\" data-end=\"1847\"><span style=\"font-size: 115%;\">Ch\u1ea5t l\u01b0\u1ee3ng Morakniv uy t\u00edn<\/span><\/li>\n<li data-section-id=\"crb8u1\" data-start=\"1848\" data-end=\"1893\"><span style=\"font-size: 115%;\">Ho\u1ea1t \u0111\u1ed9ng t\u1ed1t trong \u0111i\u1ec1u ki\u1ec7n kh\u1eafc nghi\u1ec7t<\/span><\/li>\n<\/ul>\n<h2 data-section-id=\"11x5u5b\" data-start=\"1900\" data-end=\"1911\"><span style=\"font-size: 115%;\">K\u1ebft lu\u1eadn<\/span><\/h2>\n<p data-start=\"1913\" data-end=\"2047\"><span style=\"font-size: 115%;\"><strong data-start=\"1913\" data-end=\"1953\">Dao \u0110\u00e1nh L\u1eeda D\u00e3 Ngo\u1ea1i Mora FireKnife<\/strong> l\u00e0 l\u1ef1a ch\u1ecdn ho\u00e0n h\u1ea3o cho nh\u1eefng ai y\u00eau th\u00edch outdoor v\u00e0 c\u1ea7n m\u1ed9t c\u00f4ng c\u1ee5 \u0111a n\u0103ng, \u0111\u00e1ng tin c\u1eady.<\/span><\/p>\n<p data-start=\"2049\" data-end=\"2133\"><span style=\"font-size: 115%;\">\ud83d\udc49 N\u1ebfu b\u1ea1n mu\u1ed1n g\u1ecdn nh\u1eb9 nh\u01b0ng v\u1eabn \u0111\u1ea7y \u0111\u1ee7 c\u00f4ng n\u0103ng, \u0111\u00e2y l\u00e0 s\u1ea3n ph\u1ea9m r\u1ea5t \u0111\u00e1ng \u0111\u1ea7u t\u01b0.<\/span><\/p>\n","protected":false},"excerpt":{"rendered":"<p>Dao \u0110\u00e1nh L\u1eeda D\u00e3 Ngo\u1ea1i Mora FireKnife \u2013 Dao outdoor t\u00edch h\u1ee3p \u0111\u00e1nh l\u1eeda ti\u1ec7n l\u1ee3i N\u1ebfu b\u1ea1n \u0111ang t\u00ecm m\u1ed9t c\u00f4ng c\u1ee5 \u0111a n\u0103ng cho nh\u1eefng chuy\u1ebfn \u0111i ngo\u00e0i tr\u1eddi, Dao \u0110\u00e1nh L\u1eeda D\u00e3 Ngo\u1ea1i Mora FireKnife l\u00e0 l\u1ef1a ch\u1ecdn c\u1ef1c k\u1ef3 \u0111\u00e1ng gi\u00e1. \u0110\u00e2y l\u00e0 d\u00f2ng dao n\u1ed5i b\u1eadt c\u1ee7a Morakniv khi t\u00edch [&#8230;]\n","protected":false},"featured_media":205,"comment_status":"open","ping_status":"closed","template":"","meta":[],"product_brand":[],"product_cat":[21],"product_tag":[],"class_list":{"0":"post-257","1":"product","2":"type-product","3":"status-publish","4":"has-post-thumbnail","6":"product_cat-dao-di-phuot-dao-di-rung","8":"first","9":"instock","10":"shipping-taxable","11":"purchasable","12":"product-type-variable"},"yoast_head":"<!-- This site is optimized with the Yoast SEO plugin v27.2 - https:\/\/yoast.com\/product\/yoast-seo-wordpress\/ -->\n<title>Dao \u0110\u00e1nh L\u1eeda D\u00e3 Ngo\u1ea1i Mora FireKnife - CAMPING MALL<\/title>\n<meta name=\"description\" content=\"Dao Mora FireKnife t\u00edch h\u1ee3p thanh \u0111\u00e1nh l\u1eeda ti\u1ec7n l\u1ee3i, ph\u00f9 h\u1ee3p camping, trekking v\u00e0 sinh t\u1ed3n, nh\u1ecf g\u1ecdn v\u00e0 d\u1ec5 mang theo.\" \/>\n<meta name=\"robots\" content=\"noindex, follow, max-snippet:-1, max-image-preview:large, max-video-preview:-1\" \/>\n<meta property=\"og:locale\" content=\"vi_VN\" \/>\n<meta property=\"og:type\" content=\"article\" \/>\n<meta property=\"og:title\" content=\"Dao \u0110\u00e1nh L\u1eeda D\u00e3 Ngo\u1ea1i Mora FireKnife - CAMPING MALL\" \/>\n<meta property=\"og:description\" content=\"Dao Mora FireKnife t\u00edch h\u1ee3p thanh \u0111\u00e1nh l\u1eeda ti\u1ec7n l\u1ee3i, ph\u00f9 h\u1ee3p camping, trekking v\u00e0 sinh t\u1ed3n, nh\u1ecf g\u1ecdn v\u00e0 d\u1ec5 mang theo.\" \/>\n<meta property=\"og:url\" content=\"https:\/\/campingmall.azdigi.shop\/?product=dao-danh-lua-mora-fireknife\" \/>\n<meta property=\"og:site_name\" content=\"CAMPING MALL\" \/>\n<meta property=\"article:modified_time\" content=\"2026-04-10T12:01:47+00:00\" \/>\n<meta property=\"og:image\" content=\"https:\/\/campingmall.azdigi.shop\/wp-content\/uploads\/2026\/03\/dao-danh-lua-da-ngoai-mora-fireknife_0062944_9116742ebbfa4815826b4024ce9f4523_1024x1024.jpeg\" \/>\n\t<meta property=\"og:image:width\" content=\"575\" \/>\n\t<meta property=\"og:image:height\" content=\"575\" \/>\n\t<meta property=\"og:image:type\" content=\"image\/jpeg\" \/>\n<meta name=\"twitter:card\" content=\"summary_large_image\" \/>\n<meta name=\"twitter:label1\" content=\"\u01af\u1edbc t\u00ednh th\u1eddi gian \u0111\u1ecdc\" \/>\n\t<meta name=\"twitter:data1\" content=\"3 ph\u00fat\" \/>\n<script type=\"application\/ld+json\" class=\"yoast-schema-graph\">{\"@context\":\"https:\/\/schema.org\",\"@graph\":[{\"@type\":\"WebPage\",\"@id\":\"https:\/\/campingmall.azdigi.shop\/?product=dao-danh-lua-mora-fireknife\",\"url\":\"https:\/\/campingmall.azdigi.shop\/?product=dao-danh-lua-mora-fireknife\",\"name\":\"Dao \u0110\u00e1nh L\u1eeda D\u00e3 Ngo\u1ea1i Mora FireKnife - CAMPING MALL\",\"isPartOf\":{\"@id\":\"https:\/\/campingmall.azdigi.shop\/#website\"},\"primaryImageOfPage\":{\"@id\":\"https:\/\/campingmall.azdigi.shop\/?product=dao-danh-lua-mora-fireknife#primaryimage\"},\"image\":{\"@id\":\"https:\/\/campingmall.azdigi.shop\/?product=dao-danh-lua-mora-fireknife#primaryimage\"},\"thumbnailUrl\":\"https:\/\/campingmall.azdigi.shop\/wp-content\/uploads\/2026\/03\/dao-danh-lua-da-ngoai-mora-fireknife_0062944_9116742ebbfa4815826b4024ce9f4523_1024x1024.jpeg\",\"datePublished\":\"2026-04-04T03:16:10+00:00\",\"dateModified\":\"2026-04-10T12:01:47+00:00\",\"description\":\"Dao Mora FireKnife t\u00edch h\u1ee3p thanh \u0111\u00e1nh l\u1eeda ti\u1ec7n l\u1ee3i, ph\u00f9 h\u1ee3p camping, trekking v\u00e0 sinh t\u1ed3n, nh\u1ecf g\u1ecdn v\u00e0 d\u1ec5 mang theo.\",\"breadcrumb\":{\"@id\":\"https:\/\/campingmall.azdigi.shop\/?product=dao-danh-lua-mora-fireknife#breadcrumb\"},\"inLanguage\":\"vi\",\"potentialAction\":[{\"@type\":\"ReadAction\",\"target\":[\"https:\/\/campingmall.azdigi.shop\/?product=dao-danh-lua-mora-fireknife\"]}]},{\"@type\":\"ImageObject\",\"inLanguage\":\"vi\",\"@id\":\"https:\/\/campingmall.azdigi.shop\/?product=dao-danh-lua-mora-fireknife#primaryimage\",\"url\":\"https:\/\/campingmall.azdigi.shop\/wp-content\/uploads\/2026\/03\/dao-danh-lua-da-ngoai-mora-fireknife_0062944_9116742ebbfa4815826b4024ce9f4523_1024x1024.jpeg\",\"contentUrl\":\"https:\/\/campingmall.azdigi.shop\/wp-content\/uploads\/2026\/03\/dao-danh-lua-da-ngoai-mora-fireknife_0062944_9116742ebbfa4815826b4024ce9f4523_1024x1024.jpeg\",\"width\":575,\"height\":575},{\"@type\":\"BreadcrumbList\",\"@id\":\"https:\/\/campingmall.azdigi.shop\/?product=dao-danh-lua-mora-fireknife#breadcrumb\",\"itemListElement\":[{\"@type\":\"ListItem\",\"position\":1,\"name\":\"Trang ch\u1ee7\",\"item\":\"https:\/\/campingmall.azdigi.shop\/\"},{\"@type\":\"ListItem\",\"position\":2,\"name\":\"C\u1eeda h\u00e0ng\",\"item\":\"https:\/\/campingmall.azdigi.shop\/?page_id=123\"},{\"@type\":\"ListItem\",\"position\":3,\"name\":\"Dao \u0110\u00e1nh L\u1eeda D\u00e3 Ngo\u1ea1i Mora FireKnife\"}]},{\"@type\":\"WebSite\",\"@id\":\"https:\/\/campingmall.azdigi.shop\/#website\",\"url\":\"https:\/\/campingmall.azdigi.shop\/\",\"name\":\"CAMPING MALL\",\"description\":\"\",\"potentialAction\":[{\"@type\":\"SearchAction\",\"target\":{\"@type\":\"EntryPoint\",\"urlTemplate\":\"https:\/\/campingmall.azdigi.shop\/?s={search_term_string}\"},\"query-input\":{\"@type\":\"PropertyValueSpecification\",\"valueRequired\":true,\"valueName\":\"search_term_string\"}}],\"inLanguage\":\"vi\"}]}<\/script>\n<!-- \/ Yoast SEO plugin. -->","yoast_head_json":{"title":"Dao \u0110\u00e1nh L\u1eeda D\u00e3 Ngo\u1ea1i Mora FireKnife - CAMPING MALL","description":"Dao Mora FireKnife t\u00edch h\u1ee3p thanh \u0111\u00e1nh l\u1eeda ti\u1ec7n l\u1ee3i, ph\u00f9 h\u1ee3p camping, trekking v\u00e0 sinh t\u1ed3n, nh\u1ecf g\u1ecdn v\u00e0 d\u1ec5 mang theo.","robots":{"index":"noindex","follow":"follow","max-snippet":"max-snippet:-1","max-image-preview":"max-image-preview:large","max-video-preview":"max-video-preview:-1"},"og_locale":"vi_VN","og_type":"article","og_title":"Dao \u0110\u00e1nh L\u1eeda D\u00e3 Ngo\u1ea1i Mora FireKnife - CAMPING MALL","og_description":"Dao Mora FireKnife t\u00edch h\u1ee3p thanh \u0111\u00e1nh l\u1eeda ti\u1ec7n l\u1ee3i, ph\u00f9 h\u1ee3p camping, trekking v\u00e0 sinh t\u1ed3n, nh\u1ecf g\u1ecdn v\u00e0 d\u1ec5 mang theo.","og_url":"https:\/\/campingmall.azdigi.shop\/?product=dao-danh-lua-mora-fireknife","og_site_name":"CAMPING MALL","article_modified_time":"2026-04-10T12:01:47+00:00","og_image":[{"width":575,"height":575,"url":"https:\/\/campingmall.azdigi.shop\/wp-content\/uploads\/2026\/03\/dao-danh-lua-da-ngoai-mora-fireknife_0062944_9116742ebbfa4815826b4024ce9f4523_1024x1024.jpeg","type":"image\/jpeg"}],"twitter_card":"summary_large_image","twitter_misc":{"\u01af\u1edbc t\u00ednh th\u1eddi gian \u0111\u1ecdc":"3 ph\u00fat"},"schema":{"@context":"https:\/\/schema.org","@graph":[{"@type":"WebPage","@id":"https:\/\/campingmall.azdigi.shop\/?product=dao-danh-lua-mora-fireknife","url":"https:\/\/campingmall.azdigi.shop\/?product=dao-danh-lua-mora-fireknife","name":"Dao \u0110\u00e1nh L\u1eeda D\u00e3 Ngo\u1ea1i Mora FireKnife - CAMPING MALL","isPartOf":{"@id":"https:\/\/campingmall.azdigi.shop\/#website"},"primaryImageOfPage":{"@id":"https:\/\/campingmall.azdigi.shop\/?product=dao-danh-lua-mora-fireknife#primaryimage"},"image":{"@id":"https:\/\/campingmall.azdigi.shop\/?product=dao-danh-lua-mora-fireknife#primaryimage"},"thumbnailUrl":"https:\/\/campingmall.azdigi.shop\/wp-content\/uploads\/2026\/03\/dao-danh-lua-da-ngoai-mora-fireknife_0062944_9116742ebbfa4815826b4024ce9f4523_1024x1024.jpeg","datePublished":"2026-04-04T03:16:10+00:00","dateModified":"2026-04-10T12:01:47+00:00","description":"Dao Mora FireKnife t\u00edch h\u1ee3p thanh \u0111\u00e1nh l\u1eeda ti\u1ec7n l\u1ee3i, ph\u00f9 h\u1ee3p camping, trekking v\u00e0 sinh t\u1ed3n, nh\u1ecf g\u1ecdn v\u00e0 d\u1ec5 mang theo.","breadcrumb":{"@id":"https:\/\/campingmall.azdigi.shop\/?product=dao-danh-lua-mora-fireknife#breadcrumb"},"inLanguage":"vi","potentialAction":[{"@type":"ReadAction","target":["https:\/\/campingmall.azdigi.shop\/?product=dao-danh-lua-mora-fireknife"]}]},{"@type":"ImageObject","inLanguage":"vi","@id":"https:\/\/campingmall.azdigi.shop\/?product=dao-danh-lua-mora-fireknife#primaryimage","url":"https:\/\/campingmall.azdigi.shop\/wp-content\/uploads\/2026\/03\/dao-danh-lua-da-ngoai-mora-fireknife_0062944_9116742ebbfa4815826b4024ce9f4523_1024x1024.jpeg","contentUrl":"https:\/\/campingmall.azdigi.shop\/wp-content\/uploads\/2026\/03\/dao-danh-lua-da-ngoai-mora-fireknife_0062944_9116742ebbfa4815826b4024ce9f4523_1024x1024.jpeg","width":575,"height":575},{"@type":"BreadcrumbList","@id":"https:\/\/campingmall.azdigi.shop\/?product=dao-danh-lua-mora-fireknife#breadcrumb","itemListElement":[{"@type":"ListItem","position":1,"name":"Trang ch\u1ee7","item":"https:\/\/campingmall.azdigi.shop\/"},{"@type":"ListItem","position":2,"name":"C\u1eeda h\u00e0ng","item":"https:\/\/campingmall.azdigi.shop\/?page_id=123"},{"@type":"ListItem","position":3,"name":"Dao \u0110\u00e1nh L\u1eeda D\u00e3 Ngo\u1ea1i Mora FireKnife"}]},{"@type":"WebSite","@id":"https:\/\/campingmall.azdigi.shop\/#website","url":"https:\/\/campingmall.azdigi.shop\/","name":"CAMPING MALL","description":"","potentialAction":[{"@type":"SearchAction","target":{"@type":"EntryPoint","urlTemplate":"https:\/\/campingmall.azdigi.shop\/?s={search_term_string}"},"query-input":{"@type":"PropertyValueSpecification","valueRequired":true,"valueName":"search_term_string"}}],"inLanguage":"vi"}]}},"_links":{"self":[{"href":"https:\/\/campingmall.azdigi.shop\/index.php?rest_route=\/wp\/v2\/product\/257","targetHints":{"allow":["GET"]}}],"collection":[{"href":"https:\/\/campingmall.azdigi.shop\/index.php?rest_route=\/wp\/v2\/product"}],"about":[{"href":"https:\/\/campingmall.azdigi.shop\/index.php?rest_route=\/wp\/v2\/types\/product"}],"replies":[{"embeddable":true,"href":"https:\/\/campingmall.azdigi.shop\/index.php?rest_route=%2Fwp%2Fv2%2Fcomments&post=257"}],"wp:featuredmedia":[{"embeddable":true,"href":"https:\/\/campingmall.azdigi.shop\/index.php?rest_route=\/wp\/v2\/media\/205"}],"wp:attachment":[{"href":"https:\/\/campingmall.azdigi.shop\/index.php?rest_route=%2Fwp%2Fv2%2Fmedia&parent=257"}],"wp:term":[{"taxonomy":"product_brand","embeddable":true,"href":"https:\/\/campingmall.azdigi.shop\/index.php?rest_route=%2Fwp%2Fv2%2Fproduct_brand&post=257"},{"taxonomy":"product_cat","embeddable":true,"href":"https:\/\/campingmall.azdigi.shop\/index.php?rest_route=%2Fwp%2Fv2%2Fproduct_cat&post=257"},{"taxonomy":"product_tag","embeddable":true,"href":"https:\/\/campingmall.azdigi.shop\/index.php?rest_route=%2Fwp%2Fv2%2Fproduct_tag&post=257"}],"curies":[{"name":"wp","href":"https:\/\/api.w.org\/{rel}","templated":true}]}}