{"id":250,"date":"2026-04-04T02:44:27","date_gmt":"2026-04-04T02:44:27","guid":{"rendered":"https:\/\/campingmall.azdigi.shop\/?post_type=product&#038;p=250"},"modified":"2026-04-10T12:22:17","modified_gmt":"2026-04-10T12:22:17","slug":"leu-trung-tam-blackdog-2","status":"publish","type":"product","link":"https:\/\/campingmall.azdigi.shop\/?product=leu-trung-tam-blackdog-2","title":{"rendered":"L\u1ec1u trung t\u00e2m (l\u1ec1u t\u0103ng) 16 ng\u01b0\u1eddi BLACKDOG"},"content":{"rendered":"<h1 data-section-id=\"u29qpx\" data-start=\"93\" data-end=\"191\"><span style=\"font-size: 115%;\">L\u1ec1u trung t\u00e2m (l\u1ec1u t\u0103ng) 16 ng\u01b0\u1eddi BLACKDOG CBD2550WS027 \u2013 Kh\u00f4ng gian l\u1edbn, l\u00fd t\u01b0\u1edfng cho nh\u00f3m \u0111\u00f4ng<\/span><\/h1>\n<p data-start=\"270\" data-end=\"521\"><span style=\"font-size: 115%;\">N\u1ebfu b\u1ea1n c\u1ea7n m\u1ed9t kh\u00f4ng gian sinh ho\u1ea1t chung r\u1ed9ng r\u00e3i cho nh\u00f3m \u0111\u00f4ng khi \u0111i d\u00e3 ngo\u1ea1i, <strong data-start=\"353\" data-end=\"412\">L\u1ec1u trung t\u00e2m (l\u1ec1u t\u0103ng) 16 ng\u01b0\u1eddi BLACKDOG CBD2550WS027<\/strong> l\u00e0 l\u1ef1a ch\u1ecdn c\u1ef1c k\u1ef3 ph\u00f9 h\u1ee3p. Thi\u1ebft k\u1ebf m\u1edf, tho\u00e1ng v\u00e0 ch\u1eafc ch\u1eafn gi\u00fap b\u1ea1n d\u1ec5 d\u00e0ng t\u1ed5 ch\u1ee9c camping chuy\u00ean nghi\u1ec7p.<\/span><\/p>\n<h2 data-section-id=\"8zha2e\" data-start=\"528\" data-end=\"559\"><span style=\"font-size: 115%;\">Kh\u00f4ng gian r\u1ed9ng cho 16 ng\u01b0\u1eddi<\/span><\/h2>\n<p data-start=\"561\" data-end=\"596\"><span style=\"font-size: 115%;\">\u0110i\u1ec3m n\u1ed5i b\u1eadt c\u1ee7a l\u1ec1u t\u0103ng BLACKDOG:<\/span><\/p>\n<ul data-start=\"598\" data-end=\"697\">\n<li data-section-id=\"hyia1q\" data-start=\"598\" data-end=\"630\"><span style=\"font-size: 115%;\">S\u1ee9c ch\u1ee9a kho\u1ea3ng <strong data-start=\"616\" data-end=\"628\">16 ng\u01b0\u1eddi<\/strong><\/span><\/li>\n<li data-section-id=\"5pg67k\" data-start=\"631\" data-end=\"659\"><span style=\"font-size: 115%;\">Kh\u00f4ng gian m\u1edf, d\u1ec5 b\u1ed1 tr\u00ed<\/span><\/li>\n<li data-section-id=\"q7nhyf\" data-start=\"660\" data-end=\"697\"><span style=\"font-size: 115%;\">Th\u00edch h\u1ee3p l\u00e0m khu sinh ho\u1ea1t chung<\/span><\/li>\n<\/ul>\n<p data-start=\"699\" data-end=\"751\"><span style=\"font-size: 115%;\">\ud83d\udc49 Ph\u00f9 h\u1ee3p nh\u00f3m b\u1ea1n, gia \u0111\u00ecnh l\u1edbn ho\u1eb7c team camping.<\/span><\/p>\n<h2 data-section-id=\"fj91tz\" data-start=\"758\" data-end=\"793\"><span style=\"font-size: 115%;\">Thi\u1ebft k\u1ebf l\u1ec1u trung t\u00e2m linh ho\u1ea1t<\/span><\/h2>\n<ul data-start=\"795\" data-end=\"908\">\n<li data-section-id=\"ygz0dt\" data-start=\"795\" data-end=\"828\"><span style=\"font-size: 115%;\">Kh\u00f4ng chia khoang nh\u01b0 l\u1ec1u ng\u1ee7<\/span><\/li>\n<li data-section-id=\"1j7gh9t\" data-start=\"829\" data-end=\"872\"><span style=\"font-size: 115%;\">C\u00f3 th\u1ec3 k\u1ebft h\u1ee3p nhi\u1ec1u l\u1ec1u nh\u1ecf xung quanh<\/span><\/li>\n<li data-section-id=\"1y3ar8u\" data-start=\"873\" data-end=\"908\"><span style=\"font-size: 115%;\">D\u00f9ng l\u00e0m khu \u0103n u\u1ed1ng, ngh\u1ec9 ng\u01a1i<\/span><\/li>\n<\/ul>\n<p data-start=\"910\" data-end=\"960\"><span style=\"font-size: 115%;\">\ud83d\udc49 T\u1ea1o \u201ctrung t\u00e2m tr\u1ea1i\u201d ti\u1ec7n l\u1ee3i v\u00e0 chuy\u00ean nghi\u1ec7p.<\/span><\/p>\n<h2 data-section-id=\"u9dhgr\" data-start=\"967\" data-end=\"999\"><span style=\"font-size: 115%;\">Che n\u1eafng \u2013 ch\u1ed1ng m\u01b0a hi\u1ec7u qu\u1ea3<\/span><\/h2>\n<ul data-start=\"1001\" data-end=\"1104\">\n<li data-section-id=\"vrqnzk\" data-start=\"1001\" data-end=\"1023\"><span style=\"font-size: 115%;\">V\u1ea3i ch\u1ed1ng n\u01b0\u1edbc t\u1ed1t<\/span><\/li>\n<li data-section-id=\"hevzis\" data-start=\"1024\" data-end=\"1056\"><span style=\"font-size: 115%;\">H\u1ea1n ch\u1ebf tia UV khi tr\u1eddi n\u1eafng<\/span><\/li>\n<li data-section-id=\"ckibf1\" data-start=\"1057\" data-end=\"1104\"><span style=\"font-size: 115%;\">S\u1eed d\u1ee5ng linh ho\u1ea1t nhi\u1ec1u \u0111i\u1ec1u ki\u1ec7n th\u1eddi ti\u1ebft<\/span><\/li>\n<\/ul>\n<p data-start=\"1106\" data-end=\"1154\"><span style=\"font-size: 115%;\">\ud83d\udc49 Gi\u00fap ho\u1ea1t \u0111\u1ed9ng ngo\u00e0i tr\u1eddi kh\u00f4ng b\u1ecb gi\u00e1n \u0111o\u1ea1n.<\/span><\/p>\n<h2 data-section-id=\"cmxh9d\" data-start=\"1161\" data-end=\"1193\"><span style=\"font-size: 115%;\">Khung ch\u1eafc ch\u1eafn, ch\u1ecbu l\u1ef1c t\u1ed1t<\/span><\/h2>\n<ul data-start=\"1195\" data-end=\"1280\">\n<li data-section-id=\"eh7yk0\" data-start=\"1195\" data-end=\"1222\"><span style=\"font-size: 115%;\">C\u1ed9t trung t\u00e2m v\u1eefng ch\u1eafc<\/span><\/li>\n<li data-section-id=\"15chm01\" data-start=\"1223\" data-end=\"1257\"><span style=\"font-size: 115%;\">D\u00e2y neo v\u00e0 c\u1ecdc c\u1ed1 \u0111\u1ecbnh \u1ed5n \u0111\u1ecbnh<\/span><\/li>\n<li data-section-id=\"aqmrgp\" data-start=\"1258\" data-end=\"1280\"><span style=\"font-size: 115%;\">Ch\u1ecbu gi\u00f3 \u1edf m\u1ee9c t\u1ed1t<\/span><\/li>\n<\/ul>\n<p data-start=\"1282\" data-end=\"1328\"><span style=\"font-size: 115%;\">\ud83d\udc49 An t\u00e2m s\u1eed d\u1ee5ng \u1edf b\u00e3i tr\u1ed1ng, bi\u1ec3n ho\u1eb7c r\u1eebng.<\/span><\/p>\n<h2 data-section-id=\"wt38k8\" data-start=\"1335\" data-end=\"1361\"><span style=\"font-size: 115%;\">Setup nhanh, d\u1ec5 s\u1eed d\u1ee5ng<\/span><\/h2>\n<ul data-start=\"1363\" data-end=\"1434\">\n<li data-section-id=\"ddld9t\" data-start=\"1363\" data-end=\"1384\"><span style=\"font-size: 115%;\">D\u1ef1ng l\u1ec1u \u0111\u01a1n gi\u1ea3n<\/span><\/li>\n<li data-section-id=\"ri25qc\" data-start=\"1385\" data-end=\"1407\"><span style=\"font-size: 115%;\">Kh\u00f4ng qu\u00e1 ph\u1ee9c t\u1ea1p<\/span><\/li>\n<li data-section-id=\"ugpb9b\" data-start=\"1408\" data-end=\"1434\"><span style=\"font-size: 115%;\">2\u20133 ng\u01b0\u1eddi c\u00f3 th\u1ec3 setup<\/span><\/li>\n<\/ul>\n<p data-start=\"1436\" data-end=\"1471\"><span style=\"font-size: 115%;\">\ud83d\udc49 Ph\u00f9 h\u1ee3p c\u1ea3 ng\u01b0\u1eddi m\u1edbi \u0111i camping.<\/span><\/p>\n<h2 data-section-id=\"1igvoq5\" data-start=\"1478\" data-end=\"1502\"><span style=\"font-size: 115%;\">G\u1ea5p g\u1ecdn, d\u1ec5 mang theo<\/span><\/h2>\n<ul data-start=\"1504\" data-end=\"1589\">\n<li data-section-id=\"qb045c\" data-start=\"1504\" data-end=\"1526\"><span style=\"font-size: 115%;\">C\u00f3 t\u00fai \u0111\u1ef1ng \u0111i k\u00e8m<\/span><\/li>\n<li data-section-id=\"gu1qv9\" data-start=\"1527\" data-end=\"1554\"><span style=\"font-size: 115%;\">G\u1ea5p g\u1ecdn sau khi s\u1eed d\u1ee5ng<\/span><\/li>\n<li data-section-id=\"1r1isbj\" data-start=\"1555\" data-end=\"1589\"><span style=\"font-size: 115%;\">Thu\u1eadn ti\u1ec7n di chuy\u1ec3n b\u1eb1ng \u00f4 t\u00f4<\/span><\/li>\n<\/ul>\n<p data-start=\"1591\" data-end=\"1624\"><span style=\"font-size: 115%;\">\ud83d\udc49 Ti\u1ec7n l\u1ee3i cho c\u00e1c chuy\u1ebfn \u0111i xa.<\/span><\/p>\n<h2 data-section-id=\"1qzzcfd\" data-start=\"1631\" data-end=\"1650\"><span style=\"font-size: 115%;\">\u1ee8ng d\u1ee5ng th\u1ef1c t\u1ebf<\/span><\/h2>\n<p data-start=\"1652\" data-end=\"1700\"><span style=\"font-size: 115%;\">L\u1ec1u trung t\u00e2m BLACKDOG CBD2550WS027 ph\u00f9 h\u1ee3p cho:<\/span><\/p>\n<ul data-start=\"1702\" data-end=\"1815\">\n<li data-section-id=\"mnfdyb\" data-start=\"1702\" data-end=\"1723\"><span style=\"font-size: 115%;\">Camping nh\u00f3m \u0111\u00f4ng<\/span><\/li>\n<li data-section-id=\"eku7iu\" data-start=\"1724\" data-end=\"1750\"><span style=\"font-size: 115%;\">Picnic, BBQ ngo\u00e0i tr\u1eddi<\/span><\/li>\n<li data-section-id=\"1bt5qxy\" data-start=\"1751\" data-end=\"1781\"><span style=\"font-size: 115%;\">L\u00e0m khu b\u1ebfp, khu sinh ho\u1ea1t<\/span><\/li>\n<li data-section-id=\"1vbyi7y\" data-start=\"1782\" data-end=\"1815\"><span style=\"font-size: 115%;\">Che n\u1eafng khi \u0111i bi\u1ec3n, \u0111i r\u1eebng<\/span><\/li>\n<\/ul>\n<p data-start=\"1817\" data-end=\"1867\"><span style=\"font-size: 115%;\">\ud83d\udc49 M\u1ed9t thi\u1ebft b\u1ecb kh\u00f4ng th\u1ec3 thi\u1ebfu khi \u0111i \u0111\u00f4ng ng\u01b0\u1eddi.<\/span><\/p>\n<h2 data-section-id=\"1cyz8v6\" data-start=\"1874\" data-end=\"1915\"><span style=\"font-size: 115%;\">V\u00ec sao n\u00ean ch\u1ecdn BLACKDOG CBD2550WS027?<\/span><\/h2>\n<ul data-start=\"1917\" data-end=\"2029\">\n<li data-section-id=\"ulehnk\" data-start=\"1917\" data-end=\"1948\"><span style=\"font-size: 115%;\">Kh\u00f4ng gian l\u1edbn cho 16 ng\u01b0\u1eddi<\/span><\/li>\n<li data-section-id=\"b2p8xt\" data-start=\"1949\" data-end=\"1971\"><span style=\"font-size: 115%;\">Linh ho\u1ea1t, \u0111a n\u0103ng<\/span><\/li>\n<li data-section-id=\"juo1ny\" data-start=\"1972\" data-end=\"1995\"><span style=\"font-size: 115%;\">D\u1ec5 d\u1ef1ng, d\u1ec5 s\u1eed d\u1ee5ng<\/span><\/li>\n<li data-section-id=\"rniyz5\" data-start=\"1996\" data-end=\"2029\"><span style=\"font-size: 115%;\">Ph\u00f9 h\u1ee3p camping chuy\u00ean nghi\u1ec7p<\/span><\/li>\n<\/ul>\n<h2 data-section-id=\"11x5u5b\" data-start=\"2036\" data-end=\"2047\"><span style=\"font-size: 115%;\">K\u1ebft lu\u1eadn<\/span><\/h2>\n<p data-start=\"2049\" data-end=\"2203\"><span style=\"font-size: 115%;\"><strong data-start=\"2049\" data-end=\"2097\">L\u1ec1u trung t\u00e2m 16 ng\u01b0\u1eddi BLACKDOG CBD2550WS027<\/strong> l\u00e0 l\u1ef1a ch\u1ecdn ho\u00e0n h\u1ea3o cho nh\u1eefng chuy\u1ebfn \u0111i \u0111\u00f4ng ng\u01b0\u1eddi c\u1ea7n kh\u00f4ng gian chung r\u1ed9ng r\u00e3i, ti\u1ec7n l\u1ee3i v\u00e0 ch\u1eafc ch\u1eafn.<\/span><\/p>\n<p data-start=\"2205\" data-end=\"2282\"><span style=\"font-size: 115%;\">\ud83d\udc49 N\u1ebfu b\u1ea1n th\u01b0\u1eddng xuy\u00ean \u0111i camping nh\u00f3m l\u1edbn, \u0111\u00e2y l\u00e0 s\u1ea3n ph\u1ea9m r\u1ea5t \u0111\u00e1ng \u0111\u1ea7u t\u01b0.<\/span><\/p>\n","protected":false},"excerpt":{"rendered":"<p>L\u1ec1u trung t\u00e2m (l\u1ec1u t\u0103ng) 16 ng\u01b0\u1eddi BLACKDOG CBD2550WS027 \u2013 Kh\u00f4ng gian l\u1edbn, l\u00fd t\u01b0\u1edfng cho nh\u00f3m \u0111\u00f4ng N\u1ebfu b\u1ea1n c\u1ea7n m\u1ed9t kh\u00f4ng gian sinh ho\u1ea1t chung r\u1ed9ng r\u00e3i cho nh\u00f3m \u0111\u00f4ng khi \u0111i d\u00e3 ngo\u1ea1i, L\u1ec1u trung t\u00e2m (l\u1ec1u t\u0103ng) 16 ng\u01b0\u1eddi BLACKDOG CBD2550WS027 l\u00e0 l\u1ef1a ch\u1ecdn c\u1ef1c k\u1ef3 ph\u00f9 h\u1ee3p. Thi\u1ebft k\u1ebf m\u1edf, [&#8230;]\n","protected":false},"featured_media":274,"comment_status":"open","ping_status":"closed","template":"","meta":[],"product_brand":[],"product_cat":[20],"product_tag":[],"class_list":{"0":"post-250","1":"product","2":"type-product","3":"status-publish","4":"has-post-thumbnail","6":"product_cat-leu-tien-dung","8":"first","9":"instock","10":"shipping-taxable","11":"purchasable","12":"product-type-variable"},"yoast_head":"<!-- This site is optimized with the Yoast SEO plugin v27.2 - https:\/\/yoast.com\/product\/yoast-seo-wordpress\/ -->\n<title>L\u1ec1u trung t\u00e2m (l\u1ec1u t\u0103ng) 16 ng\u01b0\u1eddi BLACKDOG - CAMPING MALL<\/title>\n<meta name=\"description\" content=\"L\u1ec1u trung t\u00e2m BLACKDOG CBD2550WS027 cho 16 ng\u01b0\u1eddi, r\u1ed9ng r\u00e3i, ch\u1ed1ng n\u1eafng m\u01b0a t\u1ed1t, ph\u00f9 h\u1ee3p camping nh\u00f3m v\u00e0 d\u00e3 ngo\u1ea1i ngo\u00e0i tr\u1eddi.\" \/>\n<meta name=\"robots\" content=\"noindex, follow, max-snippet:-1, max-image-preview:large, max-video-preview:-1\" \/>\n<meta property=\"og:locale\" content=\"vi_VN\" \/>\n<meta property=\"og:type\" content=\"article\" \/>\n<meta property=\"og:title\" content=\"L\u1ec1u trung t\u00e2m (l\u1ec1u t\u0103ng) 16 ng\u01b0\u1eddi BLACKDOG - CAMPING MALL\" \/>\n<meta property=\"og:description\" content=\"L\u1ec1u trung t\u00e2m BLACKDOG CBD2550WS027 cho 16 ng\u01b0\u1eddi, r\u1ed9ng r\u00e3i, ch\u1ed1ng n\u1eafng m\u01b0a t\u1ed1t, ph\u00f9 h\u1ee3p camping nh\u00f3m v\u00e0 d\u00e3 ngo\u1ea1i ngo\u00e0i tr\u1eddi.\" \/>\n<meta property=\"og:url\" content=\"https:\/\/campingmall.azdigi.shop\/?product=leu-trung-tam-blackdog-2\" \/>\n<meta property=\"og:site_name\" content=\"CAMPING MALL\" \/>\n<meta property=\"article:modified_time\" content=\"2026-04-10T12:22:17+00:00\" \/>\n<meta property=\"og:image\" content=\"https:\/\/campingmall.azdigi.shop\/wp-content\/uploads\/2026\/04\/leu-tang-trung-tam-blackdog-cbd2550ws027_1__6bcfb688e6244d1f93e2baa2101f3dbd_1024x1024.jpg\" \/>\n\t<meta property=\"og:image:width\" content=\"790\" \/>\n\t<meta property=\"og:image:height\" content=\"860\" \/>\n\t<meta property=\"og:image:type\" content=\"image\/jpeg\" \/>\n<meta name=\"twitter:card\" content=\"summary_large_image\" \/>\n<meta name=\"twitter:label1\" content=\"\u01af\u1edbc t\u00ednh th\u1eddi gian \u0111\u1ecdc\" \/>\n\t<meta name=\"twitter:data1\" content=\"3 ph\u00fat\" \/>\n<script type=\"application\/ld+json\" class=\"yoast-schema-graph\">{\"@context\":\"https:\/\/schema.org\",\"@graph\":[{\"@type\":\"WebPage\",\"@id\":\"https:\/\/campingmall.azdigi.shop\/?product=leu-trung-tam-blackdog-2\",\"url\":\"https:\/\/campingmall.azdigi.shop\/?product=leu-trung-tam-blackdog-2\",\"name\":\"L\u1ec1u trung t\u00e2m (l\u1ec1u t\u0103ng) 16 ng\u01b0\u1eddi BLACKDOG - CAMPING MALL\",\"isPartOf\":{\"@id\":\"https:\/\/campingmall.azdigi.shop\/#website\"},\"primaryImageOfPage\":{\"@id\":\"https:\/\/campingmall.azdigi.shop\/?product=leu-trung-tam-blackdog-2#primaryimage\"},\"image\":{\"@id\":\"https:\/\/campingmall.azdigi.shop\/?product=leu-trung-tam-blackdog-2#primaryimage\"},\"thumbnailUrl\":\"https:\/\/campingmall.azdigi.shop\/wp-content\/uploads\/2026\/04\/leu-tang-trung-tam-blackdog-cbd2550ws027_1__6bcfb688e6244d1f93e2baa2101f3dbd_1024x1024.jpg\",\"datePublished\":\"2026-04-04T02:44:27+00:00\",\"dateModified\":\"2026-04-10T12:22:17+00:00\",\"description\":\"L\u1ec1u trung t\u00e2m BLACKDOG CBD2550WS027 cho 16 ng\u01b0\u1eddi, r\u1ed9ng r\u00e3i, ch\u1ed1ng n\u1eafng m\u01b0a t\u1ed1t, ph\u00f9 h\u1ee3p camping nh\u00f3m v\u00e0 d\u00e3 ngo\u1ea1i ngo\u00e0i tr\u1eddi.\",\"breadcrumb\":{\"@id\":\"https:\/\/campingmall.azdigi.shop\/?product=leu-trung-tam-blackdog-2#breadcrumb\"},\"inLanguage\":\"vi\",\"potentialAction\":[{\"@type\":\"ReadAction\",\"target\":[\"https:\/\/campingmall.azdigi.shop\/?product=leu-trung-tam-blackdog-2\"]}]},{\"@type\":\"ImageObject\",\"inLanguage\":\"vi\",\"@id\":\"https:\/\/campingmall.azdigi.shop\/?product=leu-trung-tam-blackdog-2#primaryimage\",\"url\":\"https:\/\/campingmall.azdigi.shop\/wp-content\/uploads\/2026\/04\/leu-tang-trung-tam-blackdog-cbd2550ws027_1__6bcfb688e6244d1f93e2baa2101f3dbd_1024x1024.jpg\",\"contentUrl\":\"https:\/\/campingmall.azdigi.shop\/wp-content\/uploads\/2026\/04\/leu-tang-trung-tam-blackdog-cbd2550ws027_1__6bcfb688e6244d1f93e2baa2101f3dbd_1024x1024.jpg\",\"width\":790,\"height\":860},{\"@type\":\"BreadcrumbList\",\"@id\":\"https:\/\/campingmall.azdigi.shop\/?product=leu-trung-tam-blackdog-2#breadcrumb\",\"itemListElement\":[{\"@type\":\"ListItem\",\"position\":1,\"name\":\"Trang ch\u1ee7\",\"item\":\"https:\/\/campingmall.azdigi.shop\/\"},{\"@type\":\"ListItem\",\"position\":2,\"name\":\"C\u1eeda h\u00e0ng\",\"item\":\"https:\/\/campingmall.azdigi.shop\/?page_id=123\"},{\"@type\":\"ListItem\",\"position\":3,\"name\":\"L\u1ec1u trung t\u00e2m (l\u1ec1u t\u0103ng) 16 ng\u01b0\u1eddi BLACKDOG\"}]},{\"@type\":\"WebSite\",\"@id\":\"https:\/\/campingmall.azdigi.shop\/#website\",\"url\":\"https:\/\/campingmall.azdigi.shop\/\",\"name\":\"CAMPING MALL\",\"description\":\"\",\"potentialAction\":[{\"@type\":\"SearchAction\",\"target\":{\"@type\":\"EntryPoint\",\"urlTemplate\":\"https:\/\/campingmall.azdigi.shop\/?s={search_term_string}\"},\"query-input\":{\"@type\":\"PropertyValueSpecification\",\"valueRequired\":true,\"valueName\":\"search_term_string\"}}],\"inLanguage\":\"vi\"}]}<\/script>\n<!-- \/ Yoast SEO plugin. -->","yoast_head_json":{"title":"L\u1ec1u trung t\u00e2m (l\u1ec1u t\u0103ng) 16 ng\u01b0\u1eddi BLACKDOG - CAMPING MALL","description":"L\u1ec1u trung t\u00e2m BLACKDOG CBD2550WS027 cho 16 ng\u01b0\u1eddi, r\u1ed9ng r\u00e3i, ch\u1ed1ng n\u1eafng m\u01b0a t\u1ed1t, ph\u00f9 h\u1ee3p camping nh\u00f3m v\u00e0 d\u00e3 ngo\u1ea1i ngo\u00e0i tr\u1eddi.","robots":{"index":"noindex","follow":"follow","max-snippet":"max-snippet:-1","max-image-preview":"max-image-preview:large","max-video-preview":"max-video-preview:-1"},"og_locale":"vi_VN","og_type":"article","og_title":"L\u1ec1u trung t\u00e2m (l\u1ec1u t\u0103ng) 16 ng\u01b0\u1eddi BLACKDOG - CAMPING MALL","og_description":"L\u1ec1u trung t\u00e2m BLACKDOG CBD2550WS027 cho 16 ng\u01b0\u1eddi, r\u1ed9ng r\u00e3i, ch\u1ed1ng n\u1eafng m\u01b0a t\u1ed1t, ph\u00f9 h\u1ee3p camping nh\u00f3m v\u00e0 d\u00e3 ngo\u1ea1i ngo\u00e0i tr\u1eddi.","og_url":"https:\/\/campingmall.azdigi.shop\/?product=leu-trung-tam-blackdog-2","og_site_name":"CAMPING MALL","article_modified_time":"2026-04-10T12:22:17+00:00","og_image":[{"width":790,"height":860,"url":"https:\/\/campingmall.azdigi.shop\/wp-content\/uploads\/2026\/04\/leu-tang-trung-tam-blackdog-cbd2550ws027_1__6bcfb688e6244d1f93e2baa2101f3dbd_1024x1024.jpg","type":"image\/jpeg"}],"twitter_card":"summary_large_image","twitter_misc":{"\u01af\u1edbc t\u00ednh th\u1eddi gian \u0111\u1ecdc":"3 ph\u00fat"},"schema":{"@context":"https:\/\/schema.org","@graph":[{"@type":"WebPage","@id":"https:\/\/campingmall.azdigi.shop\/?product=leu-trung-tam-blackdog-2","url":"https:\/\/campingmall.azdigi.shop\/?product=leu-trung-tam-blackdog-2","name":"L\u1ec1u trung t\u00e2m (l\u1ec1u t\u0103ng) 16 ng\u01b0\u1eddi BLACKDOG - CAMPING MALL","isPartOf":{"@id":"https:\/\/campingmall.azdigi.shop\/#website"},"primaryImageOfPage":{"@id":"https:\/\/campingmall.azdigi.shop\/?product=leu-trung-tam-blackdog-2#primaryimage"},"image":{"@id":"https:\/\/campingmall.azdigi.shop\/?product=leu-trung-tam-blackdog-2#primaryimage"},"thumbnailUrl":"https:\/\/campingmall.azdigi.shop\/wp-content\/uploads\/2026\/04\/leu-tang-trung-tam-blackdog-cbd2550ws027_1__6bcfb688e6244d1f93e2baa2101f3dbd_1024x1024.jpg","datePublished":"2026-04-04T02:44:27+00:00","dateModified":"2026-04-10T12:22:17+00:00","description":"L\u1ec1u trung t\u00e2m BLACKDOG CBD2550WS027 cho 16 ng\u01b0\u1eddi, r\u1ed9ng r\u00e3i, ch\u1ed1ng n\u1eafng m\u01b0a t\u1ed1t, ph\u00f9 h\u1ee3p camping nh\u00f3m v\u00e0 d\u00e3 ngo\u1ea1i ngo\u00e0i tr\u1eddi.","breadcrumb":{"@id":"https:\/\/campingmall.azdigi.shop\/?product=leu-trung-tam-blackdog-2#breadcrumb"},"inLanguage":"vi","potentialAction":[{"@type":"ReadAction","target":["https:\/\/campingmall.azdigi.shop\/?product=leu-trung-tam-blackdog-2"]}]},{"@type":"ImageObject","inLanguage":"vi","@id":"https:\/\/campingmall.azdigi.shop\/?product=leu-trung-tam-blackdog-2#primaryimage","url":"https:\/\/campingmall.azdigi.shop\/wp-content\/uploads\/2026\/04\/leu-tang-trung-tam-blackdog-cbd2550ws027_1__6bcfb688e6244d1f93e2baa2101f3dbd_1024x1024.jpg","contentUrl":"https:\/\/campingmall.azdigi.shop\/wp-content\/uploads\/2026\/04\/leu-tang-trung-tam-blackdog-cbd2550ws027_1__6bcfb688e6244d1f93e2baa2101f3dbd_1024x1024.jpg","width":790,"height":860},{"@type":"BreadcrumbList","@id":"https:\/\/campingmall.azdigi.shop\/?product=leu-trung-tam-blackdog-2#breadcrumb","itemListElement":[{"@type":"ListItem","position":1,"name":"Trang ch\u1ee7","item":"https:\/\/campingmall.azdigi.shop\/"},{"@type":"ListItem","position":2,"name":"C\u1eeda h\u00e0ng","item":"https:\/\/campingmall.azdigi.shop\/?page_id=123"},{"@type":"ListItem","position":3,"name":"L\u1ec1u trung t\u00e2m (l\u1ec1u t\u0103ng) 16 ng\u01b0\u1eddi BLACKDOG"}]},{"@type":"WebSite","@id":"https:\/\/campingmall.azdigi.shop\/#website","url":"https:\/\/campingmall.azdigi.shop\/","name":"CAMPING MALL","description":"","potentialAction":[{"@type":"SearchAction","target":{"@type":"EntryPoint","urlTemplate":"https:\/\/campingmall.azdigi.shop\/?s={search_term_string}"},"query-input":{"@type":"PropertyValueSpecification","valueRequired":true,"valueName":"search_term_string"}}],"inLanguage":"vi"}]}},"_links":{"self":[{"href":"https:\/\/campingmall.azdigi.shop\/index.php?rest_route=\/wp\/v2\/product\/250","targetHints":{"allow":["GET"]}}],"collection":[{"href":"https:\/\/campingmall.azdigi.shop\/index.php?rest_route=\/wp\/v2\/product"}],"about":[{"href":"https:\/\/campingmall.azdigi.shop\/index.php?rest_route=\/wp\/v2\/types\/product"}],"replies":[{"embeddable":true,"href":"https:\/\/campingmall.azdigi.shop\/index.php?rest_route=%2Fwp%2Fv2%2Fcomments&post=250"}],"wp:featuredmedia":[{"embeddable":true,"href":"https:\/\/campingmall.azdigi.shop\/index.php?rest_route=\/wp\/v2\/media\/274"}],"wp:attachment":[{"href":"https:\/\/campingmall.azdigi.shop\/index.php?rest_route=%2Fwp%2Fv2%2Fmedia&parent=250"}],"wp:term":[{"taxonomy":"product_brand","embeddable":true,"href":"https:\/\/campingmall.azdigi.shop\/index.php?rest_route=%2Fwp%2Fv2%2Fproduct_brand&post=250"},{"taxonomy":"product_cat","embeddable":true,"href":"https:\/\/campingmall.azdigi.shop\/index.php?rest_route=%2Fwp%2Fv2%2Fproduct_cat&post=250"},{"taxonomy":"product_tag","embeddable":true,"href":"https:\/\/campingmall.azdigi.shop\/index.php?rest_route=%2Fwp%2Fv2%2Fproduct_tag&post=250"}],"curies":[{"name":"wp","href":"https:\/\/api.w.org\/{rel}","templated":true}]}}