{"id":247,"date":"2026-04-04T02:37:57","date_gmt":"2026-04-04T02:37:57","guid":{"rendered":"https:\/\/campingmall.azdigi.shop\/?post_type=product&#038;p=247"},"modified":"2026-04-10T12:23:42","modified_gmt":"2026-04-10T12:23:42","slug":"leu-trekking-2-nguoi-naturehike-star-river","status":"publish","type":"product","link":"https:\/\/campingmall.azdigi.shop\/?product=leu-trekking-2-nguoi-naturehike-star-river","title":{"rendered":"L\u1ec1u Trekking 2 ng\u01b0\u1eddi Naturehike Star River Ultralight NH17T012-T"},"content":{"rendered":"<h1 data-section-id=\"yiicye\" data-start=\"93\" data-end=\"192\"><span style=\"font-size: 115%;\">L\u1ec1u Trekking 2 Ng\u01b0\u1eddi Naturehike Star River Ultralight NH17T012-T \u2013 Nh\u1eb9, g\u1ecdn, t\u1ed1i \u01b0u cho d\u00e2n ph\u01b0\u1ee3t<\/span><\/h1>\n<p data-start=\"279\" data-end=\"543\"><span style=\"font-size: 115%;\">N\u1ebfu b\u1ea1n \u0111ang t\u00ecm m\u1ed9t chi\u1ebfc l\u1ec1u nh\u1eb9, d\u1ec5 mang theo cho nh\u1eefng chuy\u1ebfn trekking ho\u1eb7c leo n\u00fai, <strong data-start=\"368\" data-end=\"436\">L\u1ec1u trekking 2 ng\u01b0\u1eddi Naturehike Star River Ultralight NH17T012-T<\/strong> l\u00e0 l\u1ef1a ch\u1ecdn c\u1ef1c k\u1ef3 l\u00fd t\u01b0\u1edfng. Thi\u1ebft k\u1ebf ultralight gi\u00fap gi\u1ea3m t\u1ea3i h\u00e0nh l\u00fd nh\u01b0ng v\u1eabn \u0111\u1ea3m b\u1ea3o \u0111\u1ea7y \u0111\u1ee7 ti\u1ec7n nghi.<\/span><\/p>\n<h2 data-section-id=\"131uope\" data-start=\"550\" data-end=\"594\"><span style=\"font-size: 115%;\">Thi\u1ebft k\u1ebf ultralight \u2013 T\u1ed1i \u01b0u cho trekking<\/span><\/h2>\n<p data-start=\"596\" data-end=\"635\"><span style=\"font-size: 115%;\">\u0110i\u1ec3m n\u1ed5i b\u1eadt c\u1ee7a Naturehike Star River:<\/span><\/p>\n<ul data-start=\"637\" data-end=\"735\">\n<li data-section-id=\"1wc32fa\" data-start=\"637\" data-end=\"661\"><span style=\"font-size: 115%;\">Tr\u1ecdng l\u01b0\u1ee3ng si\u00eau nh\u1eb9<\/span><\/li>\n<li data-section-id=\"1je58pe\" data-start=\"662\" data-end=\"698\"><span style=\"font-size: 115%;\">D\u1ec5 g\u1ea5p g\u1ecdn, ti\u1ebft ki\u1ec7m kh\u00f4ng gian<\/span><\/li>\n<li data-section-id=\"1jk6zp5\" data-start=\"699\" data-end=\"735\"><span style=\"font-size: 115%;\">Ph\u00f9 h\u1ee3p mang theo balo \u0111\u01b0\u1eddng d\u00e0i<\/span><\/li>\n<\/ul>\n<p data-start=\"737\" data-end=\"776\"><span style=\"font-size: 115%;\">\ud83d\udc49 Gi\u1ea3m t\u1ea3i t\u1ed1i \u0111a khi di chuy\u1ec3n nhi\u1ec1u.<\/span><\/p>\n<h2 data-section-id=\"75uaw1\" data-start=\"783\" data-end=\"808\"><span style=\"font-size: 115%;\">Kh\u00f4ng gian cho 2 ng\u01b0\u1eddi<\/span><\/h2>\n<ul data-start=\"810\" data-end=\"904\">\n<li data-section-id=\"1ro99v1\" data-start=\"810\" data-end=\"830\"><span style=\"font-size: 115%;\">S\u1ee9c ch\u1ee9a 2 ng\u01b0\u1eddi<\/span><\/li>\n<li data-section-id=\"1dd1scu\" data-start=\"831\" data-end=\"870\"><span style=\"font-size: 115%;\">Kh\u00f4ng gian v\u1eeba \u0111\u1ee7, t\u1ed1i \u01b0u di\u1ec7n t\u00edch<\/span><\/li>\n<li data-section-id=\"1he0h3s\" data-start=\"871\" data-end=\"904\"><span style=\"font-size: 115%;\">Ph\u00f9 h\u1ee3p c\u1eb7p \u0111\u00f4i ho\u1eb7c nh\u00f3m nh\u1ecf<\/span><\/li>\n<\/ul>\n<p data-start=\"906\" data-end=\"944\"><span style=\"font-size: 115%;\">\ud83d\udc49 C\u00e2n b\u1eb1ng gi\u1eefa g\u1ecdn nh\u1eb9 v\u00e0 ti\u1ec7n nghi.<\/span><\/p>\n<h2 data-section-id=\"1bxydhg\" data-start=\"951\" data-end=\"973\"><span style=\"font-size: 115%;\">Ch\u1ed1ng n\u01b0\u1edbc hi\u1ec7u qu\u1ea3<\/span><\/h2>\n<ul data-start=\"975\" data-end=\"1096\">\n<li data-section-id=\"g44rgg\" data-start=\"975\" data-end=\"1008\"><span style=\"font-size: 115%;\">V\u1ea3i ch\u1ed1ng n\u01b0\u1edbc ch\u1ea5t l\u01b0\u1ee3ng cao<\/span><\/li>\n<li data-section-id=\"wm6cai\" data-start=\"1009\" data-end=\"1044\"><span style=\"font-size: 115%;\">S\u1eed d\u1ee5ng t\u1ed1t khi m\u01b0a nh\u1eb9 \u0111\u1ebfn v\u1eeba<\/span><\/li>\n<li data-section-id=\"12dke2n\" data-start=\"1045\" data-end=\"1096\"><span style=\"font-size: 115%;\">B\u1ea3o v\u1ec7 ng\u01b0\u1eddi d\u00f9ng trong \u0111i\u1ec1u ki\u1ec7n th\u1eddi ti\u1ebft x\u1ea5u<\/span><\/li>\n<\/ul>\n<p data-start=\"1098\" data-end=\"1133\"><span style=\"font-size: 115%;\">\ud83d\udc49 Y\u00ean t\u00e2m khi trekking nhi\u1ec1u ng\u00e0y.<\/span><\/p>\n<h2 data-section-id=\"1omkugp\" data-start=\"1140\" data-end=\"1168\"><span style=\"font-size: 115%;\">Thi\u1ebft k\u1ebf 2 l\u1edbp th\u00f4ng minh<\/span><\/h2>\n<ul data-start=\"1170\" data-end=\"1245\">\n<li data-section-id=\"3yisa\" data-start=\"1170\" data-end=\"1194\"><span style=\"font-size: 115%;\">L\u1edbp trong tho\u00e1ng kh\u00ed<\/span><\/li>\n<li data-section-id=\"1rgk8bz\" data-start=\"1195\" data-end=\"1218\"><span style=\"font-size: 115%;\">L\u1edbp ngo\u00e0i ch\u1ed1ng m\u01b0a<\/span><\/li>\n<li data-section-id=\"1u2h773\" data-start=\"1219\" data-end=\"1245\"><span style=\"font-size: 115%;\">Gi\u1ea3m ng\u01b0ng t\u1ee5 h\u01a1i n\u01b0\u1edbc<\/span><\/li>\n<\/ul>\n<p data-start=\"1247\" data-end=\"1284\"><span style=\"font-size: 115%;\">\ud83d\udc49 T\u0103ng \u0111\u1ed9 tho\u1ea3i m\u00e1i khi ng\u1ee7 qua \u0111\u00eam.<\/span><\/p>\n<h2 data-section-id=\"z4q8tc\" data-start=\"1291\" data-end=\"1321\"><span style=\"font-size: 115%;\">Tho\u00e1ng kh\u00ed, ch\u1ed1ng c\u00f4n tr\u00f9ng<\/span><\/h2>\n<ul data-start=\"1323\" data-end=\"1387\">\n<li data-section-id=\"1wey3wz\" data-start=\"1323\" data-end=\"1342\"><span style=\"font-size: 115%;\">L\u01b0\u1edbi ch\u1ed1ng mu\u1ed7i<\/span><\/li>\n<li data-section-id=\"hkgf6p\" data-start=\"1343\" data-end=\"1370\"><span style=\"font-size: 115%;\">L\u01b0u th\u00f4ng kh\u00f4ng kh\u00ed t\u1ed1t<\/span><\/li>\n<li data-section-id=\"bjbo8j\" data-start=\"1371\" data-end=\"1387\"><span style=\"font-size: 115%;\">Gi\u1ea3m b\u00ed n\u00f3ng<\/span><\/li>\n<\/ul>\n<p data-start=\"1389\" data-end=\"1421\"><span style=\"font-size: 115%;\">\ud83d\udc49 Ph\u00f9 h\u1ee3p m\u00f4i tr\u01b0\u1eddng r\u1eebng, n\u00fai.<\/span><\/p>\n<h2 data-section-id=\"yaj04m\" data-start=\"1428\" data-end=\"1455\"><span style=\"font-size: 115%;\">Khung ch\u1eafc ch\u1eafn, d\u1ec5 d\u1ef1ng<\/span><\/h2>\n<ul data-start=\"1457\" data-end=\"1535\">\n<li data-section-id=\"i4rhme\" data-start=\"1457\" data-end=\"1480\"><span style=\"font-size: 115%;\">Khung nh\u00f4m nh\u1eb9, b\u1ec1n<\/span><\/li>\n<li data-section-id=\"1go0uak\" data-start=\"1481\" data-end=\"1508\"><span style=\"font-size: 115%;\">D\u1ef1ng nhanh, d\u1ec5 thao t\u00e1c<\/span><\/li>\n<li data-section-id=\"42gni5\" data-start=\"1509\" data-end=\"1535\"><span style=\"font-size: 115%;\">1\u20132 ng\u01b0\u1eddi c\u00f3 th\u1ec3 setup<\/span><\/li>\n<\/ul>\n<p data-start=\"1537\" data-end=\"1572\"><span style=\"font-size: 115%;\">\ud83d\udc49 Ti\u1ec7n l\u1ee3i cho ng\u01b0\u1eddi m\u1edbi trekking.<\/span><\/p>\n<h2 data-section-id=\"o84wxs\" data-start=\"1579\" data-end=\"1603\"><span style=\"font-size: 115%;\">G\u1ecdn nh\u1eb9, d\u1ec5 mang theo<\/span><\/h2>\n<ul data-start=\"1605\" data-end=\"1677\">\n<li data-section-id=\"qb045c\" data-start=\"1605\" data-end=\"1627\"><span style=\"font-size: 115%;\">C\u00f3 t\u00fai \u0111\u1ef1ng \u0111i k\u00e8m<\/span><\/li>\n<li data-section-id=\"1xt8sp3\" data-start=\"1628\" data-end=\"1648\"><span style=\"font-size: 115%;\">G\u1ea5p g\u1ecdn v\u00e0o balo<\/span><\/li>\n<li data-section-id=\"4s6jdj\" data-start=\"1649\" data-end=\"1677\"><span style=\"font-size: 115%;\">Ph\u00f9 h\u1ee3p trekking, hiking<\/span><\/li>\n<\/ul>\n<p data-start=\"1679\" data-end=\"1715\"><span style=\"font-size: 115%;\">\ud83d\udc49 \u0110\u1ed3ng h\u00e0nh trong m\u1ecdi chuy\u1ebfn \u0111i xa.<\/span><\/p>\n<h2 data-section-id=\"dykl6b\" data-start=\"1722\" data-end=\"1752\"><span style=\"font-size: 115%;\">Ph\u00f9 h\u1ee3p cho nhi\u1ec1u ho\u1ea1t \u0111\u1ed9ng<\/span><\/h2>\n<p data-start=\"1754\" data-end=\"1790\"><span style=\"font-size: 115%;\">Naturehike Star River th\u00edch h\u1ee3p cho:<\/span><\/p>\n<ul data-start=\"1792\" data-end=\"1856\">\n<li data-section-id=\"14pfd7x\" data-start=\"1792\" data-end=\"1812\"><span style=\"font-size: 115%;\">Trekking, hiking<\/span><\/li>\n<li data-section-id=\"39ppoz\" data-start=\"1813\" data-end=\"1824\"><span style=\"font-size: 115%;\">Leo n\u00fai<\/span><\/li>\n<li data-section-id=\"16c7jd4\" data-start=\"1825\" data-end=\"1840\"><span style=\"font-size: 115%;\">Camping nh\u1eb9<\/span><\/li>\n<li data-section-id=\"q3psmz\" data-start=\"1841\" data-end=\"1856\"><span style=\"font-size: 115%;\">Du l\u1ecbch b\u1ee5i<\/span><\/li>\n<\/ul>\n<p data-start=\"1858\" data-end=\"1901\"><span style=\"font-size: 115%;\">\ud83d\udc49 M\u1ed9t chi\u1ebfc l\u1ec1u \u201cmust-have\u201d cho d\u00e2n ph\u01b0\u1ee3t.<\/span><\/p>\n<h2 data-section-id=\"h62u6f\" data-start=\"1908\" data-end=\"1949\"><span style=\"font-size: 115%;\">V\u00ec sao n\u00ean ch\u1ecdn Naturehike Star River?<\/span><\/h2>\n<ul data-start=\"1951\" data-end=\"2039\">\n<li data-section-id=\"qxa6lo\" data-start=\"1951\" data-end=\"1977\"><span style=\"font-size: 115%;\">Si\u00eau nh\u1eb9, d\u1ec5 mang theo<\/span><\/li>\n<li data-section-id=\"1vhi79\" data-start=\"1978\" data-end=\"2005\"><span style=\"font-size: 115%;\">Thi\u1ebft k\u1ebf 2 l\u1edbp ti\u1ec7n l\u1ee3i<\/span><\/li>\n<li data-section-id=\"1fhsrf0\" data-start=\"2006\" data-end=\"2024\"><span style=\"font-size: 115%;\">Ch\u1ed1ng n\u01b0\u1edbc t\u1ed1t<\/span><\/li>\n<li data-section-id=\"12e9mz1\" data-start=\"2025\" data-end=\"2039\"><span style=\"font-size: 115%;\">Gi\u00e1 h\u1ee3p l\u00fd<\/span><\/li>\n<\/ul>\n<h2 data-section-id=\"11x5u5b\" data-start=\"2046\" data-end=\"2057\"><span style=\"font-size: 115%;\">K\u1ebft lu\u1eadn<\/span><\/h2>\n<p data-start=\"2059\" data-end=\"2232\"><span style=\"font-size: 115%;\"><strong data-start=\"2059\" data-end=\"2127\">L\u1ec1u trekking 2 ng\u01b0\u1eddi Naturehike Star River Ultralight NH17T012-T<\/strong> l\u00e0 l\u1ef1a ch\u1ecdn ho\u00e0n h\u1ea3o cho nh\u1eefng ai c\u1ea7n m\u1ed9t chi\u1ebfc l\u1ec1u <strong data-start=\"2180\" data-end=\"2204\">nh\u1eb9 \u2013 g\u1ecdn \u2013 ti\u1ec7n l\u1ee3i<\/strong> cho c\u00e1c chuy\u1ebfn \u0111i d\u00e0i ng\u00e0y.<\/span><\/p>\n<p data-start=\"2234\" data-end=\"2311\"><span style=\"font-size: 115%;\">\ud83d\udc49 N\u1ebfu b\u1ea1n \u01b0u ti\u00ean t\u00ednh di \u0111\u1ed9ng v\u00e0 hi\u1ec7u qu\u1ea3, \u0111\u00e2y l\u00e0 s\u1ea3n ph\u1ea9m r\u1ea5t \u0111\u00e1ng \u0111\u1ea7u t\u01b0.<\/span><\/p>\n","protected":false},"excerpt":{"rendered":"<p>L\u1ec1u Trekking 2 Ng\u01b0\u1eddi Naturehike Star River Ultralight NH17T012-T \u2013 Nh\u1eb9, g\u1ecdn, t\u1ed1i \u01b0u cho d\u00e2n ph\u01b0\u1ee3t N\u1ebfu b\u1ea1n \u0111ang t\u00ecm m\u1ed9t chi\u1ebfc l\u1ec1u nh\u1eb9, d\u1ec5 mang theo cho nh\u1eefng chuy\u1ebfn trekking ho\u1eb7c leo n\u00fai, L\u1ec1u trekking 2 ng\u01b0\u1eddi Naturehike Star River Ultralight NH17T012-T l\u00e0 l\u1ef1a ch\u1ecdn c\u1ef1c k\u1ef3 l\u00fd t\u01b0\u1edfng. Thi\u1ebft k\u1ebf ultralight gi\u00fap [&#8230;]\n","protected":false},"featured_media":248,"comment_status":"open","ping_status":"closed","template":"","meta":[],"product_brand":[],"product_cat":[20],"product_tag":[],"class_list":{"0":"post-247","1":"product","2":"type-product","3":"status-publish","4":"has-post-thumbnail","6":"product_cat-leu-tien-dung","8":"first","9":"instock","10":"shipping-taxable","11":"purchasable","12":"product-type-variable"},"yoast_head":"<!-- This site is optimized with the Yoast SEO plugin v27.2 - https:\/\/yoast.com\/product\/yoast-seo-wordpress\/ -->\n<title>L\u1ec1u Trekking 2 ng\u01b0\u1eddi Naturehike Star River Ultralight NH17T012-T - CAMPING MALL<\/title>\n<meta name=\"description\" content=\"L\u1ec1u trekking 2 ng\u01b0\u1eddi Naturehike Star River si\u00eau nh\u1eb9, ch\u1ed1ng n\u01b0\u1edbc t\u1ed1t, d\u1ec5 mang theo, ph\u00f9 h\u1ee3p leo n\u00fai, hiking v\u00e0 camping.\" \/>\n<meta name=\"robots\" content=\"noindex, follow, max-snippet:-1, max-image-preview:large, max-video-preview:-1\" \/>\n<meta property=\"og:locale\" content=\"vi_VN\" \/>\n<meta property=\"og:type\" content=\"article\" \/>\n<meta property=\"og:title\" content=\"L\u1ec1u Trekking 2 ng\u01b0\u1eddi Naturehike Star River Ultralight NH17T012-T - CAMPING MALL\" \/>\n<meta property=\"og:description\" content=\"L\u1ec1u trekking 2 ng\u01b0\u1eddi Naturehike Star River si\u00eau nh\u1eb9, ch\u1ed1ng n\u01b0\u1edbc t\u1ed1t, d\u1ec5 mang theo, ph\u00f9 h\u1ee3p leo n\u00fai, hiking v\u00e0 camping.\" \/>\n<meta property=\"og:url\" content=\"https:\/\/campingmall.azdigi.shop\/?product=leu-trekking-2-nguoi-naturehike-star-river\" \/>\n<meta property=\"og:site_name\" content=\"CAMPING MALL\" \/>\n<meta property=\"article:modified_time\" content=\"2026-04-10T12:23:42+00:00\" \/>\n<meta property=\"og:image\" content=\"https:\/\/campingmall.azdigi.shop\/wp-content\/uploads\/2026\/04\/leu-2-nguoi-sieu-nhe-naturehike-nh17t012-t_1__a95d4bf6c9fb40129126ba45c848517c_1024x1024.jpg\" \/>\n\t<meta property=\"og:image:width\" content=\"595\" \/>\n\t<meta property=\"og:image:height\" content=\"1024\" \/>\n\t<meta property=\"og:image:type\" content=\"image\/jpeg\" \/>\n<meta name=\"twitter:card\" content=\"summary_large_image\" \/>\n<meta name=\"twitter:label1\" content=\"\u01af\u1edbc t\u00ednh th\u1eddi gian \u0111\u1ecdc\" \/>\n\t<meta name=\"twitter:data1\" content=\"3 ph\u00fat\" \/>\n<script type=\"application\/ld+json\" class=\"yoast-schema-graph\">{\"@context\":\"https:\/\/schema.org\",\"@graph\":[{\"@type\":\"WebPage\",\"@id\":\"https:\/\/campingmall.azdigi.shop\/?product=leu-trekking-2-nguoi-naturehike-star-river\",\"url\":\"https:\/\/campingmall.azdigi.shop\/?product=leu-trekking-2-nguoi-naturehike-star-river\",\"name\":\"L\u1ec1u Trekking 2 ng\u01b0\u1eddi Naturehike Star River Ultralight NH17T012-T - CAMPING MALL\",\"isPartOf\":{\"@id\":\"https:\/\/campingmall.azdigi.shop\/#website\"},\"primaryImageOfPage\":{\"@id\":\"https:\/\/campingmall.azdigi.shop\/?product=leu-trekking-2-nguoi-naturehike-star-river#primaryimage\"},\"image\":{\"@id\":\"https:\/\/campingmall.azdigi.shop\/?product=leu-trekking-2-nguoi-naturehike-star-river#primaryimage\"},\"thumbnailUrl\":\"https:\/\/campingmall.azdigi.shop\/wp-content\/uploads\/2026\/04\/leu-2-nguoi-sieu-nhe-naturehike-nh17t012-t_1__a95d4bf6c9fb40129126ba45c848517c_1024x1024.jpg\",\"datePublished\":\"2026-04-04T02:37:57+00:00\",\"dateModified\":\"2026-04-10T12:23:42+00:00\",\"description\":\"L\u1ec1u trekking 2 ng\u01b0\u1eddi Naturehike Star River si\u00eau nh\u1eb9, ch\u1ed1ng n\u01b0\u1edbc t\u1ed1t, d\u1ec5 mang theo, ph\u00f9 h\u1ee3p leo n\u00fai, hiking v\u00e0 camping.\",\"breadcrumb\":{\"@id\":\"https:\/\/campingmall.azdigi.shop\/?product=leu-trekking-2-nguoi-naturehike-star-river#breadcrumb\"},\"inLanguage\":\"vi\",\"potentialAction\":[{\"@type\":\"ReadAction\",\"target\":[\"https:\/\/campingmall.azdigi.shop\/?product=leu-trekking-2-nguoi-naturehike-star-river\"]}]},{\"@type\":\"ImageObject\",\"inLanguage\":\"vi\",\"@id\":\"https:\/\/campingmall.azdigi.shop\/?product=leu-trekking-2-nguoi-naturehike-star-river#primaryimage\",\"url\":\"https:\/\/campingmall.azdigi.shop\/wp-content\/uploads\/2026\/04\/leu-2-nguoi-sieu-nhe-naturehike-nh17t012-t_1__a95d4bf6c9fb40129126ba45c848517c_1024x1024.jpg\",\"contentUrl\":\"https:\/\/campingmall.azdigi.shop\/wp-content\/uploads\/2026\/04\/leu-2-nguoi-sieu-nhe-naturehike-nh17t012-t_1__a95d4bf6c9fb40129126ba45c848517c_1024x1024.jpg\",\"width\":595,\"height\":1024},{\"@type\":\"BreadcrumbList\",\"@id\":\"https:\/\/campingmall.azdigi.shop\/?product=leu-trekking-2-nguoi-naturehike-star-river#breadcrumb\",\"itemListElement\":[{\"@type\":\"ListItem\",\"position\":1,\"name\":\"Trang ch\u1ee7\",\"item\":\"https:\/\/campingmall.azdigi.shop\/\"},{\"@type\":\"ListItem\",\"position\":2,\"name\":\"C\u1eeda h\u00e0ng\",\"item\":\"https:\/\/campingmall.azdigi.shop\/?page_id=123\"},{\"@type\":\"ListItem\",\"position\":3,\"name\":\"L\u1ec1u Trekking 2 ng\u01b0\u1eddi Naturehike Star River Ultralight NH17T012-T\"}]},{\"@type\":\"WebSite\",\"@id\":\"https:\/\/campingmall.azdigi.shop\/#website\",\"url\":\"https:\/\/campingmall.azdigi.shop\/\",\"name\":\"CAMPING MALL\",\"description\":\"\",\"potentialAction\":[{\"@type\":\"SearchAction\",\"target\":{\"@type\":\"EntryPoint\",\"urlTemplate\":\"https:\/\/campingmall.azdigi.shop\/?s={search_term_string}\"},\"query-input\":{\"@type\":\"PropertyValueSpecification\",\"valueRequired\":true,\"valueName\":\"search_term_string\"}}],\"inLanguage\":\"vi\"}]}<\/script>\n<!-- \/ Yoast SEO plugin. -->","yoast_head_json":{"title":"L\u1ec1u Trekking 2 ng\u01b0\u1eddi Naturehike Star River Ultralight NH17T012-T - CAMPING MALL","description":"L\u1ec1u trekking 2 ng\u01b0\u1eddi Naturehike Star River si\u00eau nh\u1eb9, ch\u1ed1ng n\u01b0\u1edbc t\u1ed1t, d\u1ec5 mang theo, ph\u00f9 h\u1ee3p leo n\u00fai, hiking v\u00e0 camping.","robots":{"index":"noindex","follow":"follow","max-snippet":"max-snippet:-1","max-image-preview":"max-image-preview:large","max-video-preview":"max-video-preview:-1"},"og_locale":"vi_VN","og_type":"article","og_title":"L\u1ec1u Trekking 2 ng\u01b0\u1eddi Naturehike Star River Ultralight NH17T012-T - CAMPING MALL","og_description":"L\u1ec1u trekking 2 ng\u01b0\u1eddi Naturehike Star River si\u00eau nh\u1eb9, ch\u1ed1ng n\u01b0\u1edbc t\u1ed1t, d\u1ec5 mang theo, ph\u00f9 h\u1ee3p leo n\u00fai, hiking v\u00e0 camping.","og_url":"https:\/\/campingmall.azdigi.shop\/?product=leu-trekking-2-nguoi-naturehike-star-river","og_site_name":"CAMPING MALL","article_modified_time":"2026-04-10T12:23:42+00:00","og_image":[{"width":595,"height":1024,"url":"https:\/\/campingmall.azdigi.shop\/wp-content\/uploads\/2026\/04\/leu-2-nguoi-sieu-nhe-naturehike-nh17t012-t_1__a95d4bf6c9fb40129126ba45c848517c_1024x1024.jpg","type":"image\/jpeg"}],"twitter_card":"summary_large_image","twitter_misc":{"\u01af\u1edbc t\u00ednh th\u1eddi gian \u0111\u1ecdc":"3 ph\u00fat"},"schema":{"@context":"https:\/\/schema.org","@graph":[{"@type":"WebPage","@id":"https:\/\/campingmall.azdigi.shop\/?product=leu-trekking-2-nguoi-naturehike-star-river","url":"https:\/\/campingmall.azdigi.shop\/?product=leu-trekking-2-nguoi-naturehike-star-river","name":"L\u1ec1u Trekking 2 ng\u01b0\u1eddi Naturehike Star River Ultralight NH17T012-T - CAMPING MALL","isPartOf":{"@id":"https:\/\/campingmall.azdigi.shop\/#website"},"primaryImageOfPage":{"@id":"https:\/\/campingmall.azdigi.shop\/?product=leu-trekking-2-nguoi-naturehike-star-river#primaryimage"},"image":{"@id":"https:\/\/campingmall.azdigi.shop\/?product=leu-trekking-2-nguoi-naturehike-star-river#primaryimage"},"thumbnailUrl":"https:\/\/campingmall.azdigi.shop\/wp-content\/uploads\/2026\/04\/leu-2-nguoi-sieu-nhe-naturehike-nh17t012-t_1__a95d4bf6c9fb40129126ba45c848517c_1024x1024.jpg","datePublished":"2026-04-04T02:37:57+00:00","dateModified":"2026-04-10T12:23:42+00:00","description":"L\u1ec1u trekking 2 ng\u01b0\u1eddi Naturehike Star River si\u00eau nh\u1eb9, ch\u1ed1ng n\u01b0\u1edbc t\u1ed1t, d\u1ec5 mang theo, ph\u00f9 h\u1ee3p leo n\u00fai, hiking v\u00e0 camping.","breadcrumb":{"@id":"https:\/\/campingmall.azdigi.shop\/?product=leu-trekking-2-nguoi-naturehike-star-river#breadcrumb"},"inLanguage":"vi","potentialAction":[{"@type":"ReadAction","target":["https:\/\/campingmall.azdigi.shop\/?product=leu-trekking-2-nguoi-naturehike-star-river"]}]},{"@type":"ImageObject","inLanguage":"vi","@id":"https:\/\/campingmall.azdigi.shop\/?product=leu-trekking-2-nguoi-naturehike-star-river#primaryimage","url":"https:\/\/campingmall.azdigi.shop\/wp-content\/uploads\/2026\/04\/leu-2-nguoi-sieu-nhe-naturehike-nh17t012-t_1__a95d4bf6c9fb40129126ba45c848517c_1024x1024.jpg","contentUrl":"https:\/\/campingmall.azdigi.shop\/wp-content\/uploads\/2026\/04\/leu-2-nguoi-sieu-nhe-naturehike-nh17t012-t_1__a95d4bf6c9fb40129126ba45c848517c_1024x1024.jpg","width":595,"height":1024},{"@type":"BreadcrumbList","@id":"https:\/\/campingmall.azdigi.shop\/?product=leu-trekking-2-nguoi-naturehike-star-river#breadcrumb","itemListElement":[{"@type":"ListItem","position":1,"name":"Trang ch\u1ee7","item":"https:\/\/campingmall.azdigi.shop\/"},{"@type":"ListItem","position":2,"name":"C\u1eeda h\u00e0ng","item":"https:\/\/campingmall.azdigi.shop\/?page_id=123"},{"@type":"ListItem","position":3,"name":"L\u1ec1u Trekking 2 ng\u01b0\u1eddi Naturehike Star River Ultralight NH17T012-T"}]},{"@type":"WebSite","@id":"https:\/\/campingmall.azdigi.shop\/#website","url":"https:\/\/campingmall.azdigi.shop\/","name":"CAMPING MALL","description":"","potentialAction":[{"@type":"SearchAction","target":{"@type":"EntryPoint","urlTemplate":"https:\/\/campingmall.azdigi.shop\/?s={search_term_string}"},"query-input":{"@type":"PropertyValueSpecification","valueRequired":true,"valueName":"search_term_string"}}],"inLanguage":"vi"}]}},"_links":{"self":[{"href":"https:\/\/campingmall.azdigi.shop\/index.php?rest_route=\/wp\/v2\/product\/247","targetHints":{"allow":["GET"]}}],"collection":[{"href":"https:\/\/campingmall.azdigi.shop\/index.php?rest_route=\/wp\/v2\/product"}],"about":[{"href":"https:\/\/campingmall.azdigi.shop\/index.php?rest_route=\/wp\/v2\/types\/product"}],"replies":[{"embeddable":true,"href":"https:\/\/campingmall.azdigi.shop\/index.php?rest_route=%2Fwp%2Fv2%2Fcomments&post=247"}],"wp:featuredmedia":[{"embeddable":true,"href":"https:\/\/campingmall.azdigi.shop\/index.php?rest_route=\/wp\/v2\/media\/248"}],"wp:attachment":[{"href":"https:\/\/campingmall.azdigi.shop\/index.php?rest_route=%2Fwp%2Fv2%2Fmedia&parent=247"}],"wp:term":[{"taxonomy":"product_brand","embeddable":true,"href":"https:\/\/campingmall.azdigi.shop\/index.php?rest_route=%2Fwp%2Fv2%2Fproduct_brand&post=247"},{"taxonomy":"product_cat","embeddable":true,"href":"https:\/\/campingmall.azdigi.shop\/index.php?rest_route=%2Fwp%2Fv2%2Fproduct_cat&post=247"},{"taxonomy":"product_tag","embeddable":true,"href":"https:\/\/campingmall.azdigi.shop\/index.php?rest_route=%2Fwp%2Fv2%2Fproduct_tag&post=247"}],"curies":[{"name":"wp","href":"https:\/\/api.w.org\/{rel}","templated":true}]}}